{"id":9565,"date":"2026-04-25T13:09:36","date_gmt":"2026-04-25T13:09:36","guid":{"rendered":"https:\/\/anopri.com\/?post_type=product&#038;p=9565"},"modified":"2026-04-25T13:09:50","modified_gmt":"2026-04-25T13:09:50","slug":"four-a-micro-onde-smart-inverter-lg-mh8265dis-42l-1200w","status":"publish","type":"product","link":"https:\/\/anopri.com\/?product=four-a-micro-onde-smart-inverter-lg-mh8265dis-42l-1200w","title":{"rendered":"Four \u00e0 Micro-onde &#8211; Smart Inverter LG &#8211; MH8265DIS &#8211; 42L &#8211; 1200W"},"content":{"rendered":"<p>Confectionn\u00e9 avec du m\u00e9tal, ce\u00a0<strong>four \u00e0 Micro &#8211; Onde<\/strong>\u00a0\u00e0 onduleur intelligent\u00a0<strong>Neo Chef<\/strong>\u00a0de marque\u00a0<strong>LG<\/strong>\u00a0et du mod\u00e8le MH8265DIS\u00a0est un appareil qui vous permettra de faire vos petites cuissons et vos r\u00e9chauff\u00e9s rapidement. Dot\u00e9 de la technologie intelligente d\u00e9velopp\u00e9e par\u00a0<strong>LG Neochef<\/strong>, ce micro-ondes offre une puissance unique pour r\u00e9chauffer et d\u00e9congeler les aliments de mani\u00e8re rapide et efficace, tout en le respectant. Cette technologie permet un contr\u00f4le de la puissance plus pr\u00e9cis pour une cuisson tout en douceur.<\/p>\n<h3>Gr\u00e2ce \u00e0 la puissance exceptionnelle de\u00a01200W\u00a0apport\u00e9e par la nouvelle gamme de\u00a0micro-ondes LG NeoChef\u00a0, b\u00e9n\u00e9ficiez d&#8217;une cuisson plus rapide qu&#8217;avec un micro-ondes conventionnel. Gagnez du temps tout en pr\u00e9servant les saveurs de vos aliments.<\/h3>\n","protected":false},"excerpt":{"rendered":"<ul>\n<li>Type de produit : Neochef Micro-ondes<\/li>\n<li>Marque : LG<\/li>\n<li>Mod\u00e8le : MH8265DIS<\/li>\n<li>Couleur: NOIR<\/li>\n<li>Smart inverter<\/li>\n<li>Cuisson par capteur<\/li>\n<li>Econaomique en energie<\/li>\n<li>Cisson automatique inteligent<\/li>\n<li>Chauffage uniforme\/Cuisson rapide<\/li>\n<li>Dimensions du produit : (LX H X P)544 x 307 x 458 mm<\/li>\n<li>Capacit\u00e9 : \u200e42 Litres<\/li>\n<li>Caract\u00e9ristiques : sp\u00e9ciales Lumi\u00e8re de cavit\u00e9 LED<\/li>\n<li>Puissance : \u200e1200 watts<\/li>\n<li>S\u00e9curit\u00e9 enfant<\/li>\n<li>D\u00e9marrage rapide<\/li>\n<li>Maintien de saveur<\/li>\n<\/ul>\n","protected":false},"featured_media":9610,"comment_status":"closed","ping_status":"closed","template":"","meta":{"_bst_post_transparent":"","_bst_post_title":"","_bst_post_layout":"","_bst_post_sidebar_id":"","_bst_post_content_style":"","_bst_post_vertical_padding":"","_bst_post_feature":"","_bst_post_feature_position":"","_bst_post_header":false,"_bst_post_footer":false},"product_brand":[],"product_cat":[145,154],"product_tag":[],"product_brands":[],"class_list":{"0":"post-9565","1":"product","2":"type-product","3":"status-publish","4":"has-post-thumbnail","6":"product_cat-electromenager","7":"product_cat-micro-onde-fours","9":"first","10":"instock","11":"shipping-taxable","12":"purchasable","13":"product-type-simple","14":"entry","15":"content-bg","16":"loop-entry"},"_links":{"self":[{"href":"https:\/\/anopri.com\/index.php?rest_route=\/wp\/v2\/product\/9565","targetHints":{"allow":["GET"]}}],"collection":[{"href":"https:\/\/anopri.com\/index.php?rest_route=\/wp\/v2\/product"}],"about":[{"href":"https:\/\/anopri.com\/index.php?rest_route=\/wp\/v2\/types\/product"}],"replies":[{"embeddable":true,"href":"https:\/\/anopri.com\/index.php?rest_route=%2Fwp%2Fv2%2Fcomments&post=9565"}],"wp:featuredmedia":[{"embeddable":true,"href":"https:\/\/anopri.com\/index.php?rest_route=\/wp\/v2\/media\/9610"}],"wp:attachment":[{"href":"https:\/\/anopri.com\/index.php?rest_route=%2Fwp%2Fv2%2Fmedia&parent=9565"}],"wp:term":[{"taxonomy":"product_brand","embeddable":true,"href":"https:\/\/anopri.com\/index.php?rest_route=%2Fwp%2Fv2%2Fproduct_brand&post=9565"},{"taxonomy":"product_cat","embeddable":true,"href":"https:\/\/anopri.com\/index.php?rest_route=%2Fwp%2Fv2%2Fproduct_cat&post=9565"},{"taxonomy":"product_tag","embeddable":true,"href":"https:\/\/anopri.com\/index.php?rest_route=%2Fwp%2Fv2%2Fproduct_tag&post=9565"},{"taxonomy":"product_brands","embeddable":true,"href":"https:\/\/anopri.com\/index.php?rest_route=%2Fwp%2Fv2%2Fproduct_brands&post=9565"}],"curies":[{"name":"wp","href":"https:\/\/api.w.org\/{rel}","templated":true}]}}