{"id":9559,"date":"2026-04-25T13:09:35","date_gmt":"2026-04-25T13:09:35","guid":{"rendered":"https:\/\/anopri.com\/?post_type=product&#038;p=9559"},"modified":"2026-04-25T13:09:45","modified_gmt":"2026-04-25T13:09:45","slug":"tv-smart-lg-70-pouces-uhd-4k-70ut80006la","status":"publish","type":"product","link":"https:\/\/anopri.com\/?product=tv-smart-lg-70-pouces-uhd-4k-70ut80006la","title":{"rendered":"TV SMART LG 70 pouces &#8211; UHD 4K &#8211; 70UT80006LA"},"content":{"rendered":"<ul class=\"a-unordered-list a-vertical a-spacing-mini\">\n<li class=\"a-spacing-mini\"><span class=\"a-list-item\"><span dir=\"auto\">L&#8217;Ultra HD donne \u00e0 chaque couleur une vivacit\u00e9 \u00e9clatante. Admirez des images d&#8217;une nettet\u00e9 cristalline, d&#8217;un r\u00e9alisme saisissant.<\/span><\/span><\/li>\n<li class=\"a-spacing-mini\"><span class=\"a-list-item\"><span dir=\"auto\">Le nouvel emballage utilise une impression monochrome et une bo\u00eete recyclable.<\/span><\/span><\/li>\n<li class=\"a-spacing-mini\"><span class=\"a-list-item\"><span dir=\"auto\">Le t\u00e9l\u00e9viseur LG UHD avec HDR10 Pro offre des niveaux de luminosit\u00e9 optimis\u00e9s pour des couleurs \u00e9clatantes et des d\u00e9tails remarquables.<\/span><\/span><\/li>\n<li class=\"a-spacing-mini\"><span class=\"a-list-item\"><span dir=\"auto\">Le t\u00e9l\u00e9viseur LG UHD r\u00e9volutionne le confort d&#8217;utilisation gr\u00e2ce \u00e0 sa compatibilit\u00e9 avec Amazon Alexa, Apple AirPlay, HomeKit et Matter. Contr\u00f4lez facilement vos appareils connect\u00e9s et acc\u00e9dez \u00e0 des informations quasi instantan\u00e9ment par la voix.<\/span><\/span><\/li>\n<\/ul>\n","protected":false},"excerpt":{"rendered":"<ul data-start=\"2170\" data-end=\"2820\">\n<li data-start=\"2170\" data-end=\"2211\">\n<p data-start=\"2172\" data-end=\"2211\"><strong data-start=\"2172\" data-end=\"2191\">Type de produit<\/strong>\u00a0: Smart TV UHD 4K<\/p>\n<\/li>\n<li data-start=\"2212\" data-end=\"2254\">\n<p data-start=\"2214\" data-end=\"2254\"><strong data-start=\"2214\" data-end=\"2233\">Marque \/ Mod\u00e8le<\/strong>\u00a0: LG \u2013 70UT80006LA<\/p>\n<\/li>\n<li data-start=\"2255\" data-end=\"2298\">\n<p data-start=\"2257\" data-end=\"2298\"><strong data-start=\"2257\" data-end=\"2275\">Taille d\u2019\u00e9cran<\/strong>\u00a0: 70 pouces (177 cm)<\/p>\n<\/li>\n<li data-start=\"2299\" data-end=\"2343\">\n<p data-start=\"2301\" data-end=\"2343\"><strong data-start=\"2301\" data-end=\"2315\">R\u00e9solution<\/strong>\u00a0: UHD 4K (3840 \u00d7 2160 px)<\/p>\n<\/li>\n<li data-start=\"2344\" data-end=\"2412\">\n<p data-start=\"2346\" data-end=\"2412\"><strong data-start=\"2346\" data-end=\"2370\">Technologies d\u2019image<\/strong>\u00a0: HDR10 Pro, FILMMAKER MODE, HGiG, ALLM<\/p>\n<\/li>\n<li data-start=\"2413\" data-end=\"2447\">\n<p data-start=\"2415\" data-end=\"2447\"><strong data-start=\"2415\" data-end=\"2429\">Processeur<\/strong>\u00a0: \u03b15 AI 4K Gen7<\/p>\n<\/li>\n<li data-start=\"2448\" data-end=\"2500\">\n<p data-start=\"2450\" data-end=\"2500\"><strong data-start=\"2450\" data-end=\"2457\">Son<\/strong>\u00a0: AI Sound Pro, AI Acoustic Tuning, eARC<\/p>\n<\/li>\n<li data-start=\"2501\" data-end=\"2590\">\n<p data-start=\"2503\" data-end=\"2590\"><strong data-start=\"2503\" data-end=\"2529\">Syst\u00e8me d\u2019exploitation<\/strong>\u00a0: webOS24 (Programme Re:New \u2013 4 ans de mises \u00e0 jour sur 5)<\/p>\n<\/li>\n<li data-start=\"2591\" data-end=\"2654\">\n<p data-start=\"2593\" data-end=\"2654\"><strong data-start=\"2593\" data-end=\"2619\">Fonctionnalit\u00e9s gaming<\/strong>\u00a0: Game Optimizer, Game Dashboard<\/p>\n<\/li>\n<li data-start=\"2655\" data-end=\"2698\">\n<p data-start=\"2657\" data-end=\"2698\"><strong data-start=\"2657\" data-end=\"2673\">T\u00e9l\u00e9commande<\/strong>\u00a0: Magic Remote incluse (pointeur, molette, commande vocale, raccourcis)<\/p>\n<\/li>\n<li data-start=\"2699\" data-end=\"2749\">\n<p data-start=\"2701\" data-end=\"2749\"><strong data-start=\"2701\" data-end=\"2717\">Connectivit\u00e9<\/strong>\u00a0: HDMI, USB, Wi-Fi, Bluetooth<\/p>\n<\/li>\n<li data-start=\"2750\" data-end=\"2793\">\n<p data-start=\"2752\" data-end=\"2793\"><strong data-start=\"2752\" data-end=\"2762\">Design<\/strong>\u00a0: cadre extra-fin et \u00e9l\u00e9gant<\/p>\n<\/li>\n<\/ul>\n","protected":false},"featured_media":9596,"comment_status":"closed","ping_status":"closed","template":"","meta":{"_bst_post_transparent":"","_bst_post_title":"","_bst_post_layout":"","_bst_post_sidebar_id":"","_bst_post_content_style":"","_bst_post_vertical_padding":"","_bst_post_feature":"","_bst_post_feature_position":"","_bst_post_header":false,"_bst_post_footer":false},"product_brand":[],"product_cat":[145,143,144],"product_tag":[],"product_brands":[],"class_list":{"0":"post-9559","1":"product","2":"type-product","3":"status-publish","4":"has-post-thumbnail","6":"product_cat-electromenager","7":"product_cat-television","8":"product_cat-televisions-smart","10":"first","11":"instock","12":"shipping-taxable","13":"purchasable","14":"product-type-simple","15":"entry","16":"content-bg","17":"loop-entry"},"_links":{"self":[{"href":"https:\/\/anopri.com\/index.php?rest_route=\/wp\/v2\/product\/9559","targetHints":{"allow":["GET"]}}],"collection":[{"href":"https:\/\/anopri.com\/index.php?rest_route=\/wp\/v2\/product"}],"about":[{"href":"https:\/\/anopri.com\/index.php?rest_route=\/wp\/v2\/types\/product"}],"replies":[{"embeddable":true,"href":"https:\/\/anopri.com\/index.php?rest_route=%2Fwp%2Fv2%2Fcomments&post=9559"}],"wp:featuredmedia":[{"embeddable":true,"href":"https:\/\/anopri.com\/index.php?rest_route=\/wp\/v2\/media\/9596"}],"wp:attachment":[{"href":"https:\/\/anopri.com\/index.php?rest_route=%2Fwp%2Fv2%2Fmedia&parent=9559"}],"wp:term":[{"taxonomy":"product_brand","embeddable":true,"href":"https:\/\/anopri.com\/index.php?rest_route=%2Fwp%2Fv2%2Fproduct_brand&post=9559"},{"taxonomy":"product_cat","embeddable":true,"href":"https:\/\/anopri.com\/index.php?rest_route=%2Fwp%2Fv2%2Fproduct_cat&post=9559"},{"taxonomy":"product_tag","embeddable":true,"href":"https:\/\/anopri.com\/index.php?rest_route=%2Fwp%2Fv2%2Fproduct_tag&post=9559"},{"taxonomy":"product_brands","embeddable":true,"href":"https:\/\/anopri.com\/index.php?rest_route=%2Fwp%2Fv2%2Fproduct_brands&post=9559"}],"curies":[{"name":"wp","href":"https:\/\/api.w.org\/{rel}","templated":true}]}}