{"id":9510,"date":"2026-04-25T13:09:13","date_gmt":"2026-04-25T13:09:13","guid":{"rendered":"https:\/\/anopri.com\/?post_type=product&#038;p=9510"},"modified":"2026-04-25T13:09:41","modified_gmt":"2026-04-25T13:09:41","slug":"tv-smart-lg-43-full-hd-43lr60006la","status":"publish","type":"product","link":"https:\/\/anopri.com\/?product=tv-smart-lg-43-full-hd-43lr60006la","title":{"rendered":"TV Smart LG 43&#8243; Full HD &#8211; 43LR60006LA"},"content":{"rendered":"<ul class=\"feature-list on\">\n<li>Des couleurs naturelles et dynamiques gr\u00e2ce \u00e0 un \u00e9cran HD<\/li>\n<li>Des images sublimes et r\u00e9alistes gr\u00e2ce au Processeur alpha 5 AI de 6e g\u00e9n\u00e9ration<\/li>\n<li>Une exp\u00e9rience cin\u00e9matographique immersive \u00e0 la maison avec HDR 10 Pro<\/li>\n<li>Une exp\u00e9rience de jeu am\u00e9lior\u00e9e gr\u00e2ce \u00e0 Game Dashboard et Optimizer<\/li>\n<\/ul>\n","protected":false},"excerpt":{"rendered":"<p>T\u00e9l\u00e9viseur LG 43 led smart tv 43LR60006LA<\/p>\n<p>Type de produit : Tv Led<\/p>\n<p>Type d\u2019affichage : Led<\/p>\n<p>Diagonale de l\u2019\u00e9cran (cm \/ pouce) : 109 cm \/ 43 pouces<\/p>\n<p>Dimensions sans pied (L\/H\/P) : 96.8 cm \/ 55.8 cm \/ 6.8 cm<\/p>\n<p>R\u00e9solution de l\u2019image: Full HD<\/p>\n<p>Ultra HD Premium: Non<\/p>\n<p>Syst\u00e8me d\u2019exploitation : webOS<\/p>\n<p>Processeur:\u00a0 Quad core<\/p>\n<p>Intelligence artificielle : Full AI<\/p>\n<p>R\u00e9solution (pixels):\u00a0 1920 x 1080<\/p>\n","protected":false},"featured_media":9584,"comment_status":"closed","ping_status":"closed","template":"","meta":{"_bst_post_transparent":"","_bst_post_title":"","_bst_post_layout":"","_bst_post_sidebar_id":"","_bst_post_content_style":"","_bst_post_vertical_padding":"","_bst_post_feature":"","_bst_post_feature_position":"","_bst_post_header":false,"_bst_post_footer":false},"product_brand":[],"product_cat":[145,135,143,144],"product_tag":[],"product_brands":[],"class_list":{"0":"post-9510","1":"product","2":"type-product","3":"status-publish","4":"has-post-thumbnail","6":"product_cat-electromenager","7":"product_cat-smart-tv","8":"product_cat-television","9":"product_cat-televisions-smart","11":"first","12":"instock","13":"shipping-taxable","14":"purchasable","15":"product-type-simple","16":"entry","17":"content-bg","18":"loop-entry"},"_links":{"self":[{"href":"https:\/\/anopri.com\/index.php?rest_route=\/wp\/v2\/product\/9510","targetHints":{"allow":["GET"]}}],"collection":[{"href":"https:\/\/anopri.com\/index.php?rest_route=\/wp\/v2\/product"}],"about":[{"href":"https:\/\/anopri.com\/index.php?rest_route=\/wp\/v2\/types\/product"}],"replies":[{"embeddable":true,"href":"https:\/\/anopri.com\/index.php?rest_route=%2Fwp%2Fv2%2Fcomments&post=9510"}],"wp:featuredmedia":[{"embeddable":true,"href":"https:\/\/anopri.com\/index.php?rest_route=\/wp\/v2\/media\/9584"}],"wp:attachment":[{"href":"https:\/\/anopri.com\/index.php?rest_route=%2Fwp%2Fv2%2Fmedia&parent=9510"}],"wp:term":[{"taxonomy":"product_brand","embeddable":true,"href":"https:\/\/anopri.com\/index.php?rest_route=%2Fwp%2Fv2%2Fproduct_brand&post=9510"},{"taxonomy":"product_cat","embeddable":true,"href":"https:\/\/anopri.com\/index.php?rest_route=%2Fwp%2Fv2%2Fproduct_cat&post=9510"},{"taxonomy":"product_tag","embeddable":true,"href":"https:\/\/anopri.com\/index.php?rest_route=%2Fwp%2Fv2%2Fproduct_tag&post=9510"},{"taxonomy":"product_brands","embeddable":true,"href":"https:\/\/anopri.com\/index.php?rest_route=%2Fwp%2Fv2%2Fproduct_brands&post=9510"}],"curies":[{"name":"wp","href":"https:\/\/api.w.org\/{rel}","templated":true}]}}