{"id":9504,"date":"2026-04-25T13:09:13","date_gmt":"2026-04-25T13:09:13","guid":{"rendered":"https:\/\/anopri.com\/?post_type=product&#038;p=9504"},"modified":"2026-04-25T13:09:37","modified_gmt":"2026-04-25T13:09:37","slug":"refrigerateur-tcl-207l-f210tm","status":"publish","type":"product","link":"https:\/\/anopri.com\/?product=refrigerateur-tcl-207l-f210tm","title":{"rendered":"REFRIGERATEUR TCL &#8211; 207L &#8211; F210TM"},"content":{"rendered":"","protected":false},"excerpt":{"rendered":"<ul>\n<li>Contr\u00f4le pr\u00e9cis de la temp\u00e9rature<\/li>\n<li>Lumi\u00e8re LED<\/li>\n<li>Faible bruit<\/li>\n<li>\u00c9tag\u00e8res en verre<\/li>\n<li>Pieds r\u00e9glables<\/li>\n<li>Int\u00e9rieur bleu \u00e9l\u00e9gant<\/li>\n<li>Contr\u00f4le m\u00e9canique<\/li>\n<li>Dimensions (L x H x P cm) 54,5*144*55<\/li>\n<li>Couleur Gris<\/li>\n<li>Mod\u00e8le de produit F210TM<\/li>\n<li>Classe \u00e9nerg\u00e9tique A+, A++<\/li>\n<li>Capacit\u00e9 du r\u00e9frig\u00e9rateur (L) 167<\/li>\n<li>Capacit\u00e9 nette (L) 207<\/li>\n<li>Capacit\u00e9 du cong\u00e9lateur (L) 40<\/li>\n<li>Style climatique ST<\/li>\n<\/ul>\n","protected":false},"featured_media":9577,"comment_status":"closed","ping_status":"closed","template":"","meta":{"_bst_post_transparent":"","_bst_post_title":"","_bst_post_layout":"","_bst_post_sidebar_id":"","_bst_post_content_style":"","_bst_post_vertical_padding":"","_bst_post_feature":"","_bst_post_feature_position":"","_bst_post_header":false,"_bst_post_footer":false},"product_brand":[],"product_cat":[145,141,157],"product_tag":[],"product_brands":[],"class_list":{"0":"post-9504","1":"product","2":"type-product","3":"status-publish","4":"has-post-thumbnail","6":"product_cat-electromenager","7":"product_cat-produits-du-moment","8":"product_cat-refrigerateur","10":"first","11":"instock","12":"shipping-taxable","13":"purchasable","14":"product-type-simple","15":"entry","16":"content-bg","17":"loop-entry"},"_links":{"self":[{"href":"https:\/\/anopri.com\/index.php?rest_route=\/wp\/v2\/product\/9504","targetHints":{"allow":["GET"]}}],"collection":[{"href":"https:\/\/anopri.com\/index.php?rest_route=\/wp\/v2\/product"}],"about":[{"href":"https:\/\/anopri.com\/index.php?rest_route=\/wp\/v2\/types\/product"}],"replies":[{"embeddable":true,"href":"https:\/\/anopri.com\/index.php?rest_route=%2Fwp%2Fv2%2Fcomments&post=9504"}],"wp:featuredmedia":[{"embeddable":true,"href":"https:\/\/anopri.com\/index.php?rest_route=\/wp\/v2\/media\/9577"}],"wp:attachment":[{"href":"https:\/\/anopri.com\/index.php?rest_route=%2Fwp%2Fv2%2Fmedia&parent=9504"}],"wp:term":[{"taxonomy":"product_brand","embeddable":true,"href":"https:\/\/anopri.com\/index.php?rest_route=%2Fwp%2Fv2%2Fproduct_brand&post=9504"},{"taxonomy":"product_cat","embeddable":true,"href":"https:\/\/anopri.com\/index.php?rest_route=%2Fwp%2Fv2%2Fproduct_cat&post=9504"},{"taxonomy":"product_tag","embeddable":true,"href":"https:\/\/anopri.com\/index.php?rest_route=%2Fwp%2Fv2%2Fproduct_tag&post=9504"},{"taxonomy":"product_brands","embeddable":true,"href":"https:\/\/anopri.com\/index.php?rest_route=%2Fwp%2Fv2%2Fproduct_brands&post=9504"}],"curies":[{"name":"wp","href":"https:\/\/api.w.org\/{rel}","templated":true}]}}