{"id":9503,"date":"2026-04-25T13:09:13","date_gmt":"2026-04-25T13:09:13","guid":{"rendered":"https:\/\/anopri.com\/?post_type=product&#038;p=9503"},"modified":"2026-04-25T13:09:33","modified_gmt":"2026-04-25T13:09:33","slug":"refrigerateur-tcl-113l-f118tm","status":"publish","type":"product","link":"https:\/\/anopri.com\/?product=refrigerateur-tcl-113l-f118tm","title":{"rendered":"REFRIGERATEUR TCL- 113L &#8211; F118TM"},"content":{"rendered":"<p data-start=\"2402\" data-end=\"2778\"><span dir=\"auto\">Compact, \u00e9l\u00e9gant et performant, le r\u00e9frig\u00e9rateur TCL F153TM de 113 litres est la solution id\u00e9ale pour les personnes seules, les petites familles ou ceux qui recherchent un espace de stockage suppl\u00e9mentaire pour les boissons et les aliments p\u00e9rissables. Ce r\u00e9frig\u00e9rateur \u00e0 deux portes allie un design moderne et des fonctionnalit\u00e9s pratiques, parfaitement adapt\u00e9es aux espaces r\u00e9duits.<\/span><\/p>\n<p data-start=\"2780\" data-end=\"3081\"><span dir=\"auto\">Avec une capacit\u00e9 de 113 litres, le r\u00e9frig\u00e9rateur F153TM offre un espace id\u00e9al pour conserver aliments frais, boissons et en-cas. Ses compartiments int\u00e9rieurs comprennent des clayettes en verre r\u00e9glables, un bac \u00e0 l\u00e9gumes, un grand porte-bouteilles et un compartiment cong\u00e9lateur.<\/span><\/p>\n","protected":false},"excerpt":{"rendered":"<ul data-start=\"3761\" data-end=\"4011\">\n<li data-start=\"3761\" data-end=\"3784\">\n<p data-start=\"3763\" data-end=\"3784\"><span dir=\"auto\">Capacit\u00e9 totale de 113 litres<\/span><\/p>\n<\/li>\n<li data-start=\"3785\" data-end=\"3815\">\n<p data-start=\"3787\" data-end=\"3815\"><span dir=\"auto\">Conception compacte \u00e0 double porte<\/span><\/p>\n<\/li>\n<li data-start=\"3816\" data-end=\"3847\">\n<p data-start=\"3818\" data-end=\"3847\"><span dir=\"auto\">Compresseur \u00e9co\u00e9nerg\u00e9tique<\/span><\/p>\n<\/li>\n<li data-start=\"3848\" data-end=\"3886\">\n<p data-start=\"3850\" data-end=\"3886\"><span dir=\"auto\">\u00c9tag\u00e8res r\u00e9glables et bac \u00e0 l\u00e9gumes<\/span><\/p>\n<\/li>\n<li data-start=\"3887\" data-end=\"3919\">\n<p data-start=\"3889\" data-end=\"3919\"><span dir=\"auto\">Compartiment cong\u00e9lateur interne<\/span><\/p>\n<\/li>\n<li data-start=\"3920\" data-end=\"3940\">\n<p data-start=\"3922\" data-end=\"3940\"><span dir=\"auto\">Fonctionnement silencieux<\/span><\/p>\n<\/li>\n<li data-start=\"3941\" data-end=\"3966\">\n<p data-start=\"3943\" data-end=\"3966\"><span dir=\"auto\">joint antibact\u00e9rien<\/span><\/p>\n<\/li>\n<li data-start=\"3967\" data-end=\"3989\">\n<p data-start=\"3969\" data-end=\"3989\"><span dir=\"auto\">\u00c9clairage int\u00e9rieur LED<\/span><\/p>\n<\/li>\n<li data-start=\"3990\" data-end=\"4011\">\n<p data-start=\"3992\" data-end=\"4011\"><span dir=\"auto\">Finition argent\u00e9e \u00e9l\u00e9gante<\/span><\/p>\n<\/li>\n<\/ul>\n","protected":false},"featured_media":9555,"comment_status":"closed","ping_status":"closed","template":"","meta":{"_bst_post_transparent":"","_bst_post_title":"","_bst_post_layout":"","_bst_post_sidebar_id":"","_bst_post_content_style":"","_bst_post_vertical_padding":"","_bst_post_feature":"","_bst_post_feature_position":"","_bst_post_header":false,"_bst_post_footer":false},"product_brand":[],"product_cat":[145,157],"product_tag":[],"product_brands":[],"class_list":{"0":"post-9503","1":"product","2":"type-product","3":"status-publish","4":"has-post-thumbnail","6":"product_cat-electromenager","7":"product_cat-refrigerateur","9":"first","10":"instock","11":"shipping-taxable","12":"purchasable","13":"product-type-simple","14":"entry","15":"content-bg","16":"loop-entry"},"_links":{"self":[{"href":"https:\/\/anopri.com\/index.php?rest_route=\/wp\/v2\/product\/9503","targetHints":{"allow":["GET"]}}],"collection":[{"href":"https:\/\/anopri.com\/index.php?rest_route=\/wp\/v2\/product"}],"about":[{"href":"https:\/\/anopri.com\/index.php?rest_route=\/wp\/v2\/types\/product"}],"replies":[{"embeddable":true,"href":"https:\/\/anopri.com\/index.php?rest_route=%2Fwp%2Fv2%2Fcomments&post=9503"}],"wp:featuredmedia":[{"embeddable":true,"href":"https:\/\/anopri.com\/index.php?rest_route=\/wp\/v2\/media\/9555"}],"wp:attachment":[{"href":"https:\/\/anopri.com\/index.php?rest_route=%2Fwp%2Fv2%2Fmedia&parent=9503"}],"wp:term":[{"taxonomy":"product_brand","embeddable":true,"href":"https:\/\/anopri.com\/index.php?rest_route=%2Fwp%2Fv2%2Fproduct_brand&post=9503"},{"taxonomy":"product_cat","embeddable":true,"href":"https:\/\/anopri.com\/index.php?rest_route=%2Fwp%2Fv2%2Fproduct_cat&post=9503"},{"taxonomy":"product_tag","embeddable":true,"href":"https:\/\/anopri.com\/index.php?rest_route=%2Fwp%2Fv2%2Fproduct_tag&post=9503"},{"taxonomy":"product_brands","embeddable":true,"href":"https:\/\/anopri.com\/index.php?rest_route=%2Fwp%2Fv2%2Fproduct_brands&post=9503"}],"curies":[{"name":"wp","href":"https:\/\/api.w.org\/{rel}","templated":true}]}}