{"id":9502,"date":"2026-04-25T13:09:13","date_gmt":"2026-04-25T13:09:13","guid":{"rendered":"https:\/\/anopri.com\/?post_type=product&#038;p=9502"},"modified":"2026-04-25T13:09:32","modified_gmt":"2026-04-25T13:09:32","slug":"refroidisseur-dair-binatone-bac-201-80w-20l","status":"publish","type":"product","link":"https:\/\/anopri.com\/?product=refroidisseur-dair-binatone-bac-201-80w-20l","title":{"rendered":"Refroidisseur d\u2019air Binatone \u2013 BAC 201 \u201380w -20L"},"content":{"rendered":"<p>Le\u00a0<strong>refroidisseur d&#8217;air Binatone BAC-201<\/strong>\u00a0 et les\u00a0<strong>ventilateurs Binatone<\/strong>\u00a0sont moins cher,\u00a0id\u00e9ales \u00a0pour les maisons, les bureaux et les grandes surfaces. Ce sont des ventilateurs de grandes classes et \u00e0 haute efficacit\u00e9 avec des designs uniques qui allient \u00e9l\u00e9gance et durabilit\u00e9.\u00a0<strong>Binatone Air Cooler BAC-201<\/strong>\u00a0avec t\u00e9l\u00e9commande, livr\u00e9 avec un ioniseur, un r\u00e9glage \u00e0 3 vitesses et une oscillation automatique.<\/p>\n<p>Ce\u00a0<strong>refroidisseur d\u2019air pas cher\u00a0<\/strong>fournit de l\u2019air fort, il comprend une minuterie de 8 heures et une capacit\u00e9 de 20 litres de r\u00e9servoir d\u2019eau. Il fonctionne sur\u00a0<strong>85 watts<\/strong>\u00a0car il est portable et dispose de plusieurs modes de fonctionnement.<\/p>\n","protected":false},"excerpt":{"rendered":"<ul>\n<li><strong>Marque :<\/strong>\u00a0BINATONE<\/li>\n<li><strong>Type de produit :<\/strong>\u00a0Refroidisseur d&#8217;air<\/li>\n<li><strong>Mod\u00e8le :<\/strong>\u00a0BAC 201<\/li>\n<li><strong>T\u00e9l\u00e9commande :<\/strong>\u00a0Oui<\/li>\n<li><strong>Oscillation automatique<\/strong><\/li>\n<li><strong>3 r\u00e9glages de vitesse<\/strong><\/li>\n<li><strong>Divers modes de fonctionnement :<\/strong>\u00a0Nature \/ Sommeil \/ Normal<\/li>\n<li><strong>Puissance :<\/strong>\u00a085 Watts<\/li>\n<li><strong>Capacit\u00e9 du r\u00e9servoir d&#8217;eau 20L<\/strong><\/li>\n<li><strong>Roues \u00e0 roulettes multidirectionnelles<\/strong><\/li>\n<li><strong>Avec deux glaci\u00e8res<\/strong>\u00a0pour un refroidissement suppl\u00e9mentaire<\/li>\n<li><strong>Glaci\u00e8re :<\/strong>\u00a02<\/li>\n<li><strong>Vitesses :<\/strong>\u00a04<\/li>\n<li><strong>Capacit\u00e9 :<\/strong>\u00a020 litres<\/li>\n<li><strong>Minuterie :<\/strong>\u00a08 heures + mode veille<\/li>\n<\/ul>\n","protected":false},"featured_media":9552,"comment_status":"closed","ping_status":"closed","template":"","meta":{"_bst_post_transparent":"","_bst_post_title":"","_bst_post_layout":"","_bst_post_sidebar_id":"","_bst_post_content_style":"","_bst_post_vertical_padding":"","_bst_post_feature":"","_bst_post_feature_position":"","_bst_post_header":false,"_bst_post_footer":false},"product_brand":[],"product_cat":[145,158],"product_tag":[],"product_brands":[],"class_list":{"0":"post-9502","1":"product","2":"type-product","3":"status-publish","4":"has-post-thumbnail","6":"product_cat-electromenager","7":"product_cat-ventilateur","9":"first","10":"instock","11":"shipping-taxable","12":"purchasable","13":"product-type-simple","14":"entry","15":"content-bg","16":"loop-entry"},"_links":{"self":[{"href":"https:\/\/anopri.com\/index.php?rest_route=\/wp\/v2\/product\/9502","targetHints":{"allow":["GET"]}}],"collection":[{"href":"https:\/\/anopri.com\/index.php?rest_route=\/wp\/v2\/product"}],"about":[{"href":"https:\/\/anopri.com\/index.php?rest_route=\/wp\/v2\/types\/product"}],"replies":[{"embeddable":true,"href":"https:\/\/anopri.com\/index.php?rest_route=%2Fwp%2Fv2%2Fcomments&post=9502"}],"wp:featuredmedia":[{"embeddable":true,"href":"https:\/\/anopri.com\/index.php?rest_route=\/wp\/v2\/media\/9552"}],"wp:attachment":[{"href":"https:\/\/anopri.com\/index.php?rest_route=%2Fwp%2Fv2%2Fmedia&parent=9502"}],"wp:term":[{"taxonomy":"product_brand","embeddable":true,"href":"https:\/\/anopri.com\/index.php?rest_route=%2Fwp%2Fv2%2Fproduct_brand&post=9502"},{"taxonomy":"product_cat","embeddable":true,"href":"https:\/\/anopri.com\/index.php?rest_route=%2Fwp%2Fv2%2Fproduct_cat&post=9502"},{"taxonomy":"product_tag","embeddable":true,"href":"https:\/\/anopri.com\/index.php?rest_route=%2Fwp%2Fv2%2Fproduct_tag&post=9502"},{"taxonomy":"product_brands","embeddable":true,"href":"https:\/\/anopri.com\/index.php?rest_route=%2Fwp%2Fv2%2Fproduct_brands&post=9502"}],"curies":[{"name":"wp","href":"https:\/\/api.w.org\/{rel}","templated":true}]}}