{"id":9499,"date":"2026-04-25T13:09:12","date_gmt":"2026-04-25T13:09:12","guid":{"rendered":"https:\/\/anopri.com\/?post_type=product&#038;p=9499"},"modified":"2026-04-25T13:09:29","modified_gmt":"2026-04-25T13:09:29","slug":"barre-de-son-hisense-hs3100-480w","status":"publish","type":"product","link":"https:\/\/anopri.com\/?product=barre-de-son-hisense-hs3100-480w","title":{"rendered":"Barre de son Hisense HS3100- 480W"},"content":{"rendered":"<p>La HS3100 est la barre de son 3.1CH, id\u00e9ale pour am\u00e9liorer le son de votre TV et \u00e9couter ses musiques pr\u00e9f\u00e9r\u00e9es gr\u00e2ce \u00e0 la compatibilit\u00e9 Bluetooth. Sa taille (90 cm de largeur), son design minimaliste et sa connectique optimale fait d&#8217;elle le partenaire parfait de votre TV.<\/p>\n","protected":false},"excerpt":{"rendered":"<p><strong>Type de produits<\/strong>: Barre de son<\/p>\n<p><strong>Mod\u00e8le\u00a0<\/strong>: HS3100<\/p>\n<p><strong>Syst\u00e8me de canaux<\/strong>\u00a0: barre de son 3.1 CH<\/p>\n<p><strong>Puissance de sortie totale\u00a0<\/strong>: 480 W<\/p>\n<p><strong>Type de caisson de basse\u00a0<\/strong>: Sans fil<\/p>\n<p><strong>Dolby Atmos<\/strong>\u00a0: Oui<\/p>\n","protected":false},"featured_media":9541,"comment_status":"closed","ping_status":"closed","template":"","meta":{"_bst_post_transparent":"","_bst_post_title":"","_bst_post_layout":"","_bst_post_sidebar_id":"","_bst_post_content_style":"","_bst_post_vertical_padding":"","_bst_post_feature":"","_bst_post_feature_position":"","_bst_post_header":false,"_bst_post_footer":false},"product_brand":[],"product_cat":[165,142],"product_tag":[],"product_brands":[],"class_list":{"0":"post-9499","1":"product","2":"type-product","3":"status-publish","4":"has-post-thumbnail","6":"product_cat-barre-de-son","7":"product_cat-electronique","9":"first","10":"instock","11":"sale","12":"shipping-taxable","13":"purchasable","14":"product-type-simple","15":"entry","16":"content-bg","17":"loop-entry"},"_links":{"self":[{"href":"https:\/\/anopri.com\/index.php?rest_route=\/wp\/v2\/product\/9499","targetHints":{"allow":["GET"]}}],"collection":[{"href":"https:\/\/anopri.com\/index.php?rest_route=\/wp\/v2\/product"}],"about":[{"href":"https:\/\/anopri.com\/index.php?rest_route=\/wp\/v2\/types\/product"}],"replies":[{"embeddable":true,"href":"https:\/\/anopri.com\/index.php?rest_route=%2Fwp%2Fv2%2Fcomments&post=9499"}],"wp:featuredmedia":[{"embeddable":true,"href":"https:\/\/anopri.com\/index.php?rest_route=\/wp\/v2\/media\/9541"}],"wp:attachment":[{"href":"https:\/\/anopri.com\/index.php?rest_route=%2Fwp%2Fv2%2Fmedia&parent=9499"}],"wp:term":[{"taxonomy":"product_brand","embeddable":true,"href":"https:\/\/anopri.com\/index.php?rest_route=%2Fwp%2Fv2%2Fproduct_brand&post=9499"},{"taxonomy":"product_cat","embeddable":true,"href":"https:\/\/anopri.com\/index.php?rest_route=%2Fwp%2Fv2%2Fproduct_cat&post=9499"},{"taxonomy":"product_tag","embeddable":true,"href":"https:\/\/anopri.com\/index.php?rest_route=%2Fwp%2Fv2%2Fproduct_tag&post=9499"},{"taxonomy":"product_brands","embeddable":true,"href":"https:\/\/anopri.com\/index.php?rest_route=%2Fwp%2Fv2%2Fproduct_brands&post=9499"}],"curies":[{"name":"wp","href":"https:\/\/api.w.org\/{rel}","templated":true}]}}