{"id":9497,"date":"2026-04-25T13:09:12","date_gmt":"2026-04-25T13:09:12","guid":{"rendered":"https:\/\/anopri.com\/?post_type=product&#038;p=9497"},"modified":"2026-04-25T13:09:28","modified_gmt":"2026-04-25T13:09:28","slug":"mixeur-plongeant-raf-784-4-lames-1600w","status":"publish","type":"product","link":"https:\/\/anopri.com\/?product=mixeur-plongeant-raf-784-4-lames-1600w","title":{"rendered":"Mixeur plongeant RAF.784 &#8211; 4 lames 1600W"},"content":{"rendered":"<p>Mixeur plongeant et mixeur Raf M\u00e9langez, mixez et mixez facilement et efficacement avec ce mixeur, qui r\u00e9volutionne la pr\u00e9paration de vos recettes pr\u00e9f\u00e9r\u00e9es. Il pr\u00e9sente une conception innovante, fonctionnelle, ergonomique et l\u00e9g\u00e8re pour une manipulation confortable. Il est facile \u00e0 nettoyer et \u00e0 entretenir.<\/p>\n","protected":false},"excerpt":{"rendered":"<ul class=\"coolboxpe-store-components-0-x-specsList\">\n<li class=\"coolboxpe-store-components-0-x-specItem\"><span dir=\"auto\">Type :\u00a0<\/span><span class=\"coolboxpe-store-components-0-x-specItemName\"><span dir=\"auto\">Mixeur plongeant<\/span><\/span><\/li>\n<li class=\"coolboxpe-store-components-0-x-specItem\"><span dir=\"auto\">Capacit\u00e9 :\u00a0<\/span><span class=\"coolboxpe-store-components-0-x-specItemName\"><span dir=\"auto\">0,5 litre<\/span><\/span><\/li>\n<li class=\"coolboxpe-store-components-0-x-specItem\"><span dir=\"auto\">Alimentation \u00e9lectrique :\u00a0<\/span><span class=\"coolboxpe-store-components-0-x-specItemName\"><span dir=\"auto\">\u00c9lectrique<\/span><\/span><\/li>\n<li class=\"coolboxpe-store-components-0-x-specItem\"><span dir=\"auto\">Puissance :\u00a0<\/span><span class=\"coolboxpe-store-components-0-x-specItemName\"><span dir=\"auto\">1600W<\/span><\/span><\/li>\n<li class=\"coolboxpe-store-components-0-x-specItem\"><span dir=\"auto\">Vitesses :\u00a0<\/span><span class=\"coolboxpe-store-components-0-x-specItemName\"><span dir=\"auto\">2<\/span><\/span><\/li>\n<li class=\"coolboxpe-store-components-0-x-specItem\"><span dir=\"auto\">Comprend :\u00a0<\/span><span class=\"coolboxpe-store-components-0-x-specItemName\"><span dir=\"auto\">Manuel d&#8217;utilisation et mixeur<\/span><\/span><\/li>\n<li class=\"coolboxpe-store-components-0-x-specItem\"><span dir=\"auto\">Recommandations d&#8217;utilisation :\u00a0<\/span><span class=\"coolboxpe-store-components-0-x-specItemName\"><span dir=\"auto\">Domestique<\/span><\/span><\/li>\n<li class=\"coolboxpe-store-components-0-x-specItem\"><span dir=\"auto\">Couleur :\u00a0<\/span><span class=\"coolboxpe-store-components-0-x-specItemName\"><span dir=\"auto\">Noir<\/span><\/span><\/li>\n<\/ul>\n","protected":false},"featured_media":9540,"comment_status":"closed","ping_status":"closed","template":"","meta":{"_bst_post_transparent":"","_bst_post_title":"","_bst_post_layout":"","_bst_post_sidebar_id":"","_bst_post_content_style":"","_bst_post_vertical_padding":"","_bst_post_feature":"","_bst_post_feature_position":"","_bst_post_header":false,"_bst_post_footer":false},"product_brand":[],"product_cat":[145,182],"product_tag":[],"product_brands":[],"class_list":{"0":"post-9497","1":"product","2":"type-product","3":"status-publish","4":"has-post-thumbnail","6":"product_cat-electromenager","7":"product_cat-mixeurs-blenders","9":"first","10":"instock","11":"shipping-taxable","12":"purchasable","13":"product-type-simple","14":"entry","15":"content-bg","16":"loop-entry"},"_links":{"self":[{"href":"https:\/\/anopri.com\/index.php?rest_route=\/wp\/v2\/product\/9497","targetHints":{"allow":["GET"]}}],"collection":[{"href":"https:\/\/anopri.com\/index.php?rest_route=\/wp\/v2\/product"}],"about":[{"href":"https:\/\/anopri.com\/index.php?rest_route=\/wp\/v2\/types\/product"}],"replies":[{"embeddable":true,"href":"https:\/\/anopri.com\/index.php?rest_route=%2Fwp%2Fv2%2Fcomments&post=9497"}],"wp:featuredmedia":[{"embeddable":true,"href":"https:\/\/anopri.com\/index.php?rest_route=\/wp\/v2\/media\/9540"}],"wp:attachment":[{"href":"https:\/\/anopri.com\/index.php?rest_route=%2Fwp%2Fv2%2Fmedia&parent=9497"}],"wp:term":[{"taxonomy":"product_brand","embeddable":true,"href":"https:\/\/anopri.com\/index.php?rest_route=%2Fwp%2Fv2%2Fproduct_brand&post=9497"},{"taxonomy":"product_cat","embeddable":true,"href":"https:\/\/anopri.com\/index.php?rest_route=%2Fwp%2Fv2%2Fproduct_cat&post=9497"},{"taxonomy":"product_tag","embeddable":true,"href":"https:\/\/anopri.com\/index.php?rest_route=%2Fwp%2Fv2%2Fproduct_tag&post=9497"},{"taxonomy":"product_brands","embeddable":true,"href":"https:\/\/anopri.com\/index.php?rest_route=%2Fwp%2Fv2%2Fproduct_brands&post=9497"}],"curies":[{"name":"wp","href":"https:\/\/api.w.org\/{rel}","templated":true}]}}