{"id":9495,"date":"2026-04-25T13:09:12","date_gmt":"2026-04-25T13:09:12","guid":{"rendered":"https:\/\/anopri.com\/?post_type=product&#038;p=9495"},"modified":"2026-04-25T13:09:27","modified_gmt":"2026-04-25T13:09:27","slug":"mini-machine-a-glacons-automatique-portable-raf-r-0305","status":"publish","type":"product","link":"https:\/\/anopri.com\/?product=mini-machine-a-glacons-automatique-portable-raf-r-0305","title":{"rendered":"Mini Machine \u00e0 Gla\u00e7ons Automatique Portable RAF- R.0305"},"content":{"rendered":"<p>Le <strong>RAF R.0305<\/strong> Automatique Portable\u00a0 propose une <span class=\"index_module_idAiSummary__content__p__bold__01115bb2\">production rapide de gla\u00e7ons en forme de balle<\/span>\u00a0avec une capacit\u00e9 de 30 \u00e0 40 kg\/24h, adapt\u00e9e \u00e0 une utilisation domestique. Il dispose d&#8217;un panneau de commande tactile, fonctionne sur 220-240V et est fabriqu\u00e9 en acier inoxydable durable.<\/p>\n","protected":false},"excerpt":{"rendered":"<p>Le RAF R.0305 Automatique Portable\u00a0 propose une production rapide de gla\u00e7ons en forme de balle\u00a0avec une capacit\u00e9 de 30 \u00e0 40 kg\/24h, adapt\u00e9e \u00e0 une utilisation domestique. Il dispose d&#8217;un panneau de commande tactile, fonctionne sur 220-240V et est fabriqu\u00e9 en acier inoxydable durable.<\/p>\n","protected":false},"featured_media":9537,"comment_status":"closed","ping_status":"closed","template":"","meta":{"_bst_post_transparent":"","_bst_post_title":"","_bst_post_layout":"","_bst_post_sidebar_id":"","_bst_post_content_style":"","_bst_post_vertical_padding":"","_bst_post_feature":"","_bst_post_feature_position":"","_bst_post_header":false,"_bst_post_footer":false},"product_brand":[],"product_cat":[185,145],"product_tag":[],"product_brands":[],"class_list":{"0":"post-9495","1":"product","2":"type-product","3":"status-publish","4":"has-post-thumbnail","6":"product_cat-articles-de-cuisine","7":"product_cat-electromenager","9":"first","10":"instock","11":"shipping-taxable","12":"purchasable","13":"product-type-simple","14":"entry","15":"content-bg","16":"loop-entry"},"_links":{"self":[{"href":"https:\/\/anopri.com\/index.php?rest_route=\/wp\/v2\/product\/9495","targetHints":{"allow":["GET"]}}],"collection":[{"href":"https:\/\/anopri.com\/index.php?rest_route=\/wp\/v2\/product"}],"about":[{"href":"https:\/\/anopri.com\/index.php?rest_route=\/wp\/v2\/types\/product"}],"replies":[{"embeddable":true,"href":"https:\/\/anopri.com\/index.php?rest_route=%2Fwp%2Fv2%2Fcomments&post=9495"}],"wp:featuredmedia":[{"embeddable":true,"href":"https:\/\/anopri.com\/index.php?rest_route=\/wp\/v2\/media\/9537"}],"wp:attachment":[{"href":"https:\/\/anopri.com\/index.php?rest_route=%2Fwp%2Fv2%2Fmedia&parent=9495"}],"wp:term":[{"taxonomy":"product_brand","embeddable":true,"href":"https:\/\/anopri.com\/index.php?rest_route=%2Fwp%2Fv2%2Fproduct_brand&post=9495"},{"taxonomy":"product_cat","embeddable":true,"href":"https:\/\/anopri.com\/index.php?rest_route=%2Fwp%2Fv2%2Fproduct_cat&post=9495"},{"taxonomy":"product_tag","embeddable":true,"href":"https:\/\/anopri.com\/index.php?rest_route=%2Fwp%2Fv2%2Fproduct_tag&post=9495"},{"taxonomy":"product_brands","embeddable":true,"href":"https:\/\/anopri.com\/index.php?rest_route=%2Fwp%2Fv2%2Fproduct_brands&post=9495"}],"curies":[{"name":"wp","href":"https:\/\/api.w.org\/{rel}","templated":true}]}}