{"id":9431,"date":"2026-04-25T13:08:53","date_gmt":"2026-04-25T13:08:53","guid":{"rendered":"https:\/\/anopri.com\/?post_type=product&#038;p=9431"},"modified":"2026-04-25T13:09:07","modified_gmt":"2026-04-25T13:09:07","slug":"ruban-en-teflon-pour-machine-a-sceller-sous-vide-10m","status":"publish","type":"product","link":"https:\/\/anopri.com\/?product=ruban-en-teflon-pour-machine-a-sceller-sous-vide-10m","title":{"rendered":"Ruban en T\u00e9flon pour Machine \u00e0 Sceller Sous Vide &#8211; 10m"},"content":{"rendered":"<ul class=\"a-unordered-list a-vertical a-spacing-mini\">\n<li class=\"a-spacing-mini\"><span class=\"a-list-item\">Ce ruban en fibre de verre offre la solution \u00e0 haute temp\u00e9rature, il est utilis\u00e9 dans l&#8217;emballage (thermoscellage, emballage r\u00e9tractable) comme surface de d\u00e9gagement r\u00e9sistante \u00e0 la chaleur plac\u00e9e sur des \u00e9l\u00e9ments chauffants et des barres de pression<\/span><\/li>\n<li class=\"a-spacing-mini\"><span class=\"a-list-item\">Tissu en fibre de verre rev\u00eatu de PTFE avec bandes adh\u00e9sives en silicone sensibles \u00e0 la pression offrant des propri\u00e9t\u00e9s de lib\u00e9ration sup\u00e9rieures et des surfaces antiadh\u00e9sives pour permettre aux machines et \u00e9quipements de fonctionner facilement et efficacement<\/span><\/li>\n<li class=\"a-spacing-mini\"><span class=\"a-list-item\">Ce ruban maintient une r\u00e9sistance aux hautes temp\u00e9ratures jusqu&#8217;\u00e0 250 \u00b0C, le rev\u00eatement PTFE offre une surface lisse, antiadh\u00e9sive, imperm\u00e9able \u00e0 l&#8217;eau<\/span><\/li>\n<li class=\"a-spacing-mini\"><span class=\"a-list-item\">Multifonction : scellant \u00e0 impulsion, machine \u00e0 sceller \u00e0 grande vitesse, emballage alimentaire, machine thermofusible, moteur, produits \u00e9lectriques haute et basse tension, protection d&#8217;isolation des fils et c\u00e2bles, machine \u00e0 coudre de fabrication de batterie, etc. Il est r\u00e9sistant aux hautes temp\u00e9ratures, r\u00e9sistant \u00e0 l&#8217;usure, \u00e0 la corrosion, antiadh\u00e9sif<\/span><\/li>\n<\/ul>\n","protected":false},"excerpt":{"rendered":"<p><strong>Comment installer le ruban adh\u00e9sif de rechange pour fonctionner avec ma machine ?<\/strong><br \/>\n1) Retirez simplement le ruban adh\u00e9sif de votre \u00e9l\u00e9ment chauffant actuel (assurez-vous de retirer les r\u00e9sidus de l&#8217;ancien ruban).<br \/>\n2) Coupez votre nouveau ruban adh\u00e9sif de rechange \u00e0 la bonne taille.<br \/>\n3) Placer sur l&#8217;\u00e9l\u00e9ment chauffant (sous l&#8217;\u00e9l\u00e9ment si vous l&#8217;utilisez pour un scellant \u00e0 impulsion). Lissez le ruban adh\u00e9sif avec votre doigt au fur et \u00e0 mesure que vous allez, pour garantir une bonne adh\u00e9rence.<\/p>\n","protected":false},"featured_media":9476,"comment_status":"closed","ping_status":"closed","template":"","meta":{"_bst_post_transparent":"","_bst_post_title":"","_bst_post_layout":"","_bst_post_sidebar_id":"","_bst_post_content_style":"","_bst_post_vertical_padding":"","_bst_post_feature":"","_bst_post_feature_position":"","_bst_post_header":false,"_bst_post_footer":false},"product_brand":[],"product_cat":[156,169],"product_tag":[],"product_brands":[],"class_list":{"0":"post-9431","1":"product","2":"type-product","3":"status-publish","4":"has-post-thumbnail","6":"product_cat-outillages-et-petits-materiels-a-main","7":"product_cat-ustensiles-gadgets-maison-et-bureau","9":"first","10":"instock","11":"shipping-taxable","12":"purchasable","13":"product-type-simple","14":"entry","15":"content-bg","16":"loop-entry"},"_links":{"self":[{"href":"https:\/\/anopri.com\/index.php?rest_route=\/wp\/v2\/product\/9431","targetHints":{"allow":["GET"]}}],"collection":[{"href":"https:\/\/anopri.com\/index.php?rest_route=\/wp\/v2\/product"}],"about":[{"href":"https:\/\/anopri.com\/index.php?rest_route=\/wp\/v2\/types\/product"}],"replies":[{"embeddable":true,"href":"https:\/\/anopri.com\/index.php?rest_route=%2Fwp%2Fv2%2Fcomments&post=9431"}],"wp:featuredmedia":[{"embeddable":true,"href":"https:\/\/anopri.com\/index.php?rest_route=\/wp\/v2\/media\/9476"}],"wp:attachment":[{"href":"https:\/\/anopri.com\/index.php?rest_route=%2Fwp%2Fv2%2Fmedia&parent=9431"}],"wp:term":[{"taxonomy":"product_brand","embeddable":true,"href":"https:\/\/anopri.com\/index.php?rest_route=%2Fwp%2Fv2%2Fproduct_brand&post=9431"},{"taxonomy":"product_cat","embeddable":true,"href":"https:\/\/anopri.com\/index.php?rest_route=%2Fwp%2Fv2%2Fproduct_cat&post=9431"},{"taxonomy":"product_tag","embeddable":true,"href":"https:\/\/anopri.com\/index.php?rest_route=%2Fwp%2Fv2%2Fproduct_tag&post=9431"},{"taxonomy":"product_brands","embeddable":true,"href":"https:\/\/anopri.com\/index.php?rest_route=%2Fwp%2Fv2%2Fproduct_brands&post=9431"}],"curies":[{"name":"wp","href":"https:\/\/api.w.org\/{rel}","templated":true}]}}