{"id":9426,"date":"2026-04-25T13:08:52","date_gmt":"2026-04-25T13:08:52","guid":{"rendered":"https:\/\/anopri.com\/?post_type=product&#038;p=9426"},"modified":"2026-04-25T13:10:17","modified_gmt":"2026-04-25T13:10:17","slug":"tapis-paris-haute-qualite","status":"publish","type":"product","link":"https:\/\/anopri.com\/?product=tapis-paris-haute-qualite","title":{"rendered":"Tapis Paris-Haute qualit\u00e9"},"content":{"rendered":"<p>Avec son graphisme sobre et tr\u00e8s tendance, il se glissera facilement dans tous les int\u00e9rieurs et apportera confort et chaleur au toucher ! Au pied du lit, du canap\u00e9 ou m\u00eame d&#8217;un bureau, le tapis\u00a0 trouvera sa place pour votre plus grand plaisir.<\/p>\n","protected":false},"excerpt":{"rendered":"<p>Avec son graphisme sobre et tr\u00e8s tendance, il se glissera facilement dans tous les int\u00e9rieurs et apportera confort et chaleur au toucher ! Au pied du lit, du canap\u00e9 ou m\u00eame d&#8217;un bureau, le tapis\u00a0 trouvera sa place pour votre plus grand plaisir.<\/p>\n","protected":false},"featured_media":9468,"comment_status":"closed","ping_status":"closed","template":"","meta":{"_bst_post_transparent":"","_bst_post_title":"","_bst_post_layout":"","_bst_post_sidebar_id":"","_bst_post_content_style":"","_bst_post_vertical_padding":"","_bst_post_feature":"","_bst_post_feature_position":"","_bst_post_header":false,"_bst_post_footer":false},"product_brand":[],"product_cat":[172,141,196],"product_tag":[],"product_brands":[],"class_list":{"0":"post-9426","1":"product","2":"type-product","3":"status-publish","4":"has-post-thumbnail","6":"product_cat-ameublement-decoration","7":"product_cat-produits-du-moment","8":"product_cat-tapis","10":"first","11":"instock","12":"shipping-taxable","13":"purchasable","14":"product-type-variable","15":"entry","16":"content-bg","17":"loop-entry"},"_links":{"self":[{"href":"https:\/\/anopri.com\/index.php?rest_route=\/wp\/v2\/product\/9426","targetHints":{"allow":["GET"]}}],"collection":[{"href":"https:\/\/anopri.com\/index.php?rest_route=\/wp\/v2\/product"}],"about":[{"href":"https:\/\/anopri.com\/index.php?rest_route=\/wp\/v2\/types\/product"}],"replies":[{"embeddable":true,"href":"https:\/\/anopri.com\/index.php?rest_route=%2Fwp%2Fv2%2Fcomments&post=9426"}],"wp:featuredmedia":[{"embeddable":true,"href":"https:\/\/anopri.com\/index.php?rest_route=\/wp\/v2\/media\/9468"}],"wp:attachment":[{"href":"https:\/\/anopri.com\/index.php?rest_route=%2Fwp%2Fv2%2Fmedia&parent=9426"}],"wp:term":[{"taxonomy":"product_brand","embeddable":true,"href":"https:\/\/anopri.com\/index.php?rest_route=%2Fwp%2Fv2%2Fproduct_brand&post=9426"},{"taxonomy":"product_cat","embeddable":true,"href":"https:\/\/anopri.com\/index.php?rest_route=%2Fwp%2Fv2%2Fproduct_cat&post=9426"},{"taxonomy":"product_tag","embeddable":true,"href":"https:\/\/anopri.com\/index.php?rest_route=%2Fwp%2Fv2%2Fproduct_tag&post=9426"},{"taxonomy":"product_brands","embeddable":true,"href":"https:\/\/anopri.com\/index.php?rest_route=%2Fwp%2Fv2%2Fproduct_brands&post=9426"}],"curies":[{"name":"wp","href":"https:\/\/api.w.org\/{rel}","templated":true}]}}