{"id":9425,"date":"2026-04-25T13:08:52","date_gmt":"2026-04-25T13:08:52","guid":{"rendered":"https:\/\/anopri.com\/?post_type=product&#038;p=9425"},"modified":"2026-04-25T13:09:03","modified_gmt":"2026-04-25T13:09:03","slug":"tapis-paris-haute-qualite-200x290-cm","status":"publish","type":"product","link":"https:\/\/anopri.com\/?product=tapis-paris-haute-qualite-200x290-cm","title":{"rendered":"Tapis Paris-Haute qualit\u00e9 &#8211; 200&#215;290 cm"},"content":{"rendered":"<p>Choisir un tapis est \u00e0 la fois une question de style, de couleur, d&#8217;esth\u00e9tique et de taille. Un tapis rend un pi\u00e8ce chaleureuse et accueillante tout en apportant une touche de confort pour vos pieds et une att\u00e9nuation du bruit pour une pi\u00e8ce encore plus agr\u00e9able.<\/p>\n<p>Id\u00e9al dans votre salon ou sous votre table de salle \u00e0 manger car sa surface plane facilite le d\u00e9placement des chaises et le passage de l&#8217;aspirateur.<\/p>\n","protected":false},"excerpt":{"rendered":"<p>Choisir un tapis est \u00e0 la fois une question de style, de couleur, d&#8217;esth\u00e9tique et de taille. Un tapis rend un pi\u00e8ce chaleureuse et accueillante tout en apportant une touche de confort pour vos pieds et une att\u00e9nuation du bruit pour une pi\u00e8ce encore plus agr\u00e9able. Id\u00e9al dans votre salon ou sous votre table de&#8230;<\/p>\n","protected":false},"featured_media":9464,"comment_status":"closed","ping_status":"closed","template":"","meta":{"_bst_post_transparent":"","_bst_post_title":"","_bst_post_layout":"","_bst_post_sidebar_id":"","_bst_post_content_style":"","_bst_post_vertical_padding":"","_bst_post_feature":"","_bst_post_feature_position":"","_bst_post_header":false,"_bst_post_footer":false},"product_brand":[],"product_cat":[172,141,196],"product_tag":[],"product_brands":[],"class_list":{"0":"post-9425","1":"product","2":"type-product","3":"status-publish","4":"has-post-thumbnail","6":"product_cat-ameublement-decoration","7":"product_cat-produits-du-moment","8":"product_cat-tapis","10":"first","11":"instock","12":"shipping-taxable","13":"purchasable","14":"product-type-simple","15":"entry","16":"content-bg","17":"loop-entry"},"_links":{"self":[{"href":"https:\/\/anopri.com\/index.php?rest_route=\/wp\/v2\/product\/9425","targetHints":{"allow":["GET"]}}],"collection":[{"href":"https:\/\/anopri.com\/index.php?rest_route=\/wp\/v2\/product"}],"about":[{"href":"https:\/\/anopri.com\/index.php?rest_route=\/wp\/v2\/types\/product"}],"replies":[{"embeddable":true,"href":"https:\/\/anopri.com\/index.php?rest_route=%2Fwp%2Fv2%2Fcomments&post=9425"}],"wp:featuredmedia":[{"embeddable":true,"href":"https:\/\/anopri.com\/index.php?rest_route=\/wp\/v2\/media\/9464"}],"wp:attachment":[{"href":"https:\/\/anopri.com\/index.php?rest_route=%2Fwp%2Fv2%2Fmedia&parent=9425"}],"wp:term":[{"taxonomy":"product_brand","embeddable":true,"href":"https:\/\/anopri.com\/index.php?rest_route=%2Fwp%2Fv2%2Fproduct_brand&post=9425"},{"taxonomy":"product_cat","embeddable":true,"href":"https:\/\/anopri.com\/index.php?rest_route=%2Fwp%2Fv2%2Fproduct_cat&post=9425"},{"taxonomy":"product_tag","embeddable":true,"href":"https:\/\/anopri.com\/index.php?rest_route=%2Fwp%2Fv2%2Fproduct_tag&post=9425"},{"taxonomy":"product_brands","embeddable":true,"href":"https:\/\/anopri.com\/index.php?rest_route=%2Fwp%2Fv2%2Fproduct_brands&post=9425"}],"curies":[{"name":"wp","href":"https:\/\/api.w.org\/{rel}","templated":true}]}}