{"id":9423,"date":"2026-04-25T13:08:52","date_gmt":"2026-04-25T13:08:52","guid":{"rendered":"https:\/\/anopri.com\/?post_type=product&#038;p=9423"},"modified":"2026-04-25T13:09:00","modified_gmt":"2026-04-25T13:09:00","slug":"parfum-smart-collection-n322-100-ml","status":"publish","type":"product","link":"https:\/\/anopri.com\/?product=parfum-smart-collection-n322-100-ml","title":{"rendered":"PARFUM Smart Collection n\u00b0322-100 ml"},"content":{"rendered":"<p><strong>\ud83c\udf1f Smart Collection N\u00b0322 \u2013 L\u2019audace au masculin \ud83c\udf1f<\/strong><\/p>\n<p>Plongez dans un univers o\u00f9 l\u2019\u00e9l\u00e9gance rencontre la modernit\u00e9. Inspir\u00e9 du c\u00e9l\u00e8bre 212 VIP Men de Carolina Herrera , le Smart Collection N\u00b0322 est un parfum oriental bois\u00e9 qui incarne le charisme et la sophistication de l\u2019homme contemporain.<\/p>\n<p>Pyramide olfactive :<\/p>\n<p>Notes de t\u00eate : Fruit de la passion, citron vert, poivre, gingembre<\/p>\n<p>Notes de c\u0153ur : Vodka, gin, menthe, \u00e9pices<\/p>\n<p>Notes de fond : Ambre, cuir, notes bois\u00e9es<\/p>\n<p>Cette composition audacieuse offre une fra\u00eecheur \u00e9pic\u00e9e en ouverture, \u00e9voluant vers un c\u0153ur aromatique et se concluant sur une base chaleureuse et bois\u00e9e. Un parfum id\u00e9al pour les hommes qui souhaitent laisser une empreinte inoubliable.<\/p>\n<p>&nbsp;<\/p>\n<p>&nbsp;<\/p>\n","protected":false},"excerpt":{"rendered":"<p><strong>Caract\u00e9ristiques :<\/strong><\/p>\n<p>Type : Eau de Parfum pour homme<\/p>\n<p>Contenance : 100 ml<\/p>\n<p>Tenue : Longue dur\u00e9e<\/p>\n","protected":false},"featured_media":9460,"comment_status":"closed","ping_status":"closed","template":"","meta":{"_bst_post_transparent":"","_bst_post_title":"","_bst_post_layout":"","_bst_post_sidebar_id":"","_bst_post_content_style":"","_bst_post_vertical_padding":"","_bst_post_feature":"","_bst_post_feature_position":"","_bst_post_header":false,"_bst_post_footer":false},"product_brand":[],"product_cat":[180,170,194,163],"product_tag":[],"product_brands":[],"class_list":{"0":"post-9423","1":"product","2":"type-product","3":"status-publish","4":"has-post-thumbnail","6":"product_cat-cosmetique","7":"product_cat-mode","8":"product_cat-mode-femme","9":"product_cat-mode-homme","11":"first","12":"instock","13":"shipping-taxable","14":"purchasable","15":"product-type-simple","16":"entry","17":"content-bg","18":"loop-entry"},"_links":{"self":[{"href":"https:\/\/anopri.com\/index.php?rest_route=\/wp\/v2\/product\/9423","targetHints":{"allow":["GET"]}}],"collection":[{"href":"https:\/\/anopri.com\/index.php?rest_route=\/wp\/v2\/product"}],"about":[{"href":"https:\/\/anopri.com\/index.php?rest_route=\/wp\/v2\/types\/product"}],"replies":[{"embeddable":true,"href":"https:\/\/anopri.com\/index.php?rest_route=%2Fwp%2Fv2%2Fcomments&post=9423"}],"wp:featuredmedia":[{"embeddable":true,"href":"https:\/\/anopri.com\/index.php?rest_route=\/wp\/v2\/media\/9460"}],"wp:attachment":[{"href":"https:\/\/anopri.com\/index.php?rest_route=%2Fwp%2Fv2%2Fmedia&parent=9423"}],"wp:term":[{"taxonomy":"product_brand","embeddable":true,"href":"https:\/\/anopri.com\/index.php?rest_route=%2Fwp%2Fv2%2Fproduct_brand&post=9423"},{"taxonomy":"product_cat","embeddable":true,"href":"https:\/\/anopri.com\/index.php?rest_route=%2Fwp%2Fv2%2Fproduct_cat&post=9423"},{"taxonomy":"product_tag","embeddable":true,"href":"https:\/\/anopri.com\/index.php?rest_route=%2Fwp%2Fv2%2Fproduct_tag&post=9423"},{"taxonomy":"product_brands","embeddable":true,"href":"https:\/\/anopri.com\/index.php?rest_route=%2Fwp%2Fv2%2Fproduct_brands&post=9423"}],"curies":[{"name":"wp","href":"https:\/\/api.w.org\/{rel}","templated":true}]}}