{"id":9419,"date":"2026-04-25T13:08:52","date_gmt":"2026-04-25T13:08:52","guid":{"rendered":"https:\/\/anopri.com\/?post_type=product&#038;p=9419"},"modified":"2026-04-25T13:08:59","modified_gmt":"2026-04-25T13:08:59","slug":"visseuse-electrique-black-decker-kc3610-36-v","status":"publish","type":"product","link":"https:\/\/anopri.com\/?product=visseuse-electrique-black-decker-kc3610-36-v","title":{"rendered":"Visseuse Electrique  BLACK &#038; DECKER KC3610- 3,6 V"},"content":{"rendered":"<p>Le tournevis sans fil rechargeable Black &amp; Decker 3,6 V est une bonne combinaison de performances, de confort, de valeur et de style.<\/p>\n<p>Le tournevis est indispensable dans toute maison et est facile \u00e0 trouver dans votre bo\u00eete \u00e0 outils ou votre tiroir de projet.<\/p>\n<p>Il dispose de 0 \u00e0 180 tr\/min pour r\u00e9aliser des projets rapidement et d&#8217;une batterie rechargeable int\u00e9gr\u00e9e de 3,6 V, ce qui le rend id\u00e9al pour les projets d&#8217;assemblage, l&#8217;installation de mini stores, la suspension de tringles \u00e0 rideaux et de tableaux et l&#8217;installation d&#8217;interrupteurs d&#8217;\u00e9clairage.<\/p>\n<p>Le tournevis est dot\u00e9 d&#8217;une conception pivotante compacte vous permettant d&#8217;acc\u00e9der aux espaces restreints.<\/p>\n<p>Le bouton marche avant\/arri\u00e8re vous permet de changer de direction afin de pouvoir retirer les vis ainsi que les ins\u00e9rer.<\/p>\n<p>La grande g\u00e2chette \u00e0 2 doigts et la poign\u00e9e en caoutchouc surmoul\u00e9e offrent un confort et l&#8217;emp\u00eachent de siroter dans vos mains.<\/p>\n<p>Le tournevis se recharge compl\u00e8tement en seulement 3 \u00e0 6 heures et cet ensemble offre un excellent rapport qualit\u00e9-prix car il comprend un chargeur et 10 embouts dans une barre de rangement.<\/p>\n","protected":false},"excerpt":{"rendered":"<table border=\"0\">\n<tbody>\n<tr>\n<td><strong>Type de batterie<\/strong><\/td>\n<td><strong>Ni-Cd<\/strong><\/td>\n<\/tr>\n<tr>\n<td><strong>Tension<\/strong><\/td>\n<td><strong>3,6 V<\/strong><\/td>\n<\/tr>\n<tr>\n<td><strong>Taille de la batterie<\/strong><\/td>\n<td><strong>600 mAh<\/strong><\/td>\n<\/tr>\n<tr>\n<td><strong>Vitesse<\/strong><\/td>\n<td><strong>200 tr\/min<\/strong><\/td>\n<\/tr>\n<\/tbody>\n<\/table>\n","protected":false},"featured_media":9455,"comment_status":"closed","ping_status":"closed","template":"","meta":{"_bst_post_transparent":"","_bst_post_title":"","_bst_post_layout":"","_bst_post_sidebar_id":"","_bst_post_content_style":"","_bst_post_vertical_padding":"","_bst_post_feature":"","_bst_post_feature_position":"","_bst_post_header":false,"_bst_post_footer":false},"product_brand":[],"product_cat":[142,156,169],"product_tag":[],"product_brands":[],"class_list":{"0":"post-9419","1":"product","2":"type-product","3":"status-publish","4":"has-post-thumbnail","6":"product_cat-electronique","7":"product_cat-outillages-et-petits-materiels-a-main","8":"product_cat-ustensiles-gadgets-maison-et-bureau","10":"first","11":"instock","12":"shipping-taxable","13":"purchasable","14":"product-type-simple","15":"entry","16":"content-bg","17":"loop-entry"},"_links":{"self":[{"href":"https:\/\/anopri.com\/index.php?rest_route=\/wp\/v2\/product\/9419","targetHints":{"allow":["GET"]}}],"collection":[{"href":"https:\/\/anopri.com\/index.php?rest_route=\/wp\/v2\/product"}],"about":[{"href":"https:\/\/anopri.com\/index.php?rest_route=\/wp\/v2\/types\/product"}],"replies":[{"embeddable":true,"href":"https:\/\/anopri.com\/index.php?rest_route=%2Fwp%2Fv2%2Fcomments&post=9419"}],"wp:featuredmedia":[{"embeddable":true,"href":"https:\/\/anopri.com\/index.php?rest_route=\/wp\/v2\/media\/9455"}],"wp:attachment":[{"href":"https:\/\/anopri.com\/index.php?rest_route=%2Fwp%2Fv2%2Fmedia&parent=9419"}],"wp:term":[{"taxonomy":"product_brand","embeddable":true,"href":"https:\/\/anopri.com\/index.php?rest_route=%2Fwp%2Fv2%2Fproduct_brand&post=9419"},{"taxonomy":"product_cat","embeddable":true,"href":"https:\/\/anopri.com\/index.php?rest_route=%2Fwp%2Fv2%2Fproduct_cat&post=9419"},{"taxonomy":"product_tag","embeddable":true,"href":"https:\/\/anopri.com\/index.php?rest_route=%2Fwp%2Fv2%2Fproduct_tag&post=9419"},{"taxonomy":"product_brands","embeddable":true,"href":"https:\/\/anopri.com\/index.php?rest_route=%2Fwp%2Fv2%2Fproduct_brands&post=9419"}],"curies":[{"name":"wp","href":"https:\/\/api.w.org\/{rel}","templated":true}]}}