{"id":9417,"date":"2026-04-25T13:08:52","date_gmt":"2026-04-25T13:08:52","guid":{"rendered":"https:\/\/anopri.com\/?post_type=product&#038;p=9417"},"modified":"2026-04-25T13:08:57","modified_gmt":"2026-04-25T13:08:57","slug":"lampe-de-poche-rechargeable-2-en-1-krypton-knfl5025","status":"publish","type":"product","link":"https:\/\/anopri.com\/?product=lampe-de-poche-rechargeable-2-en-1-krypton-knfl5025","title":{"rendered":"Lampe de poche rechargeable 2 en 1-Krypton KNFL5025"},"content":{"rendered":"<p>Que vous soyez en camping ou en promenade nocturne , la lampe torche LED Krypton est un compagnon id\u00e9al. Durable et maniable, c&#8217;est une lampe torche portable id\u00e9ale \u00e0 la maison ou en cas d&#8217;urgence. Elle peut \u00eatre utilis\u00e9e pour le camping, la randonn\u00e9e, la p\u00eache, la course \u00e0 pied, les promenades , les pannes de courant, les urgences, les recherches cibl\u00e9es et un usage domestique g\u00e9n\u00e9ral&#8230;<\/p>\n","protected":false},"excerpt":{"rendered":"<table class=\"table\">\n<tbody>\n<tr>\n<td class=\"specifcname\"><strong>Couleur<\/strong><\/td>\n<td><strong>Noir<\/strong><\/td>\n<\/tr>\n<tr>\n<td class=\"specifcname\"><strong>Capacit\u00e9 de la batterie<\/strong><\/td>\n<td><strong>6000 mAh<\/strong><\/td>\n<\/tr>\n<tr>\n<td class=\"specifcname\"><\/td>\n<td><\/td>\n<\/tr>\n<tr>\n<td class=\"specifcname\"><\/td>\n<td><\/td>\n<\/tr>\n<\/tbody>\n<\/table>\n<table class=\"table\">\n<tbody>\n<tr>\n<td class=\"specifcname\"><strong>Taper<\/strong><\/td>\n<td><strong>Lampe de poche rechargeable<\/strong><\/td>\n<\/tr>\n<tr>\n<td class=\"specifcname\"><strong>Source de lumi\u00e8re<\/strong><\/td>\n<td><strong>LED CREE<\/strong><\/td>\n<\/tr>\n<tr>\n<td class=\"specifcname\"><strong>Bouton marche\/arr\u00eat<\/strong><\/td>\n<td><strong>Oui<\/strong><\/td>\n<\/tr>\n<tr>\n<td class=\"specifcname\"><strong>Rechargeable<\/strong><\/td>\n<td><strong>Oui<\/strong><\/td>\n<\/tr>\n<tr>\n<td class=\"specifcname\"><strong>Paquet de<\/strong><\/td>\n<td><strong>2<\/strong><\/td>\n<\/tr>\n<tr>\n<td class=\"specifcname\"><strong>Caract\u00e9ristiques<\/strong><\/td>\n<td><strong>Chargeur USB universel, LED \u00e0 micropuce et technologie Triple Booster<\/strong><\/td>\n<\/tr>\n<\/tbody>\n<\/table>\n","protected":false},"featured_media":9448,"comment_status":"closed","ping_status":"closed","template":"","meta":{"_bst_post_transparent":"","_bst_post_title":"","_bst_post_layout":"","_bst_post_sidebar_id":"","_bst_post_content_style":"","_bst_post_vertical_padding":"","_bst_post_feature":"","_bst_post_feature_position":"","_bst_post_header":false,"_bst_post_footer":false},"product_brand":[],"product_cat":[166,187,156,169],"product_tag":[],"product_brands":[],"class_list":{"0":"post-9417","1":"product","2":"type-product","3":"status-publish","4":"has-post-thumbnail","6":"product_cat-electricite","7":"product_cat-lampe-rechargeable","8":"product_cat-outillages-et-petits-materiels-a-main","9":"product_cat-ustensiles-gadgets-maison-et-bureau","11":"first","12":"instock","13":"shipping-taxable","14":"purchasable","15":"product-type-simple","16":"entry","17":"content-bg","18":"loop-entry"},"_links":{"self":[{"href":"https:\/\/anopri.com\/index.php?rest_route=\/wp\/v2\/product\/9417","targetHints":{"allow":["GET"]}}],"collection":[{"href":"https:\/\/anopri.com\/index.php?rest_route=\/wp\/v2\/product"}],"about":[{"href":"https:\/\/anopri.com\/index.php?rest_route=\/wp\/v2\/types\/product"}],"replies":[{"embeddable":true,"href":"https:\/\/anopri.com\/index.php?rest_route=%2Fwp%2Fv2%2Fcomments&post=9417"}],"wp:featuredmedia":[{"embeddable":true,"href":"https:\/\/anopri.com\/index.php?rest_route=\/wp\/v2\/media\/9448"}],"wp:attachment":[{"href":"https:\/\/anopri.com\/index.php?rest_route=%2Fwp%2Fv2%2Fmedia&parent=9417"}],"wp:term":[{"taxonomy":"product_brand","embeddable":true,"href":"https:\/\/anopri.com\/index.php?rest_route=%2Fwp%2Fv2%2Fproduct_brand&post=9417"},{"taxonomy":"product_cat","embeddable":true,"href":"https:\/\/anopri.com\/index.php?rest_route=%2Fwp%2Fv2%2Fproduct_cat&post=9417"},{"taxonomy":"product_tag","embeddable":true,"href":"https:\/\/anopri.com\/index.php?rest_route=%2Fwp%2Fv2%2Fproduct_tag&post=9417"},{"taxonomy":"product_brands","embeddable":true,"href":"https:\/\/anopri.com\/index.php?rest_route=%2Fwp%2Fv2%2Fproduct_brands&post=9417"}],"curies":[{"name":"wp","href":"https:\/\/api.w.org\/{rel}","templated":true}]}}