{"id":9410,"date":"2026-04-25T13:08:51","date_gmt":"2026-04-25T13:08:51","guid":{"rendered":"https:\/\/anopri.com\/?post_type=product&#038;p=9410"},"modified":"2026-04-25T13:08:54","modified_gmt":"2026-04-25T13:08:54","slug":"verre-a-boire-blink","status":"publish","type":"product","link":"https:\/\/anopri.com\/?product=verre-a-boire-blink","title":{"rendered":"VERRE A BOIRE BLINK"},"content":{"rendered":"<p>Les\u00a0<strong>verres<\/strong>\u00a0font partie des outils de notre table \u00e0 manger. Largement utilis\u00e9 pendant les tapis rouges, les c\u00e9l\u00e9brations et les fun\u00e9railles.<\/p>\n<p>&nbsp;<\/p>\n<h2><strong>Caract\u00e9ristiques du verre \u00e0 boire<\/strong><\/h2>\n<ul>\n<li><strong>Nom du produit<\/strong>: Verre a boire\u00a0 Blink<\/li>\n<li><strong>Nombre de pi\u00e8ces<\/strong>: 6 pi\u00e8ces<\/li>\n<\/ul>\n","protected":false},"excerpt":{"rendered":"<p>Les\u00a0verres\u00a0font partie des outils de notre table \u00e0 manger. Largement utilis\u00e9 pendant les tapis rouges, les c\u00e9l\u00e9brations et les fun\u00e9railles. &nbsp; Caract\u00e9ristiques du verre \u00e0 boire Nom du produit: Verre a boire\u00a0 Blink Nombre de pi\u00e8ces: 6 pi\u00e8ces<\/p>\n","protected":false},"featured_media":9440,"comment_status":"closed","ping_status":"closed","template":"","meta":{"_bst_post_transparent":"","_bst_post_title":"","_bst_post_layout":"","_bst_post_sidebar_id":"","_bst_post_content_style":"","_bst_post_vertical_padding":"","_bst_post_feature":"","_bst_post_feature_position":"","_bst_post_header":false,"_bst_post_footer":false},"product_brand":[],"product_cat":[185,145],"product_tag":[],"product_brands":[],"class_list":{"0":"post-9410","1":"product","2":"type-product","3":"status-publish","4":"has-post-thumbnail","6":"product_cat-articles-de-cuisine","7":"product_cat-electromenager","9":"first","10":"instock","11":"shipping-taxable","12":"purchasable","13":"product-type-simple","14":"entry","15":"content-bg","16":"loop-entry"},"_links":{"self":[{"href":"https:\/\/anopri.com\/index.php?rest_route=\/wp\/v2\/product\/9410","targetHints":{"allow":["GET"]}}],"collection":[{"href":"https:\/\/anopri.com\/index.php?rest_route=\/wp\/v2\/product"}],"about":[{"href":"https:\/\/anopri.com\/index.php?rest_route=\/wp\/v2\/types\/product"}],"replies":[{"embeddable":true,"href":"https:\/\/anopri.com\/index.php?rest_route=%2Fwp%2Fv2%2Fcomments&post=9410"}],"wp:featuredmedia":[{"embeddable":true,"href":"https:\/\/anopri.com\/index.php?rest_route=\/wp\/v2\/media\/9440"}],"wp:attachment":[{"href":"https:\/\/anopri.com\/index.php?rest_route=%2Fwp%2Fv2%2Fmedia&parent=9410"}],"wp:term":[{"taxonomy":"product_brand","embeddable":true,"href":"https:\/\/anopri.com\/index.php?rest_route=%2Fwp%2Fv2%2Fproduct_brand&post=9410"},{"taxonomy":"product_cat","embeddable":true,"href":"https:\/\/anopri.com\/index.php?rest_route=%2Fwp%2Fv2%2Fproduct_cat&post=9410"},{"taxonomy":"product_tag","embeddable":true,"href":"https:\/\/anopri.com\/index.php?rest_route=%2Fwp%2Fv2%2Fproduct_tag&post=9410"},{"taxonomy":"product_brands","embeddable":true,"href":"https:\/\/anopri.com\/index.php?rest_route=%2Fwp%2Fv2%2Fproduct_brands&post=9410"}],"curies":[{"name":"wp","href":"https:\/\/api.w.org\/{rel}","templated":true}]}}