{"id":9356,"date":"2026-04-25T13:08:35","date_gmt":"2026-04-25T13:08:35","guid":{"rendered":"https:\/\/anopri.com\/?post_type=product&#038;p=9356"},"modified":"2026-04-25T13:08:48","modified_gmt":"2026-04-25T13:08:48","slug":"regulateur-de-tension-oscar-1000va","status":"publish","type":"product","link":"https:\/\/anopri.com\/?product=regulateur-de-tension-oscar-1000va","title":{"rendered":"R\u00e9gulateur de Tension Oscar 1000VA"},"content":{"rendered":"<ul>\n<li style=\"margin-top: 0px; margin-bottom: 0.1rem !important;\"><strong><span style=\"box-sizing: border-box; -webkit-tap-highlight-color: rgba(0, 0, 0, 0); font-size: 12pt;\"><span style=\"box-sizing: border-box; -webkit-tap-highlight-color: rgba(0, 0, 0, 0);\">Puissance:<\/span>\u00a01000VA\u00a0<\/span><\/strong><\/li>\n<li style=\"margin-top: 0px; margin-bottom: 0.1rem !important;\"><strong><span style=\"box-sizing: border-box; -webkit-tap-highlight-color: rgba(0, 0, 0, 0); font-size: 12pt;\"><span style=\"box-sizing: border-box; -webkit-tap-highlight-color: rgba(0, 0, 0, 0);\">Protection:<\/span>\u00a0contre le surchauffage<\/span><\/strong><\/li>\n<li style=\"margin-top: 0px; margin-bottom: 0.1rem !important;\"><strong><span style=\"box-sizing: border-box; -webkit-tap-highlight-color: rgba(0, 0, 0, 0); font-size: 12pt;\"><span style=\"box-sizing: border-box; -webkit-tap-highlight-color: rgba(0, 0, 0, 0);\">Protection:<\/span>\u00a0haute tension et basse tension<\/span><\/strong><\/li>\n<li style=\"margin-top: 0px; margin-bottom: 0.1rem !important;\"><strong><span style=\"box-sizing: border-box; -webkit-tap-highlight-color: rgba(0, 0, 0, 0); font-size: 12pt;\"><span style=\"box-sizing: border-box; -webkit-tap-highlight-color: rgba(0, 0, 0, 0);\">Protection:\u00a0<\/span>contre les courts-circuits et les surcharges<\/span><\/strong><\/li>\n<li style=\"margin-top: 0px; margin-bottom: 0.1rem !important;\"><strong><span style=\"box-sizing: border-box; -webkit-tap-highlight-color: rgba(0, 0, 0, 0); font-size: 12pt;\"><span style=\"box-sizing: border-box; -webkit-tap-highlight-color: rgba(0, 0, 0, 0);\">Affichage du compteur num\u00e9rique Stabilisateur:<\/span>\u00a0contr\u00f4l\u00e9 par le microprocesseur<\/span><\/strong><\/li>\n<li style=\"margin-top: 0px; margin-bottom: 0.1rem !important;\"><strong><span style=\"box-sizing: border-box; -webkit-tap-highlight-color: rgba(0, 0, 0, 0); font-size: 12pt;\"><span style=\"box-sizing: border-box; -webkit-tap-highlight-color: rgba(0, 0, 0, 0);\">Protection:<\/span> contre les surtensions <\/span><\/strong><strong><span style=\"margin: 0px; padding: 0px; border: 0px; font-variant: inherit; line-height: inherit; vertical-align: baseline; font-family: inherit; font-style: inherit;\">Garantie<\/span> .<\/strong><\/li>\n<\/ul>\n","protected":false},"excerpt":{"rendered":"<ul>\n<li>Protection Fiable contre les Fluctuations de Tension :\u00a0Dot\u00e9 d\u2019une technologie de r\u00e9gulation de tension avanc\u00e9e, le R\u00e9gulateur de Tension Oscar OSC1000 prot\u00e8ge vos appareils \u00e9lectroniques des surtensions et des baisses de tension, assurant ainsi leur long\u00e9vit\u00e9 et leurs performances optimales.<\/li>\n<\/ul>\n<p>&nbsp;<\/p>\n<ul>\n<li>Capacit\u00e9 de Charge de 1000 watts :\u00a0Avec une capacit\u00e9 de charge maximale de 1000 watts, ce r\u00e9gulateur peut alimenter en toute s\u00e9curit\u00e9 une vari\u00e9t\u00e9 d\u2019appareils \u00e9lectriques, tels que des ordinateurs, des t\u00e9l\u00e9viseurs, des lampes et des petits appareils \u00e9lectrom\u00e9nagers.<\/li>\n<\/ul>\n<p>&nbsp;<\/p>\n<ul>\n<li>Compact et \u00c9l\u00e9gant :\u00a0Son design compact et \u00e9l\u00e9gant en fait un ajout discret \u00e0 votre espace de vie ou de travail, tout en offrant une protection efficace contre les fluctuations de tension \u00e9lectrique.<\/li>\n<\/ul>\n<p>&nbsp;<\/p>\n<ul>\n<li>Facilit\u00e9 d\u2019Installation et d\u2019Utilisation :\u00a0Gr\u00e2ce \u00e0 sa conception conviviale, ce r\u00e9gulateur de tension est facile \u00e0 installer et \u00e0 utiliser. Il suffit de le brancher sur une prise murale et de connecter vos appareils \u00e9lectriques pour b\u00e9n\u00e9ficier d\u2019une alimentation stable et s\u00e9curis\u00e9e.<\/li>\n<\/ul>\n","protected":false},"featured_media":9403,"comment_status":"closed","ping_status":"closed","template":"","meta":{"_bst_post_transparent":"","_bst_post_title":"","_bst_post_layout":"","_bst_post_sidebar_id":"","_bst_post_content_style":"","_bst_post_vertical_padding":"","_bst_post_feature":"","_bst_post_feature_position":"","_bst_post_header":false,"_bst_post_footer":false},"product_brand":[],"product_cat":[145,149],"product_tag":[],"product_brands":[],"class_list":{"0":"post-9356","1":"product","2":"type-product","3":"status-publish","4":"has-post-thumbnail","6":"product_cat-electromenager","7":"product_cat-regulateurs-de-tension","9":"first","10":"instock","11":"shipping-taxable","12":"purchasable","13":"product-type-simple","14":"entry","15":"content-bg","16":"loop-entry"},"_links":{"self":[{"href":"https:\/\/anopri.com\/index.php?rest_route=\/wp\/v2\/product\/9356","targetHints":{"allow":["GET"]}}],"collection":[{"href":"https:\/\/anopri.com\/index.php?rest_route=\/wp\/v2\/product"}],"about":[{"href":"https:\/\/anopri.com\/index.php?rest_route=\/wp\/v2\/types\/product"}],"replies":[{"embeddable":true,"href":"https:\/\/anopri.com\/index.php?rest_route=%2Fwp%2Fv2%2Fcomments&post=9356"}],"wp:featuredmedia":[{"embeddable":true,"href":"https:\/\/anopri.com\/index.php?rest_route=\/wp\/v2\/media\/9403"}],"wp:attachment":[{"href":"https:\/\/anopri.com\/index.php?rest_route=%2Fwp%2Fv2%2Fmedia&parent=9356"}],"wp:term":[{"taxonomy":"product_brand","embeddable":true,"href":"https:\/\/anopri.com\/index.php?rest_route=%2Fwp%2Fv2%2Fproduct_brand&post=9356"},{"taxonomy":"product_cat","embeddable":true,"href":"https:\/\/anopri.com\/index.php?rest_route=%2Fwp%2Fv2%2Fproduct_cat&post=9356"},{"taxonomy":"product_tag","embeddable":true,"href":"https:\/\/anopri.com\/index.php?rest_route=%2Fwp%2Fv2%2Fproduct_tag&post=9356"},{"taxonomy":"product_brands","embeddable":true,"href":"https:\/\/anopri.com\/index.php?rest_route=%2Fwp%2Fv2%2Fproduct_brands&post=9356"}],"curies":[{"name":"wp","href":"https:\/\/api.w.org\/{rel}","templated":true}]}}