{"id":9354,"date":"2026-04-25T13:08:34","date_gmt":"2026-04-25T13:08:34","guid":{"rendered":"https:\/\/anopri.com\/?post_type=product&#038;p=9354"},"modified":"2026-04-25T13:08:47","modified_gmt":"2026-04-25T13:08:47","slug":"machine-a-rechauffer-electrique-grill-maker-hoffmans-hm-3018-2200w","status":"publish","type":"product","link":"https:\/\/anopri.com\/?product=machine-a-rechauffer-electrique-grill-maker-hoffmans-hm-3018-2200w","title":{"rendered":"Machine \u00e0 R\u00e9chauffer \u00e9lectrique- Grill Maker Hoffmans HM-3018 &#8211; 2200W"},"content":{"rendered":"<p>Le Grill Maker HM-3018 est l&#8217;appareil id\u00e9al pour les amateurs de grillades qui souhaitent d\u00e9guster de d\u00e9licieux plats dans le confort de leur propre cuisine. Avec un design compact et efficace, ce gril \u00e9lectrique offre une excellente exp\u00e9rience culinaire.<\/p>\n<ul>\n<li><span>Chauffage double 2200 W : les puissants \u00e9l\u00e9ments chauffants doubles de 2200 W garantissent une cuisson rapide et uniforme pour de d\u00e9licieux toasts et collations.<\/span><\/li>\n<li><span>Plaques antiadh\u00e9sives XXL : Le gril \u00e0 presse est dot\u00e9 de plaques antiadh\u00e9sives XXL qui emp\u00eachent les aliments de coller, ce qui facilite le retrait des aliments sans salir. La conception d&#8217;ouverture \u00e0 105\u00b0 et 180\u00b0 permet un acc\u00e8s pratique et un nettoyage sans effort.<\/span><\/li>\n<li><span>Facile \u00e0 utiliser : ce gril est con\u00e7u pour une utilisation facile et s\u00fbre. Il est dot\u00e9 d&#8217;un voyant d&#8217;alimentation qui vous permet de savoir quand il est utilis\u00e9, fournissant une confirmation visuelle de l&#8217;\u00e9tat de l&#8217;appareil et garantissant une exp\u00e9rience de cuisson sans tracas.<\/span><\/li>\n<li><span>Facile \u00e0 nettoyer : la grille de presse est con\u00e7ue pour un nettoyage facile. Il est livr\u00e9 avec un bac d&#8217;\u00e9gouttage amovible pour recueillir l&#8217;exc\u00e8s d&#8217;huile ou les miettes, et le mat\u00e9riau en acier inoxydable est r\u00e9sistant aux taches et facile \u00e0 nettoyer.<\/span><\/li>\n<li><span>Facile \u00e0 ranger : Avec sa taille compacte, le gril \u00e9lectrique est parfait pour les m\u00e9nages qui cherchent \u00e0 \u00e9conomiser de l&#8217;espace dans la cuisine. Il peut \u00eatre facilement rang\u00e9 dans un placard ou une armoire lorsqu&#8217;il n&#8217;est pas utilis\u00e9, gardant la cuisine sans encombrement.<\/span><\/li>\n<\/ul>\n","protected":false},"excerpt":{"rendered":"<p>Le Grill Maker HM-3018 est l&#8217;appareil id\u00e9al pour les amateurs de grillades qui souhaitent d\u00e9guster de d\u00e9licieux plats dans le confort de leur propre cuisine. Avec un design compact et efficace, ce gril \u00e9lectrique offre une excellente exp\u00e9rience culinaire. Chauffage double 2200 W : les puissants \u00e9l\u00e9ments chauffants doubles de 2200 W garantissent une cuisson&#8230;<\/p>\n","protected":false},"featured_media":9401,"comment_status":"closed","ping_status":"closed","template":"","meta":{"_bst_post_transparent":"","_bst_post_title":"","_bst_post_layout":"","_bst_post_sidebar_id":"","_bst_post_content_style":"","_bst_post_vertical_padding":"","_bst_post_feature":"","_bst_post_feature_position":"","_bst_post_header":false,"_bst_post_footer":false},"product_brand":[],"product_cat":[146,145],"product_tag":[],"product_brands":[],"class_list":{"0":"post-9354","1":"product","2":"type-product","3":"status-publish","4":"has-post-thumbnail","6":"product_cat-appareils-de-cuisson","7":"product_cat-electromenager","9":"first","10":"instock","11":"shipping-taxable","12":"purchasable","13":"product-type-simple","14":"entry","15":"content-bg","16":"loop-entry"},"_links":{"self":[{"href":"https:\/\/anopri.com\/index.php?rest_route=\/wp\/v2\/product\/9354","targetHints":{"allow":["GET"]}}],"collection":[{"href":"https:\/\/anopri.com\/index.php?rest_route=\/wp\/v2\/product"}],"about":[{"href":"https:\/\/anopri.com\/index.php?rest_route=\/wp\/v2\/types\/product"}],"replies":[{"embeddable":true,"href":"https:\/\/anopri.com\/index.php?rest_route=%2Fwp%2Fv2%2Fcomments&post=9354"}],"wp:featuredmedia":[{"embeddable":true,"href":"https:\/\/anopri.com\/index.php?rest_route=\/wp\/v2\/media\/9401"}],"wp:attachment":[{"href":"https:\/\/anopri.com\/index.php?rest_route=%2Fwp%2Fv2%2Fmedia&parent=9354"}],"wp:term":[{"taxonomy":"product_brand","embeddable":true,"href":"https:\/\/anopri.com\/index.php?rest_route=%2Fwp%2Fv2%2Fproduct_brand&post=9354"},{"taxonomy":"product_cat","embeddable":true,"href":"https:\/\/anopri.com\/index.php?rest_route=%2Fwp%2Fv2%2Fproduct_cat&post=9354"},{"taxonomy":"product_tag","embeddable":true,"href":"https:\/\/anopri.com\/index.php?rest_route=%2Fwp%2Fv2%2Fproduct_tag&post=9354"},{"taxonomy":"product_brands","embeddable":true,"href":"https:\/\/anopri.com\/index.php?rest_route=%2Fwp%2Fv2%2Fproduct_brands&post=9354"}],"curies":[{"name":"wp","href":"https:\/\/api.w.org\/{rel}","templated":true}]}}