{"id":9351,"date":"2026-04-25T13:08:34","date_gmt":"2026-04-25T13:08:34","guid":{"rendered":"https:\/\/anopri.com\/?post_type=product&#038;p=9351"},"modified":"2026-04-25T13:08:45","modified_gmt":"2026-04-25T13:08:45","slug":"scelleuse-sous-vide-sac-plastique-alimentaire","status":"publish","type":"product","link":"https:\/\/anopri.com\/?product=scelleuse-sous-vide-sac-plastique-alimentaire","title":{"rendered":"Scelleuse sous-vide Sac Plastique Alimentaire"},"content":{"rendered":"<div class=\"woocommerce-product-details__short-description\">\n<p>&nbsp;<\/p>\n<ul>\n<li>\u3010Garder les Aliments Frais\u3011\u2013la machine \u00e0 sceller sous vide \u00e9limine l\u2019air et aide \u00e0 prolonger la conservation des aliments. Les aliments scell\u00e9s et stock\u00e9s dans le r\u00e9frig\u00e9rateur dureront 5 fois plus longtemps et auront toujours le m\u00eame go\u00fbt frais que le jour o\u00f9 ils ont \u00e9t\u00e9 scell\u00e9s.<\/li>\n<li>\u3010\u00c9conomisez de l\u2019argent\u3011\u2013planifiez vos repas quotidiens deux fois plus facilement que les recettes de vos plats pr\u00e9f\u00e9r\u00e9s, puis \u00e9conomisez l\u2019exc\u00e9dent pour un repas rapide et nutritif le soir de votre journ\u00e9e de travail charg\u00e9e. Si vous achetez beaucoup d\u2019articles que vous utilisez r\u00e9guli\u00e8rement, passez moins de temps et d\u2019argent \u00e0 l\u2019\u00e9picerie.<\/li>\n<li>\u3010Forte Aspiration\u3011La machine de scellement sous vide \u00e9limine tout l\u2019air, forme un joint \u00e9tanche \u00e0 l\u2019air et s\u2019arr\u00eate automatiquement lorsque le joint est termin\u00e9. Une aspiration plus forte de 65 kPa ferme rapidement le vide et le scelle en 10 \u00e0 20 secondes.<\/li>\n<li>\u3010Inclus\u3011: Vous obtenez 1 machine \u00e0 sceller sous vide + 10 sacs sous vide.<\/li>\n<\/ul>\n<\/div>\n<form class=\"cart\" action=\"https:\/\/www.letshop.dz\/boutique\/scelleuse-sac-plastique-alimentaire-pour-le-stockage-avec-10-sac-gratuit\/\" enctype=\"multipart\/form-data\" method=\"post\">\n<div class=\"single-button-wrapper\">\n<div class=\"quantity\"><\/div>\n<\/div>\n<\/form>\n","protected":false},"excerpt":{"rendered":"<p>&nbsp; \u3010Garder les Aliments Frais\u3011\u2013la machine \u00e0 sceller sous vide \u00e9limine l\u2019air et aide \u00e0 prolonger la conservation des aliments. Les aliments scell\u00e9s et stock\u00e9s dans le r\u00e9frig\u00e9rateur dureront 5 fois plus longtemps et auront toujours le m\u00eame go\u00fbt frais que le jour o\u00f9 ils ont \u00e9t\u00e9 scell\u00e9s. \u3010\u00c9conomisez de l\u2019argent\u3011\u2013planifiez vos repas quotidiens deux&#8230;<\/p>\n","protected":false},"featured_media":9392,"comment_status":"closed","ping_status":"closed","template":"","meta":{"_bst_post_transparent":"","_bst_post_title":"","_bst_post_layout":"","_bst_post_sidebar_id":"","_bst_post_content_style":"","_bst_post_vertical_padding":"","_bst_post_feature":"","_bst_post_feature_position":"","_bst_post_header":false,"_bst_post_footer":false},"product_brand":[],"product_cat":[145],"product_tag":[],"product_brands":[],"class_list":{"0":"post-9351","1":"product","2":"type-product","3":"status-publish","4":"has-post-thumbnail","6":"product_cat-electromenager","8":"first","9":"instock","10":"shipping-taxable","11":"purchasable","12":"product-type-simple","13":"entry","14":"content-bg","15":"loop-entry"},"_links":{"self":[{"href":"https:\/\/anopri.com\/index.php?rest_route=\/wp\/v2\/product\/9351","targetHints":{"allow":["GET"]}}],"collection":[{"href":"https:\/\/anopri.com\/index.php?rest_route=\/wp\/v2\/product"}],"about":[{"href":"https:\/\/anopri.com\/index.php?rest_route=\/wp\/v2\/types\/product"}],"replies":[{"embeddable":true,"href":"https:\/\/anopri.com\/index.php?rest_route=%2Fwp%2Fv2%2Fcomments&post=9351"}],"wp:featuredmedia":[{"embeddable":true,"href":"https:\/\/anopri.com\/index.php?rest_route=\/wp\/v2\/media\/9392"}],"wp:attachment":[{"href":"https:\/\/anopri.com\/index.php?rest_route=%2Fwp%2Fv2%2Fmedia&parent=9351"}],"wp:term":[{"taxonomy":"product_brand","embeddable":true,"href":"https:\/\/anopri.com\/index.php?rest_route=%2Fwp%2Fv2%2Fproduct_brand&post=9351"},{"taxonomy":"product_cat","embeddable":true,"href":"https:\/\/anopri.com\/index.php?rest_route=%2Fwp%2Fv2%2Fproduct_cat&post=9351"},{"taxonomy":"product_tag","embeddable":true,"href":"https:\/\/anopri.com\/index.php?rest_route=%2Fwp%2Fv2%2Fproduct_tag&post=9351"},{"taxonomy":"product_brands","embeddable":true,"href":"https:\/\/anopri.com\/index.php?rest_route=%2Fwp%2Fv2%2Fproduct_brands&post=9351"}],"curies":[{"name":"wp","href":"https:\/\/api.w.org\/{rel}","templated":true}]}}