{"id":9348,"date":"2026-04-25T13:08:34","date_gmt":"2026-04-25T13:08:34","guid":{"rendered":"https:\/\/anopri.com\/?post_type=product&#038;p=9348"},"modified":"2026-04-25T13:08:43","modified_gmt":"2026-04-25T13:08:43","slug":"hachoir-a-viande-manuelle-jhp-10","status":"publish","type":"product","link":"https:\/\/anopri.com\/?product=hachoir-a-viande-manuelle-jhp-10","title":{"rendered":"Hachoir \u00e0 Viande Manuelle JHP-10"},"content":{"rendered":"<p>Avec ce hachoir \u00e0 viande, vous constaterez que pr\u00e9parer des aliments comme de la viande hach\u00e9e est tr\u00e8s simple et pratique.2. Facile \u00e0 utiliser. Facile \u00e0 installer, adapt\u00e9 pour hacher du porc, du b\u0153uf, du poulet, diverses \u00e9pices, poivrons, etc. et pour faire des saucisses.3. Gardez au frais. Le hachoir \u00e0 viande manuel simule le processus de hachage manuel de la viande, conservant grandement le go\u00fbt et la nutrition de la viande elle-m\u00eame, sans d\u00e9truire les fibres de la viande et gardant la viande fra\u00eeche.4. Utilisation multifonctionnelle. Le hachoir \u00e0 viande multifonctionnel domestique peut \u00eatre utilis\u00e9 comme hachoir \u00e0 viande ou hachoir \u00e0 saucisses.<\/p>\n","protected":false},"excerpt":{"rendered":"<ul>\n<li>Mat\u00e9riel: alliage d&#8217;aluminium<\/li>\n<li>Couleur: argent<\/li>\n<li>Hauteur (environ) : 23 cm<\/li>\n<li>Le produit a une structure simple et une apparence nouvelle.<\/li>\n<li>L\u00e9ger \u00e0 utiliser, flexible en termes de montage et de d\u00e9montage et facile \u00e0 nettoyer<\/li>\n<li>Il a un large \u00e9ventail d&#8217;utilisations et peut \u00eatre utilis\u00e9 pour couper de la viande, presser des nouilles, farcir des saucisses, moudre de la farine et faire du lait de soja.<\/li>\n<li>Convient pour : viande, l\u00e9gumes, nouilles farcies, saucisses, farine et soja et autres aliments.<\/li>\n<\/ul>\n","protected":false},"featured_media":9386,"comment_status":"closed","ping_status":"closed","template":"","meta":{"_bst_post_transparent":"","_bst_post_title":"","_bst_post_layout":"","_bst_post_sidebar_id":"","_bst_post_content_style":"","_bst_post_vertical_padding":"","_bst_post_feature":"","_bst_post_feature_position":"","_bst_post_header":false,"_bst_post_footer":false},"product_brand":[],"product_cat":[185,145],"product_tag":[],"product_brands":[],"class_list":{"0":"post-9348","1":"product","2":"type-product","3":"status-publish","4":"has-post-thumbnail","6":"product_cat-articles-de-cuisine","7":"product_cat-electromenager","9":"first","10":"instock","11":"shipping-taxable","12":"purchasable","13":"product-type-simple","14":"entry","15":"content-bg","16":"loop-entry"},"_links":{"self":[{"href":"https:\/\/anopri.com\/index.php?rest_route=\/wp\/v2\/product\/9348","targetHints":{"allow":["GET"]}}],"collection":[{"href":"https:\/\/anopri.com\/index.php?rest_route=\/wp\/v2\/product"}],"about":[{"href":"https:\/\/anopri.com\/index.php?rest_route=\/wp\/v2\/types\/product"}],"replies":[{"embeddable":true,"href":"https:\/\/anopri.com\/index.php?rest_route=%2Fwp%2Fv2%2Fcomments&post=9348"}],"wp:featuredmedia":[{"embeddable":true,"href":"https:\/\/anopri.com\/index.php?rest_route=\/wp\/v2\/media\/9386"}],"wp:attachment":[{"href":"https:\/\/anopri.com\/index.php?rest_route=%2Fwp%2Fv2%2Fmedia&parent=9348"}],"wp:term":[{"taxonomy":"product_brand","embeddable":true,"href":"https:\/\/anopri.com\/index.php?rest_route=%2Fwp%2Fv2%2Fproduct_brand&post=9348"},{"taxonomy":"product_cat","embeddable":true,"href":"https:\/\/anopri.com\/index.php?rest_route=%2Fwp%2Fv2%2Fproduct_cat&post=9348"},{"taxonomy":"product_tag","embeddable":true,"href":"https:\/\/anopri.com\/index.php?rest_route=%2Fwp%2Fv2%2Fproduct_tag&post=9348"},{"taxonomy":"product_brands","embeddable":true,"href":"https:\/\/anopri.com\/index.php?rest_route=%2Fwp%2Fv2%2Fproduct_brands&post=9348"}],"curies":[{"name":"wp","href":"https:\/\/api.w.org\/{rel}","templated":true}]}}