{"id":9344,"date":"2026-04-25T13:08:34","date_gmt":"2026-04-25T13:08:34","guid":{"rendered":"https:\/\/anopri.com\/?post_type=product&#038;p=9344"},"modified":"2026-04-25T13:08:41","modified_gmt":"2026-04-25T13:08:41","slug":"filtre-a-eau-14l","status":"publish","type":"product","link":"https:\/\/anopri.com\/?product=filtre-a-eau-14l","title":{"rendered":"FILTRE A EAU &#8211; 14L"},"content":{"rendered":"<p>Le filtre \u00e0 eau assure la filtration et la purification de l&#8217;eau du robinet par gravit\u00e9. Elle dispose d&#8217;une capacit\u00e9 de 14 litres, id\u00e9ale pour 6 \u00e0 10 personnes. Fonctionnant sans \u00e9lectricit\u00e9 ni raccordement au r\u00e9seau d&#8217;eau, elle peut facilement \u00eatre install\u00e9e \u00e0 domicile ou dans un bureau professionnel, afin de profiter d&#8217;une eau agr\u00e9able et parfaitement saine au quotidien.<\/p>\n","protected":false},"excerpt":{"rendered":"<ul>\n<li>Contenance : 14 litres<\/li>\n<li>Filtre c\u00e9ramique + Cartouche filtrante\u00a0 4 niveaux<\/li>\n<li>Am\u00e9liore le go\u00fbt et l&#8217;odeur de l&#8217;eau<\/li>\n<li>R\u00e9duit la pr\u00e9sence de chlore, m\u00e9taux lourds et contaminants chimiques<\/li>\n<li>R\u00e9duit l&#8217;acidit\u00e9 de l&#8217;eau pour un pH plus alcalin<\/li>\n<li>Remin\u00e9ralise l&#8217;eau<\/li>\n<li>Sans BPA, sans phtalate<\/li>\n<li>Installation facile, sans \u00e9lectricit\u00e9 ni raccordement au r\u00e9seau d&#8217;eau<\/li>\n<\/ul>\n","protected":false},"featured_media":9382,"comment_status":"closed","ping_status":"closed","template":"","meta":{"_bst_post_transparent":"","_bst_post_title":"","_bst_post_layout":"","_bst_post_sidebar_id":"","_bst_post_content_style":"","_bst_post_vertical_padding":"","_bst_post_feature":"","_bst_post_feature_position":"","_bst_post_header":false,"_bst_post_footer":false},"product_brand":[],"product_cat":[185,145],"product_tag":[],"product_brands":[],"class_list":{"0":"post-9344","1":"product","2":"type-product","3":"status-publish","4":"has-post-thumbnail","6":"product_cat-articles-de-cuisine","7":"product_cat-electromenager","9":"first","10":"instock","11":"shipping-taxable","12":"purchasable","13":"product-type-simple","14":"entry","15":"content-bg","16":"loop-entry"},"_links":{"self":[{"href":"https:\/\/anopri.com\/index.php?rest_route=\/wp\/v2\/product\/9344","targetHints":{"allow":["GET"]}}],"collection":[{"href":"https:\/\/anopri.com\/index.php?rest_route=\/wp\/v2\/product"}],"about":[{"href":"https:\/\/anopri.com\/index.php?rest_route=\/wp\/v2\/types\/product"}],"replies":[{"embeddable":true,"href":"https:\/\/anopri.com\/index.php?rest_route=%2Fwp%2Fv2%2Fcomments&post=9344"}],"wp:featuredmedia":[{"embeddable":true,"href":"https:\/\/anopri.com\/index.php?rest_route=\/wp\/v2\/media\/9382"}],"wp:attachment":[{"href":"https:\/\/anopri.com\/index.php?rest_route=%2Fwp%2Fv2%2Fmedia&parent=9344"}],"wp:term":[{"taxonomy":"product_brand","embeddable":true,"href":"https:\/\/anopri.com\/index.php?rest_route=%2Fwp%2Fv2%2Fproduct_brand&post=9344"},{"taxonomy":"product_cat","embeddable":true,"href":"https:\/\/anopri.com\/index.php?rest_route=%2Fwp%2Fv2%2Fproduct_cat&post=9344"},{"taxonomy":"product_tag","embeddable":true,"href":"https:\/\/anopri.com\/index.php?rest_route=%2Fwp%2Fv2%2Fproduct_tag&post=9344"},{"taxonomy":"product_brands","embeddable":true,"href":"https:\/\/anopri.com\/index.php?rest_route=%2Fwp%2Fv2%2Fproduct_brands&post=9344"}],"curies":[{"name":"wp","href":"https:\/\/api.w.org\/{rel}","templated":true}]}}