{"id":9339,"date":"2026-04-25T13:08:33","date_gmt":"2026-04-25T13:08:33","guid":{"rendered":"https:\/\/anopri.com\/?post_type=product&#038;p=9339"},"modified":"2026-04-25T13:08:40","modified_gmt":"2026-04-25T13:08:40","slug":"machine-a-popcorn-professionnelle","status":"publish","type":"product","link":"https:\/\/anopri.com\/?product=machine-a-popcorn-professionnelle","title":{"rendered":"Machine \u00e0 popcorn professionnelle"},"content":{"rendered":"<p>Cette machine est id\u00e9ale pour les cin\u00e9mas, les th\u00e9\u00e2tres, les f\u00eates foraines, les cirques\u2026<br \/>\n\u2022 Conception moderne, son int\u00e9rieur est illumin\u00e9, sa plaque de fond chauffante et son contr\u00f4le de la temp\u00e9rature.<br \/>\n\u2022 Gr\u00e2ce \u00e0 son \u00e9l\u00e9ment chauffant int\u00e9gr\u00e9 de 1.600 Watt, l\u2019appareil a un rendement \u00e9lev\u00e9 et atteint rapidement sa temp\u00e9rature de service.<br \/>\n\u2022 La marmite amovible d\u2019un diam\u00e8tre de 18,5 cm vous offre une aide pour r\u00e9aliser de d\u00e9licieux pop-corn.<br \/>\n\u2022 Le rev\u00eatement de la marmite emp\u00eache le pop-corn de br\u00fbler et permet de nettoyer celle-ci tr\u00e8s facilement.<br \/>\n\u2022 Seulement une minute est n\u00e9cessaire pour produire une portion de pop-corn, ce qui correspond \u00e0 un rendement d\u2019environ 5kg\/h Inclus avec la machine \u00e0 pop-corn, une pelle et un doseur.<br \/>\n\u2022 Gr\u00e2ce \u00e0 ces accessoires indispensables, vous pouvez utiliser imm\u00e9diatement la machine \u00e0 pop corn.<br \/>\n\u2022 La pelle et le doseurs sont adapt\u00e9s pour doser l\u2019huile, le sucre, les grains de ma\u00efs et le pop corn pr\u00e9par\u00e9 chaud et croquant.<br \/>\n\u2022 Ces accessoires sont en plastique et se nettoient tr\u00e8s facilement.<\/p>\n","protected":false},"excerpt":{"rendered":"<p>Cette machine est id\u00e9ale pour les cin\u00e9mas, les th\u00e9\u00e2tres, les f\u00eates foraines, les cirques\u2026 \u2022 Conception moderne, son int\u00e9rieur est illumin\u00e9, sa plaque de fond chauffante et son contr\u00f4le de la temp\u00e9rature. \u2022 Gr\u00e2ce \u00e0 son \u00e9l\u00e9ment chauffant int\u00e9gr\u00e9 de 1.600 Watt, l\u2019appareil a un rendement \u00e9lev\u00e9 et atteint rapidement sa temp\u00e9rature de service. \u2022&#8230;<\/p>\n","protected":false},"featured_media":9375,"comment_status":"closed","ping_status":"closed","template":"","meta":{"_bst_post_transparent":"","_bst_post_title":"","_bst_post_layout":"","_bst_post_sidebar_id":"","_bst_post_content_style":"","_bst_post_vertical_padding":"","_bst_post_feature":"","_bst_post_feature_position":"","_bst_post_header":false,"_bst_post_footer":false},"product_brand":[],"product_cat":[146,145],"product_tag":[],"product_brands":[],"class_list":{"0":"post-9339","1":"product","2":"type-product","3":"status-publish","4":"has-post-thumbnail","6":"product_cat-appareils-de-cuisson","7":"product_cat-electromenager","9":"first","10":"instock","11":"shipping-taxable","12":"purchasable","13":"product-type-simple","14":"entry","15":"content-bg","16":"loop-entry"},"_links":{"self":[{"href":"https:\/\/anopri.com\/index.php?rest_route=\/wp\/v2\/product\/9339","targetHints":{"allow":["GET"]}}],"collection":[{"href":"https:\/\/anopri.com\/index.php?rest_route=\/wp\/v2\/product"}],"about":[{"href":"https:\/\/anopri.com\/index.php?rest_route=\/wp\/v2\/types\/product"}],"replies":[{"embeddable":true,"href":"https:\/\/anopri.com\/index.php?rest_route=%2Fwp%2Fv2%2Fcomments&post=9339"}],"wp:featuredmedia":[{"embeddable":true,"href":"https:\/\/anopri.com\/index.php?rest_route=\/wp\/v2\/media\/9375"}],"wp:attachment":[{"href":"https:\/\/anopri.com\/index.php?rest_route=%2Fwp%2Fv2%2Fmedia&parent=9339"}],"wp:term":[{"taxonomy":"product_brand","embeddable":true,"href":"https:\/\/anopri.com\/index.php?rest_route=%2Fwp%2Fv2%2Fproduct_brand&post=9339"},{"taxonomy":"product_cat","embeddable":true,"href":"https:\/\/anopri.com\/index.php?rest_route=%2Fwp%2Fv2%2Fproduct_cat&post=9339"},{"taxonomy":"product_tag","embeddable":true,"href":"https:\/\/anopri.com\/index.php?rest_route=%2Fwp%2Fv2%2Fproduct_tag&post=9339"},{"taxonomy":"product_brands","embeddable":true,"href":"https:\/\/anopri.com\/index.php?rest_route=%2Fwp%2Fv2%2Fproduct_brands&post=9339"}],"curies":[{"name":"wp","href":"https:\/\/api.w.org\/{rel}","templated":true}]}}