{"id":9336,"date":"2026-04-25T13:08:33","date_gmt":"2026-04-25T13:08:33","guid":{"rendered":"https:\/\/anopri.com\/?post_type=product&#038;p=9336"},"modified":"2026-04-25T13:08:37","modified_gmt":"2026-04-25T13:08:37","slug":"megaphones-50w","status":"publish","type":"product","link":"https:\/\/anopri.com\/?product=megaphones-50w","title":{"rendered":"M\u00e9gaphones &#8211; 50w"},"content":{"rendered":"<h3 class=\"a-spacing-mini\">Gadget Wagon DC12V M\u00e9gaphone en plastique rechargeable puissant et pratique 50W avec haut-parleur sir\u00e8ne (Distance: 800 m\u00e8tres)<\/h3>\n<p>Source d&#8217;alimentation : Batterie, Batterie CC : Oui Nombre de bo\u00eetiers de haut-parleurs : 1 Crossover audio : Large bande \u00c9tanche : Oui Communication : AUX, prise en charge USB Carte m\u00e9moire : Oui Type de haut-parleur : Portable Mat\u00e9riau du coffret : Plastique Microphone int\u00e9gr\u00e9 : Oui Type : Canaux actifs : 1 Caract\u00e9ristique sp\u00e9ciale :Portable, MINI Alimentation :50 W RMS Alimentation : C12V OU DC6V OU pile AA\u00a0;\u00a0Application : Supermarch\u00e9s, Parking, s\u00e9curit\u00e9, spectacles, gestion d&#8217;\u00e9v\u00e9nements, mise en sc\u00e8ne, tournage vid\u00e9o, police Taille : 230 X 350 mm<\/p>\n","protected":false},"excerpt":{"rendered":"<p>Gadget Wagon DC12V M\u00e9gaphone en plastique rechargeable puissant et pratique 50W avec haut-parleur sir\u00e8ne (Distance: 800 m\u00e8tres) Source d&#8217;alimentation : Batterie, Batterie CC : Oui Nombre de bo\u00eetiers de haut-parleurs : 1 Crossover audio : Large bande \u00c9tanche : Oui Communication : AUX, prise en charge USB Carte m\u00e9moire : Oui Type de haut-parleur :&#8230;<\/p>\n","protected":false},"featured_media":9367,"comment_status":"closed","ping_status":"closed","template":"","meta":{"_bst_post_transparent":"","_bst_post_title":"","_bst_post_layout":"","_bst_post_sidebar_id":"","_bst_post_content_style":"","_bst_post_vertical_padding":"","_bst_post_feature":"","_bst_post_feature_position":"","_bst_post_header":false,"_bst_post_footer":false},"product_brand":[],"product_cat":[142,190,156,133],"product_tag":[],"product_brands":[],"class_list":{"0":"post-9336","1":"product","2":"type-product","3":"status-publish","4":"has-post-thumbnail","6":"product_cat-electronique","7":"product_cat-informatique-et-connectivite","8":"product_cat-outillages-et-petits-materiels-a-main","9":"product_cat-speaker","11":"first","12":"instock","13":"shipping-taxable","14":"purchasable","15":"product-type-simple","16":"entry","17":"content-bg","18":"loop-entry"},"_links":{"self":[{"href":"https:\/\/anopri.com\/index.php?rest_route=\/wp\/v2\/product\/9336","targetHints":{"allow":["GET"]}}],"collection":[{"href":"https:\/\/anopri.com\/index.php?rest_route=\/wp\/v2\/product"}],"about":[{"href":"https:\/\/anopri.com\/index.php?rest_route=\/wp\/v2\/types\/product"}],"replies":[{"embeddable":true,"href":"https:\/\/anopri.com\/index.php?rest_route=%2Fwp%2Fv2%2Fcomments&post=9336"}],"wp:featuredmedia":[{"embeddable":true,"href":"https:\/\/anopri.com\/index.php?rest_route=\/wp\/v2\/media\/9367"}],"wp:attachment":[{"href":"https:\/\/anopri.com\/index.php?rest_route=%2Fwp%2Fv2%2Fmedia&parent=9336"}],"wp:term":[{"taxonomy":"product_brand","embeddable":true,"href":"https:\/\/anopri.com\/index.php?rest_route=%2Fwp%2Fv2%2Fproduct_brand&post=9336"},{"taxonomy":"product_cat","embeddable":true,"href":"https:\/\/anopri.com\/index.php?rest_route=%2Fwp%2Fv2%2Fproduct_cat&post=9336"},{"taxonomy":"product_tag","embeddable":true,"href":"https:\/\/anopri.com\/index.php?rest_route=%2Fwp%2Fv2%2Fproduct_tag&post=9336"},{"taxonomy":"product_brands","embeddable":true,"href":"https:\/\/anopri.com\/index.php?rest_route=%2Fwp%2Fv2%2Fproduct_brands&post=9336"}],"curies":[{"name":"wp","href":"https:\/\/api.w.org\/{rel}","templated":true}]}}