{"id":9284,"date":"2026-04-25T13:08:17","date_gmt":"2026-04-25T13:08:17","guid":{"rendered":"https:\/\/anopri.com\/?post_type=product&#038;p=9284"},"modified":"2026-04-25T13:08:31","modified_gmt":"2026-04-25T13:08:31","slug":"fer-a-repasser-avec-chaudiere-raf-semelle-ceramique","status":"publish","type":"product","link":"https:\/\/anopri.com\/?product=fer-a-repasser-avec-chaudiere-raf-semelle-ceramique","title":{"rendered":"Fer \u00e0 Repasser avec Chaudi\u00e8re &#8211; RAF  Semelle C\u00e9ramique"},"content":{"rendered":"<p>Con\u00e7u pour r\u00e9volutionner votre exp\u00e9rience de nettoyage, Ce puissant nettoyeur vapeur est \u00e9quip\u00e9 d&#8217;une gamme de fonctionnalit\u00e9s avanc\u00e9es, garantissant un processus de nettoyage approfondi et efficace qui laisse vos surfaces impeccables et propres.<\/p>\n<p>Notre fonction innovante de pulv\u00e9risation d&#8217;eau compl\u00e8te le processus de nettoyage avec de la vapeur et fournit une couche suppl\u00e9mentaire d&#8217;humidit\u00e9 pour les taches tenaces. Cette double action assure un nettoyage en profondeur et en profondeur de toutes les surfaces.<\/p>\n","protected":false},"excerpt":{"rendered":"<div class=\"specs__row\"><strong>Marque: <a class=\"specs__party\" title=\"RF\" href=\"https:\/\/www.bol.com\/be\/fr\/b\/rf\/600045908\/\" data-analytics-id=\"px_common_navigation\" data-analytics-tag=\"pdp:product-specification:RF\" data-bltgh=\"pom-fEge0C-nQHX-HeRHgg.2_28.29.GoToBrandPageEntry\">RAF<\/a><\/strong><\/div>\n<div class=\"specs__row\"><strong>Mod\u00e8le S\u00c9RIE: PRO<\/strong><\/div>\n<div class=\"specs__row\"><strong>Poids de l&#8217;emballage: 3 kg<\/strong><\/div>\n<div><strong>Capacit\u00e9 du r\u00e9servoir d&#8217;eau: 1500 ml<\/strong><\/div>\n<div class=\"specs__row\"><strong>Puissance:\u00a0 3100 W<\/strong><\/div>\n<div class=\"specs__row\"><strong>Mat\u00e9riel 100% aluminium recycl\u00e9<\/strong><\/div>\n<div class=\"specs__row\"><strong>Mati\u00e8re de la semelle Enti\u00e8rement en c\u00e9ramique<\/strong><\/div>\n<div class=\"specs__row\"><strong>Longueur du cordon: 2 m<\/strong><\/div>\n<div class=\"specs__row\"><strong>Sans fil: Non<\/strong><\/div>\n<div class=\"specs__row\"><strong>Type de syst\u00e8me: anticalcaire Collecteur anti-calcaire<\/strong><\/div>\n<div class=\"specs__row\"><strong>Minutes jusqu&#8217;\u00e0 l&#8217;utilisation: 1<\/strong><\/div>\n","protected":false},"featured_media":9329,"comment_status":"closed","ping_status":"closed","template":"","meta":{"_bst_post_transparent":"","_bst_post_title":"","_bst_post_layout":"","_bst_post_sidebar_id":"","_bst_post_content_style":"","_bst_post_vertical_padding":"","_bst_post_feature":"","_bst_post_feature_position":"","_bst_post_header":false,"_bst_post_footer":false},"product_brand":[],"product_cat":[145,159],"product_tag":[],"product_brands":[],"class_list":{"0":"post-9284","1":"product","2":"type-product","3":"status-publish","4":"has-post-thumbnail","6":"product_cat-electromenager","7":"product_cat-fer-a-repasser","9":"first","10":"instock","11":"shipping-taxable","12":"purchasable","13":"product-type-simple","14":"entry","15":"content-bg","16":"loop-entry"},"_links":{"self":[{"href":"https:\/\/anopri.com\/index.php?rest_route=\/wp\/v2\/product\/9284","targetHints":{"allow":["GET"]}}],"collection":[{"href":"https:\/\/anopri.com\/index.php?rest_route=\/wp\/v2\/product"}],"about":[{"href":"https:\/\/anopri.com\/index.php?rest_route=\/wp\/v2\/types\/product"}],"replies":[{"embeddable":true,"href":"https:\/\/anopri.com\/index.php?rest_route=%2Fwp%2Fv2%2Fcomments&post=9284"}],"wp:featuredmedia":[{"embeddable":true,"href":"https:\/\/anopri.com\/index.php?rest_route=\/wp\/v2\/media\/9329"}],"wp:attachment":[{"href":"https:\/\/anopri.com\/index.php?rest_route=%2Fwp%2Fv2%2Fmedia&parent=9284"}],"wp:term":[{"taxonomy":"product_brand","embeddable":true,"href":"https:\/\/anopri.com\/index.php?rest_route=%2Fwp%2Fv2%2Fproduct_brand&post=9284"},{"taxonomy":"product_cat","embeddable":true,"href":"https:\/\/anopri.com\/index.php?rest_route=%2Fwp%2Fv2%2Fproduct_cat&post=9284"},{"taxonomy":"product_tag","embeddable":true,"href":"https:\/\/anopri.com\/index.php?rest_route=%2Fwp%2Fv2%2Fproduct_tag&post=9284"},{"taxonomy":"product_brands","embeddable":true,"href":"https:\/\/anopri.com\/index.php?rest_route=%2Fwp%2Fv2%2Fproduct_brands&post=9284"}],"curies":[{"name":"wp","href":"https:\/\/api.w.org\/{rel}","templated":true}]}}