{"id":9282,"date":"2026-04-25T13:08:17","date_gmt":"2026-04-25T13:08:17","guid":{"rendered":"https:\/\/anopri.com\/?post_type=product&#038;p=9282"},"modified":"2026-04-25T13:08:30","modified_gmt":"2026-04-25T13:08:30","slug":"mixeur-brabantia-en-acier-inoxydable-d8-4c","status":"publish","type":"product","link":"https:\/\/anopri.com\/?product=mixeur-brabantia-en-acier-inoxydable-d8-4c","title":{"rendered":"mixeur Brabantia en acier inoxydable D8-4C"},"content":{"rendered":"<p>Le nouveau mixeur plongeant Dynamic de Brabantia, d&#8217;inspiration europ\u00e9enne, de 1\u00a0000 W, allie parfaitement design intemporel et fonctionnalit\u00e9. Ce mixeur plongeant est parfaitement adapt\u00e9 \u00e0 la pr\u00e9paration de trempettes, de sauces, de soupes, de mayonnaise et d&#8217;aliments pour b\u00e9b\u00e9, ainsi qu&#8217;au m\u00e9lange de milkshakes et bien plus encore.<\/p>\n<p>\u2022 8 r\u00e9glages de vitesse variable avec voyant lumineux<br \/>\n\u2022 Bouton Turbo<br \/>\n\u2022 Poign\u00e9e ergonomique douce au toucher<br \/>\n\u2022 Ext\u00e9rieur en acier inoxydable bross\u00e9<br \/>\n\u2022 Tasse \u00e0 mesurer de 600 ml<\/p>\n","protected":false},"excerpt":{"rendered":"<p>Le nouveau mixeur plongeant Dynamic de Brabantia, d&#8217;inspiration europ\u00e9enne, de 1\u00a0000 W, allie parfaitement design intemporel et fonctionnalit\u00e9. Ce mixeur plongeant est parfaitement adapt\u00e9 \u00e0 la pr\u00e9paration de trempettes, de sauces, de soupes, de mayonnaise et d&#8217;aliments pour b\u00e9b\u00e9, ainsi qu&#8217;au m\u00e9lange de milkshakes et bien plus encore. \u2022 8 r\u00e9glages de vitesse variable avec&#8230;<\/p>\n","protected":false},"featured_media":9326,"comment_status":"closed","ping_status":"closed","template":"","meta":{"_bst_post_transparent":"","_bst_post_title":"","_bst_post_layout":"","_bst_post_sidebar_id":"","_bst_post_content_style":"","_bst_post_vertical_padding":"","_bst_post_feature":"","_bst_post_feature_position":"","_bst_post_header":false,"_bst_post_footer":false},"product_brand":[],"product_cat":[145,182],"product_tag":[],"product_brands":[],"class_list":{"0":"post-9282","1":"product","2":"type-product","3":"status-publish","4":"has-post-thumbnail","6":"product_cat-electromenager","7":"product_cat-mixeurs-blenders","9":"first","10":"instock","11":"shipping-taxable","12":"purchasable","13":"product-type-simple","14":"entry","15":"content-bg","16":"loop-entry"},"_links":{"self":[{"href":"https:\/\/anopri.com\/index.php?rest_route=\/wp\/v2\/product\/9282","targetHints":{"allow":["GET"]}}],"collection":[{"href":"https:\/\/anopri.com\/index.php?rest_route=\/wp\/v2\/product"}],"about":[{"href":"https:\/\/anopri.com\/index.php?rest_route=\/wp\/v2\/types\/product"}],"replies":[{"embeddable":true,"href":"https:\/\/anopri.com\/index.php?rest_route=%2Fwp%2Fv2%2Fcomments&post=9282"}],"wp:featuredmedia":[{"embeddable":true,"href":"https:\/\/anopri.com\/index.php?rest_route=\/wp\/v2\/media\/9326"}],"wp:attachment":[{"href":"https:\/\/anopri.com\/index.php?rest_route=%2Fwp%2Fv2%2Fmedia&parent=9282"}],"wp:term":[{"taxonomy":"product_brand","embeddable":true,"href":"https:\/\/anopri.com\/index.php?rest_route=%2Fwp%2Fv2%2Fproduct_brand&post=9282"},{"taxonomy":"product_cat","embeddable":true,"href":"https:\/\/anopri.com\/index.php?rest_route=%2Fwp%2Fv2%2Fproduct_cat&post=9282"},{"taxonomy":"product_tag","embeddable":true,"href":"https:\/\/anopri.com\/index.php?rest_route=%2Fwp%2Fv2%2Fproduct_tag&post=9282"},{"taxonomy":"product_brands","embeddable":true,"href":"https:\/\/anopri.com\/index.php?rest_route=%2Fwp%2Fv2%2Fproduct_brands&post=9282"}],"curies":[{"name":"wp","href":"https:\/\/api.w.org\/{rel}","templated":true}]}}