{"id":9277,"date":"2026-04-25T13:08:16","date_gmt":"2026-04-25T13:08:16","guid":{"rendered":"https:\/\/anopri.com\/?post_type=product&#038;p=9277"},"modified":"2026-04-25T13:08:29","modified_gmt":"2026-04-25T13:08:29","slug":"refrigerateur-oscar-118l-osc-r150s","status":"publish","type":"product","link":"https:\/\/anopri.com\/?product=refrigerateur-oscar-118l-osc-r150s","title":{"rendered":"R\u00e9frig\u00e9rateur OSCAR 118L -OSC R150S"},"content":{"rendered":"<p>Le r\u00e9frig\u00e9rateur Oscar R150S de 118 L est l\u2019appareil id\u00e9al pour ceux qui recherchent une solution de stockage compact et efficace. Avec un design moderne et \u00e9l\u00e9gant en gris, il s\u2019int\u00e8gre parfaitement dans toutes les cuisines, studios ou bureaux. Son syst\u00e8me de refroidissement rapide permet de maintenir une temp\u00e9rature optimale pour vos aliments et boissons, tout en pr\u00e9servant leur fra\u00eecheur plus longtemps. Compact, performant et \u00e9conomique, ce r\u00e9frig\u00e9rateur est parfait pour les espaces restreints sans compromis sur la capacit\u00e9 de stockage. Il est \u00e9galement livr\u00e9 avec une garantie de 6 mois, vous offrant une tranquillit\u00e9 d\u2019esprit suppl\u00e9mentaire.<\/p>\n","protected":false},"excerpt":{"rendered":"<ul>\n<li>\n<h3>Type de produit: R\u00e9frig\u00e9rateur de chambre<\/h3>\n<\/li>\n<li>\n<h3>Marque : Oscar<\/h3>\n<\/li>\n<li>\n<h3>Mod\u00e8le: R150s<\/h3>\n<\/li>\n<li>\n<h3>Volume 118L<\/h3>\n<\/li>\n<li>\n<h3>Tension: 220-240V<\/h3>\n<\/li>\n<li>\n<h3>Fr\u00e9quence: 50Hz<\/h3>\n<\/li>\n<li>\n<h3>Classe \u00e9nerg\u00e9tique: A+<\/h3>\n<\/li>\n<li>\n<h3>Consommation \u00e9nerg\u00e9tique: 14.58kwh\/mois<\/h3>\n<\/li>\n<li>\n<h3>R\u00e9frig\u00e9rant : R600a<\/h3>\n<\/li>\n<li>\n<h3>Garantie: 06 mois<\/h3>\n<\/li>\n<li>\n<h3>Dimensions<\/h3>\n<\/li>\n<\/ul>\n<ol>\n<li>\n<h3>Hauteur: 115cm<\/h3>\n<\/li>\n<li>\n<h3>Largeur : 48cm<\/h3>\n<\/li>\n<li>\n<h3>Profondeur :45cm<\/h3>\n<\/li>\n<\/ol>\n","protected":false},"featured_media":9323,"comment_status":"closed","ping_status":"closed","template":"","meta":{"_bst_post_transparent":"","_bst_post_title":"","_bst_post_layout":"","_bst_post_sidebar_id":"","_bst_post_content_style":"","_bst_post_vertical_padding":"","_bst_post_feature":"","_bst_post_feature_position":"","_bst_post_header":false,"_bst_post_footer":false},"product_brand":[],"product_cat":[145,157],"product_tag":[],"product_brands":[],"class_list":{"0":"post-9277","1":"product","2":"type-product","3":"status-publish","4":"has-post-thumbnail","6":"product_cat-electromenager","7":"product_cat-refrigerateur","9":"first","10":"instock","11":"sale","12":"shipping-taxable","13":"purchasable","14":"product-type-simple","15":"entry","16":"content-bg","17":"loop-entry"},"_links":{"self":[{"href":"https:\/\/anopri.com\/index.php?rest_route=\/wp\/v2\/product\/9277","targetHints":{"allow":["GET"]}}],"collection":[{"href":"https:\/\/anopri.com\/index.php?rest_route=\/wp\/v2\/product"}],"about":[{"href":"https:\/\/anopri.com\/index.php?rest_route=\/wp\/v2\/types\/product"}],"replies":[{"embeddable":true,"href":"https:\/\/anopri.com\/index.php?rest_route=%2Fwp%2Fv2%2Fcomments&post=9277"}],"wp:featuredmedia":[{"embeddable":true,"href":"https:\/\/anopri.com\/index.php?rest_route=\/wp\/v2\/media\/9323"}],"wp:attachment":[{"href":"https:\/\/anopri.com\/index.php?rest_route=%2Fwp%2Fv2%2Fmedia&parent=9277"}],"wp:term":[{"taxonomy":"product_brand","embeddable":true,"href":"https:\/\/anopri.com\/index.php?rest_route=%2Fwp%2Fv2%2Fproduct_brand&post=9277"},{"taxonomy":"product_cat","embeddable":true,"href":"https:\/\/anopri.com\/index.php?rest_route=%2Fwp%2Fv2%2Fproduct_cat&post=9277"},{"taxonomy":"product_tag","embeddable":true,"href":"https:\/\/anopri.com\/index.php?rest_route=%2Fwp%2Fv2%2Fproduct_tag&post=9277"},{"taxonomy":"product_brands","embeddable":true,"href":"https:\/\/anopri.com\/index.php?rest_route=%2Fwp%2Fv2%2Fproduct_brands&post=9277"}],"curies":[{"name":"wp","href":"https:\/\/api.w.org\/{rel}","templated":true}]}}