{"id":9276,"date":"2026-04-25T13:08:16","date_gmt":"2026-04-25T13:08:16","guid":{"rendered":"https:\/\/anopri.com\/?post_type=product&#038;p=9276"},"modified":"2026-04-25T13:08:28","modified_gmt":"2026-04-25T13:08:28","slug":"ventilateur-colonne-avec-telecommande-kys-30","status":"publish","type":"product","link":"https:\/\/anopri.com\/?product=ventilateur-colonne-avec-telecommande-kys-30","title":{"rendered":"VENTILATEUR COLONNE  avec t\u00e9l\u00e9commande KYS-30"},"content":{"rendered":"<p>Puissant (56 watts) \/ Peu \u00e9nergivore 3 vitesses de ventilation \/ Poign\u00e9e de transport moul\u00e9e Silencieux : max. 60 dB (A) Design moderne, encombrement r\u00e9duit \/ Socle permettant d&#8217;installer stablement l&#8217;appareil Fonction d&#8217;oscillation automatique 80\u00b0, d\u00e9sactivable<\/p>\n","protected":false},"excerpt":{"rendered":"<p>Puissant (56 watts) \/ Peu \u00e9nergivore 3 vitesses de ventilation \/ Poign\u00e9e de transport moul\u00e9e Silencieux : max. 60 dB (A) Design moderne, encombrement r\u00e9duit \/ Socle permettant d&#8217;installer stablement l&#8217;appareil Fonction d&#8217;oscillation automatique 80\u00b0, d\u00e9sactivable<\/p>\n","protected":false},"featured_media":9320,"comment_status":"closed","ping_status":"closed","template":"","meta":{"_bst_post_transparent":"","_bst_post_title":"","_bst_post_layout":"","_bst_post_sidebar_id":"","_bst_post_content_style":"","_bst_post_vertical_padding":"","_bst_post_feature":"","_bst_post_feature_position":"","_bst_post_header":false,"_bst_post_footer":false},"product_brand":[],"product_cat":[160,142],"product_tag":[],"product_brands":[],"class_list":{"0":"post-9276","1":"product","2":"type-product","3":"status-publish","4":"has-post-thumbnail","6":"product_cat-climatiseurs-ventilateurs","7":"product_cat-electronique","9":"first","10":"instock","11":"sale","12":"shipping-taxable","13":"purchasable","14":"product-type-simple","15":"entry","16":"content-bg","17":"loop-entry"},"_links":{"self":[{"href":"https:\/\/anopri.com\/index.php?rest_route=\/wp\/v2\/product\/9276","targetHints":{"allow":["GET"]}}],"collection":[{"href":"https:\/\/anopri.com\/index.php?rest_route=\/wp\/v2\/product"}],"about":[{"href":"https:\/\/anopri.com\/index.php?rest_route=\/wp\/v2\/types\/product"}],"replies":[{"embeddable":true,"href":"https:\/\/anopri.com\/index.php?rest_route=%2Fwp%2Fv2%2Fcomments&post=9276"}],"wp:featuredmedia":[{"embeddable":true,"href":"https:\/\/anopri.com\/index.php?rest_route=\/wp\/v2\/media\/9320"}],"wp:attachment":[{"href":"https:\/\/anopri.com\/index.php?rest_route=%2Fwp%2Fv2%2Fmedia&parent=9276"}],"wp:term":[{"taxonomy":"product_brand","embeddable":true,"href":"https:\/\/anopri.com\/index.php?rest_route=%2Fwp%2Fv2%2Fproduct_brand&post=9276"},{"taxonomy":"product_cat","embeddable":true,"href":"https:\/\/anopri.com\/index.php?rest_route=%2Fwp%2Fv2%2Fproduct_cat&post=9276"},{"taxonomy":"product_tag","embeddable":true,"href":"https:\/\/anopri.com\/index.php?rest_route=%2Fwp%2Fv2%2Fproduct_tag&post=9276"},{"taxonomy":"product_brands","embeddable":true,"href":"https:\/\/anopri.com\/index.php?rest_route=%2Fwp%2Fv2%2Fproduct_brands&post=9276"}],"curies":[{"name":"wp","href":"https:\/\/api.w.org\/{rel}","templated":true}]}}