{"id":9274,"date":"2026-04-25T13:08:16","date_gmt":"2026-04-25T13:08:16","guid":{"rendered":"https:\/\/anopri.com\/?post_type=product&#038;p=9274"},"modified":"2026-04-25T13:08:27","modified_gmt":"2026-04-25T13:08:27","slug":"cuisiniere-a-gaz-oscar-4-foyers-60-x-60-inox","status":"publish","type":"product","link":"https:\/\/anopri.com\/?product=cuisiniere-a-gaz-oscar-4-foyers-60-x-60-inox","title":{"rendered":"Cuisini\u00e8re \u00e0 gaz Oscar 4 foyers &#8211; 60 x 60 &#8211; inox"},"content":{"rendered":"<p>Faites cuire vos aliments \u00e0 des puissances vari\u00e9es de<strong>\u00a01000W \u00e0 3000W sur les 4 bruleurs ind\u00e9pendants<\/strong>\u00a0qu&#8217;offre la cuisini\u00e8re Oscar. Elle vous donne de cuisiner plusieurs plats au m\u00eame moment aux temp\u00e9ratures de votre choix sur son plateau en acier inoxydable. Et donc, il vous suffira juste de l&#8217;allumer la gazini\u00e8re et r\u00e9gler justement la puissance comme elle vous convient.<\/p>\n<p><strong>La gazini\u00e8re de Oscar est \u00e9quip\u00e9<\/strong>\u00a0<strong>d&#8217;un four<\/strong>\u00a0qui vous offre une pr\u00e9paration d\u00e9licate pour des plats \u00e0 chaque fois r\u00e9ussis. Ici aussi bien \u00e9videmment vous pourrez r\u00e9gler la temp\u00e9rature \u00e0 celle qui vous convient ou m\u00eame \u00e0 celle appropri\u00e9e pour votre pr\u00e9paration afin de la laisser cuire d\u00e9licatement, pour obtenir de beaux r\u00e9sultats.<\/p>\n","protected":false},"excerpt":{"rendered":"<ul>\n<li>\n<h3><strong>Type de produit:\u00a0<\/strong>Cuisini\u00e8re \u00e0 gaz<\/h3>\n<\/li>\n<li>\n<h3><strong>Marque:\u00a0<\/strong>Oscar<\/h3>\n<\/li>\n<li>\n<h3><strong>Nombre de foyers :<\/strong>\u00a04<\/h3>\n<\/li>\n<li>\n<h3><strong>Dimensions :\u00a0<\/strong>60 \u00d7 60cm<\/h3>\n<\/li>\n<li>\n<h3><strong>Plateau :<\/strong>\u00a0Acier inoxydable<\/h3>\n<\/li>\n<li>\n<h3><strong>Rev\u00eatement :\u00a0<\/strong>Inox<\/h3>\n<\/li>\n<li>\n<h3><strong>Couvercle en verre :\u00a0<\/strong>Oui<\/h3>\n<\/li>\n<li>\n<h3><strong>Allumage Automatique :\u00a0<\/strong>oui<\/h3>\n<\/li>\n<li>\n<h3><strong>Grille m\u00e9tallique: oui<\/strong><\/h3>\n<\/li>\n<li>\n<h3><strong>Four \u00e0 gaz :\u00a0<\/strong>Oui<\/h3>\n<\/li>\n<li>\n<h3><strong>Poids :<\/strong>\u00a026 Kg<\/h3>\n<\/li>\n<li>\n<h3><strong>Couleur :<\/strong>\u00a0 inox<\/h3>\n<\/li>\n<li>\n<h3><strong>Garantie :\u00a0<\/strong>6 mois<\/h3>\n<\/li>\n<\/ul>\n","protected":false},"featured_media":9316,"comment_status":"closed","ping_status":"closed","template":"","meta":{"_bst_post_transparent":"","_bst_post_title":"","_bst_post_layout":"","_bst_post_sidebar_id":"","_bst_post_content_style":"","_bst_post_vertical_padding":"","_bst_post_feature":"","_bst_post_feature_position":"","_bst_post_header":false,"_bst_post_footer":false},"product_brand":[],"product_cat":[151,150,145],"product_tag":[],"product_brands":[],"class_list":{"0":"post-9274","1":"product","2":"type-product","3":"status-publish","4":"has-post-thumbnail","6":"product_cat-cuisiniere","7":"product_cat-cuisiniere-et-plaque-a-gaz","8":"product_cat-electromenager","10":"first","11":"instock","12":"sale","13":"shipping-taxable","14":"purchasable","15":"product-type-simple","16":"entry","17":"content-bg","18":"loop-entry"},"_links":{"self":[{"href":"https:\/\/anopri.com\/index.php?rest_route=\/wp\/v2\/product\/9274","targetHints":{"allow":["GET"]}}],"collection":[{"href":"https:\/\/anopri.com\/index.php?rest_route=\/wp\/v2\/product"}],"about":[{"href":"https:\/\/anopri.com\/index.php?rest_route=\/wp\/v2\/types\/product"}],"replies":[{"embeddable":true,"href":"https:\/\/anopri.com\/index.php?rest_route=%2Fwp%2Fv2%2Fcomments&post=9274"}],"wp:featuredmedia":[{"embeddable":true,"href":"https:\/\/anopri.com\/index.php?rest_route=\/wp\/v2\/media\/9316"}],"wp:attachment":[{"href":"https:\/\/anopri.com\/index.php?rest_route=%2Fwp%2Fv2%2Fmedia&parent=9274"}],"wp:term":[{"taxonomy":"product_brand","embeddable":true,"href":"https:\/\/anopri.com\/index.php?rest_route=%2Fwp%2Fv2%2Fproduct_brand&post=9274"},{"taxonomy":"product_cat","embeddable":true,"href":"https:\/\/anopri.com\/index.php?rest_route=%2Fwp%2Fv2%2Fproduct_cat&post=9274"},{"taxonomy":"product_tag","embeddable":true,"href":"https:\/\/anopri.com\/index.php?rest_route=%2Fwp%2Fv2%2Fproduct_tag&post=9274"},{"taxonomy":"product_brands","embeddable":true,"href":"https:\/\/anopri.com\/index.php?rest_route=%2Fwp%2Fv2%2Fproduct_brands&post=9274"}],"curies":[{"name":"wp","href":"https:\/\/api.w.org\/{rel}","templated":true}]}}