{"id":9273,"date":"2026-04-25T13:08:16","date_gmt":"2026-04-25T13:08:16","guid":{"rendered":"https:\/\/anopri.com\/?post_type=product&#038;p=9273"},"modified":"2026-04-25T13:08:27","modified_gmt":"2026-04-25T13:08:27","slug":"congelateur-double-battants-oscar-358-litres-osc-520-argent","status":"publish","type":"product","link":"https:\/\/anopri.com\/?product=congelateur-double-battants-oscar-358-litres-osc-520-argent","title":{"rendered":"Cong\u00e9lateur double battants &#8211; OSCAR 358 litres &#8211; OSC 520 &#8211; Argent"},"content":{"rendered":"<p>ce<strong>\u00a0cong\u00e9lateur \u00e0 coffre 2 portes<\/strong>\u00a0est facile \u00e0 utiliser et \u00e0 entretenir. Il dispose d&#8217;un thermostat r\u00e9glable pour vous permettre de contr\u00f4ler la temp\u00e9rature \u00e0 l&#8217;int\u00e9rieur du cong\u00e9lateur. De plus, il est \u00e9quip\u00e9 d&#8217;un syst\u00e8me de d\u00e9givrage automatique pour \u00e9viter l&#8217;accumulation de glace et de givre.<\/p>\n<p>Ce\u00a0<strong>cong\u00e9lateur coffre 358 litres<\/strong>\u00a0 est \u00e9galement tr\u00e8s \u00e9conome en \u00e9nergie, avec une classe \u00e9nerg\u00e9tique\u00a0<strong>A+<\/strong>. Cela signifie qu&#8217;il consomme moins d&#8217;\u00e9lectricit\u00e9 que les mod\u00e8les plus anciens, ce qui vous permettra d&#8217;\u00e9conomiser de l&#8217;argent sur votre facture d&#8217;\u00e9lectricit\u00e9.<\/p>\n","protected":false},"excerpt":{"rendered":"<ul>\n<li aria-level=\"1\"><strong>Marque:<\/strong>\u00a0OSCAR<\/li>\n<li aria-level=\"1\"><strong>Type de produit:<\/strong>\u00a0Cong\u00e9lateur<\/li>\n<li aria-level=\"1\"><strong>Type de cong\u00e9lateur :<\/strong>\u00a0Coffre<\/li>\n<li aria-level=\"1\"><strong>Cat\u00e9gorie:\u00a0<\/strong>Electrom\u00e9nager<\/li>\n<li aria-level=\"1\"><strong>Mod\u00e8le:\u00a0<\/strong>OSC 520<\/li>\n<li aria-level=\"1\"><strong>Couleur:\u00a0<\/strong>Argent<\/li>\n<li aria-level=\"1\"><strong>Capacit\u00e9:<\/strong>\u00a0358 litres<\/li>\n<li aria-level=\"1\"><strong>Dimension (LxPxH):\u00a0<\/strong>129 x 60 x 85 cm<\/li>\n<li aria-level=\"1\"><strong>Consommation energ\u00e9tique :<\/strong>\u00a0A+<\/li>\n<li aria-level=\"1\"><strong>Classe climatique :<\/strong>\u00a0T\/5<\/li>\n<li aria-level=\"1\"><strong>Voltage :<\/strong>\u00a0220-240V<\/li>\n<li aria-level=\"1\"><strong>Frequence :<\/strong>\u00a050 HZ<\/li>\n<li aria-level=\"1\"><strong>Poids Net :\u00a0<\/strong>59 Kg<\/li>\n<li aria-level=\"1\"><strong>Classification de s\u00e9curit\u00e9 anti-choc :\u00a0<\/strong>I<\/li>\n<li aria-level=\"1\"><strong>Consommation annuelle :\u00a0<\/strong>354.0 kwh\/annum<\/li>\n<li aria-level=\"1\"><strong>courant nominal :\u00a0<\/strong>1.1A<\/li>\n<li aria-level=\"1\"><strong>charge de r\u00e9frig\u00e9rant :\u00a0<\/strong>R600a \/64g<\/li>\n<li aria-level=\"1\">Avec 1 Panier<\/li>\n<li aria-level=\"1\"><strong>Nombre de Porte:<\/strong>\u00a002<\/li>\n<li aria-level=\"1\"><strong>Puissance d&#8217;entr\u00e9e de la lampe :<\/strong>\u00a01,4 W<\/li>\n<li aria-level=\"1\"><strong>Gaz de soufflage :\u00a0<\/strong>CYCLOPENTANE<\/li>\n<li aria-level=\"1\"><strong>Garantie:<\/strong>\u00a006 mois<\/li>\n<\/ul>\n","protected":false},"featured_media":9313,"comment_status":"closed","ping_status":"closed","template":"","meta":{"_bst_post_transparent":"","_bst_post_title":"","_bst_post_layout":"","_bst_post_sidebar_id":"","_bst_post_content_style":"","_bst_post_vertical_padding":"","_bst_post_feature":"","_bst_post_feature_position":"","_bst_post_header":false,"_bst_post_footer":false},"product_brand":[],"product_cat":[153,145],"product_tag":[],"product_brands":[],"class_list":{"0":"post-9273","1":"product","2":"type-product","3":"status-publish","4":"has-post-thumbnail","6":"product_cat-congelateur-coffre","7":"product_cat-electromenager","9":"first","10":"instock","11":"shipping-taxable","12":"purchasable","13":"product-type-simple","14":"entry","15":"content-bg","16":"loop-entry"},"_links":{"self":[{"href":"https:\/\/anopri.com\/index.php?rest_route=\/wp\/v2\/product\/9273","targetHints":{"allow":["GET"]}}],"collection":[{"href":"https:\/\/anopri.com\/index.php?rest_route=\/wp\/v2\/product"}],"about":[{"href":"https:\/\/anopri.com\/index.php?rest_route=\/wp\/v2\/types\/product"}],"replies":[{"embeddable":true,"href":"https:\/\/anopri.com\/index.php?rest_route=%2Fwp%2Fv2%2Fcomments&post=9273"}],"wp:featuredmedia":[{"embeddable":true,"href":"https:\/\/anopri.com\/index.php?rest_route=\/wp\/v2\/media\/9313"}],"wp:attachment":[{"href":"https:\/\/anopri.com\/index.php?rest_route=%2Fwp%2Fv2%2Fmedia&parent=9273"}],"wp:term":[{"taxonomy":"product_brand","embeddable":true,"href":"https:\/\/anopri.com\/index.php?rest_route=%2Fwp%2Fv2%2Fproduct_brand&post=9273"},{"taxonomy":"product_cat","embeddable":true,"href":"https:\/\/anopri.com\/index.php?rest_route=%2Fwp%2Fv2%2Fproduct_cat&post=9273"},{"taxonomy":"product_tag","embeddable":true,"href":"https:\/\/anopri.com\/index.php?rest_route=%2Fwp%2Fv2%2Fproduct_tag&post=9273"},{"taxonomy":"product_brands","embeddable":true,"href":"https:\/\/anopri.com\/index.php?rest_route=%2Fwp%2Fv2%2Fproduct_brands&post=9273"}],"curies":[{"name":"wp","href":"https:\/\/api.w.org\/{rel}","templated":true}]}}