{"id":9226,"date":"2026-04-25T13:07:51","date_gmt":"2026-04-25T13:07:51","guid":{"rendered":"https:\/\/anopri.com\/?post_type=product&#038;p=9226"},"modified":"2026-04-25T13:08:09","modified_gmt":"2026-04-25T13:08:09","slug":"refrigerateur-vitre-oscar-osc-rv350-qn-253-litres","status":"publish","type":"product","link":"https:\/\/anopri.com\/?product=refrigerateur-vitre-oscar-osc-rv350-qn-253-litres","title":{"rendered":"R\u00e9frig\u00e9rateur Vitr\u00e9 &#8211; Oscar &#8211; OSC-RV350-QN &#8211; 253 Litres"},"content":{"rendered":"<p>Le\u00a0r\u00e9frig\u00e9rateur vitr\u00e9 Oscar\u00a0est un choix id\u00e9al pour les entreprises \u00e0 la recherche d&#8217;un appareil compact et efficace pour leur espace commercial. Avec une capacit\u00e9 de\u00a0253 litres, il offre suffisamment d&#8217;espace pour stocker tous vos produits frais.<\/p>\n<p>Ce\u00a0r\u00e9frig\u00e9rateur vitr\u00e9\u00a0est \u00e9quip\u00e9 de quatre \u00e9tag\u00e8res de rangement pour organiser l&#8217;int\u00e9rieur selon vos besoins. Il dispose \u00e9galement d&#8217;une lampe qui illumine vos produits, les mettant en valeur pour vos clients.<\/p>\n","protected":false},"excerpt":{"rendered":"<ul>\n<li>&#8211; Type de produit:\u00a0R\u00e9frig\u00e9rateur<\/li>\n<li>&#8211; Type de r\u00e9frig\u00e9rateur : \u00a0Vitr\u00e9<\/li>\n<li>&#8211; Marque :\u00a0Oscar<\/li>\n<li>&#8211; Mod\u00e8le :\u00a0OSC-RV350-QN<\/li>\n<li>&#8211; Couleur:\u00a0Blanc<\/li>\n<li>&#8211; Dimension (LxPxH):\u00a055 x 53 x192 cm<\/li>\n<li>&#8211; Nombre de portes :1<\/li>\n<li>&#8211; Volume brut \/ Volume net :\u00a0253L<\/li>\n<li>&#8211; Classe \u00e9nerg\u00e9tique\/Climatique :\u00a0A+<\/li>\n<li>&#8211; R\u00e9frig\u00e9rant :\u00a0R600a<\/li>\n<li>&#8211; Tension:\u00a0220\/240Hz<\/li>\n<li>&#8211; Frequency :\u00a050Hz<\/li>\n<li>&#8211; Classe climatique :\u00a0T\/5<\/li>\n<li>&#8211; Gaz de soufflage pour l&#8217;isolation :\u00a0CYCLOPENTANE<\/li>\n<\/ul>\n","protected":false},"featured_media":9259,"comment_status":"closed","ping_status":"closed","template":"","meta":{"_bst_post_transparent":"","_bst_post_title":"","_bst_post_layout":"","_bst_post_sidebar_id":"","_bst_post_content_style":"","_bst_post_vertical_padding":"","_bst_post_feature":"","_bst_post_feature_position":"","_bst_post_header":false,"_bst_post_footer":false},"product_brand":[],"product_cat":[145,141,157],"product_tag":[],"product_brands":[],"class_list":{"0":"post-9226","1":"product","2":"type-product","3":"status-publish","4":"has-post-thumbnail","6":"product_cat-electromenager","7":"product_cat-produits-du-moment","8":"product_cat-refrigerateur","10":"first","11":"outofstock","12":"shipping-taxable","13":"purchasable","14":"product-type-simple","15":"entry","16":"content-bg","17":"loop-entry"},"_links":{"self":[{"href":"https:\/\/anopri.com\/index.php?rest_route=\/wp\/v2\/product\/9226","targetHints":{"allow":["GET"]}}],"collection":[{"href":"https:\/\/anopri.com\/index.php?rest_route=\/wp\/v2\/product"}],"about":[{"href":"https:\/\/anopri.com\/index.php?rest_route=\/wp\/v2\/types\/product"}],"replies":[{"embeddable":true,"href":"https:\/\/anopri.com\/index.php?rest_route=%2Fwp%2Fv2%2Fcomments&post=9226"}],"wp:featuredmedia":[{"embeddable":true,"href":"https:\/\/anopri.com\/index.php?rest_route=\/wp\/v2\/media\/9259"}],"wp:attachment":[{"href":"https:\/\/anopri.com\/index.php?rest_route=%2Fwp%2Fv2%2Fmedia&parent=9226"}],"wp:term":[{"taxonomy":"product_brand","embeddable":true,"href":"https:\/\/anopri.com\/index.php?rest_route=%2Fwp%2Fv2%2Fproduct_brand&post=9226"},{"taxonomy":"product_cat","embeddable":true,"href":"https:\/\/anopri.com\/index.php?rest_route=%2Fwp%2Fv2%2Fproduct_cat&post=9226"},{"taxonomy":"product_tag","embeddable":true,"href":"https:\/\/anopri.com\/index.php?rest_route=%2Fwp%2Fv2%2Fproduct_tag&post=9226"},{"taxonomy":"product_brands","embeddable":true,"href":"https:\/\/anopri.com\/index.php?rest_route=%2Fwp%2Fv2%2Fproduct_brands&post=9226"}],"curies":[{"name":"wp","href":"https:\/\/api.w.org\/{rel}","templated":true}]}}