{"id":9158,"date":"2026-04-25T13:07:29","date_gmt":"2026-04-25T13:07:29","guid":{"rendered":"https:\/\/anopri.com\/?post_type=product&#038;p=9158"},"modified":"2026-04-25T13:07:59","modified_gmt":"2026-04-25T13:07:59","slug":"the-royale-thyme-25-sachets","status":"publish","type":"product","link":"https:\/\/anopri.com\/?product=the-royale-thyme-25-sachets","title":{"rendered":"Th\u00e9 Royale &#8211; THYME 25 Sachets"},"content":{"rendered":"<p>La c\u00e9l\u00e8bre herbe m\u00e9diterran\u00e9enne a une riche saveur terreuse et de subtiles nuances de menthe. L&#8217;infusion de thym est connue pour gu\u00e9rir un grand nombre de maux, elle aide \u00e0 combattre les infections, purifie le tube digestif et est un excellent tranquillisant naturel.<\/p>\n","protected":false},"excerpt":{"rendered":"<p><strong><span>Ce pack contient 25 \u00e9tiquettes envelopp\u00e9es.<\/span><\/strong><\/p>\n","protected":false},"featured_media":9245,"comment_status":"closed","ping_status":"closed","template":"","meta":{"_bst_post_transparent":"","_bst_post_title":"","_bst_post_layout":"","_bst_post_sidebar_id":"","_bst_post_content_style":"","_bst_post_vertical_padding":"","_bst_post_feature":"","_bst_post_feature_position":"","_bst_post_header":false,"_bst_post_footer":false},"product_brand":[],"product_cat":[141,124],"product_tag":[],"product_brands":[],"class_list":{"0":"post-9158","1":"product","2":"type-product","3":"status-publish","4":"has-post-thumbnail","6":"product_cat-produits-du-moment","7":"product_cat-univers-sante-beaute","9":"first","10":"instock","11":"shipping-taxable","12":"purchasable","13":"product-type-simple","14":"entry","15":"content-bg","16":"loop-entry"},"_links":{"self":[{"href":"https:\/\/anopri.com\/index.php?rest_route=\/wp\/v2\/product\/9158","targetHints":{"allow":["GET"]}}],"collection":[{"href":"https:\/\/anopri.com\/index.php?rest_route=\/wp\/v2\/product"}],"about":[{"href":"https:\/\/anopri.com\/index.php?rest_route=\/wp\/v2\/types\/product"}],"replies":[{"embeddable":true,"href":"https:\/\/anopri.com\/index.php?rest_route=%2Fwp%2Fv2%2Fcomments&post=9158"}],"wp:featuredmedia":[{"embeddable":true,"href":"https:\/\/anopri.com\/index.php?rest_route=\/wp\/v2\/media\/9245"}],"wp:attachment":[{"href":"https:\/\/anopri.com\/index.php?rest_route=%2Fwp%2Fv2%2Fmedia&parent=9158"}],"wp:term":[{"taxonomy":"product_brand","embeddable":true,"href":"https:\/\/anopri.com\/index.php?rest_route=%2Fwp%2Fv2%2Fproduct_brand&post=9158"},{"taxonomy":"product_cat","embeddable":true,"href":"https:\/\/anopri.com\/index.php?rest_route=%2Fwp%2Fv2%2Fproduct_cat&post=9158"},{"taxonomy":"product_tag","embeddable":true,"href":"https:\/\/anopri.com\/index.php?rest_route=%2Fwp%2Fv2%2Fproduct_tag&post=9158"},{"taxonomy":"product_brands","embeddable":true,"href":"https:\/\/anopri.com\/index.php?rest_route=%2Fwp%2Fv2%2Fproduct_brands&post=9158"}],"curies":[{"name":"wp","href":"https:\/\/api.w.org\/{rel}","templated":true}]}}