{"id":9157,"date":"2026-04-25T13:07:29","date_gmt":"2026-04-25T13:07:29","guid":{"rendered":"https:\/\/anopri.com\/?post_type=product&#038;p=9157"},"modified":"2026-04-25T13:07:48","modified_gmt":"2026-04-25T13:07:48","slug":"the-royale-chamomile","status":"publish","type":"product","link":"https:\/\/anopri.com\/?product=the-royale-chamomile","title":{"rendered":"Th\u00e9 Royale -CHAMOMILE"},"content":{"rendered":"<p>Une infusion de camomille pure est id\u00e9ale pour se d\u00e9tendre apr\u00e8s une journ\u00e9e bien remplie. Ses douces notes de pomme et sa douceur moelleuse semblable \u00e0 celle du miel peuvent plonger les plus agit\u00e9s dans une bonne nuit de sommeil. C&#8217;est \u00e9galement une boisson apaisante parfaitement s\u00fbre pour les b\u00e9b\u00e9s qui pleurent et ont des coliques.<\/p>\n","protected":false},"excerpt":{"rendered":"<p>Une infusion de camomille pure est id\u00e9ale pour se d\u00e9tendre apr\u00e8s une journ\u00e9e bien remplie. Ses douces notes de pomme et sa douceur moelleuse semblable \u00e0 celle du miel peuvent plonger les plus agit\u00e9s dans une bonne nuit de sommeil. C&#8217;est \u00e9galement une boisson apaisante parfaitement s\u00fbre pour les b\u00e9b\u00e9s qui pleurent et ont des&#8230;<\/p>\n","protected":false},"featured_media":9215,"comment_status":"closed","ping_status":"closed","template":"","meta":{"_bst_post_transparent":"","_bst_post_title":"","_bst_post_layout":"","_bst_post_sidebar_id":"","_bst_post_content_style":"","_bst_post_vertical_padding":"","_bst_post_feature":"","_bst_post_feature_position":"","_bst_post_header":false,"_bst_post_footer":false},"product_brand":[],"product_cat":[141,124],"product_tag":[],"product_brands":[],"class_list":{"0":"post-9157","1":"product","2":"type-product","3":"status-publish","4":"has-post-thumbnail","6":"product_cat-produits-du-moment","7":"product_cat-univers-sante-beaute","9":"first","10":"instock","11":"shipping-taxable","12":"purchasable","13":"product-type-simple","14":"entry","15":"content-bg","16":"loop-entry"},"_links":{"self":[{"href":"https:\/\/anopri.com\/index.php?rest_route=\/wp\/v2\/product\/9157","targetHints":{"allow":["GET"]}}],"collection":[{"href":"https:\/\/anopri.com\/index.php?rest_route=\/wp\/v2\/product"}],"about":[{"href":"https:\/\/anopri.com\/index.php?rest_route=\/wp\/v2\/types\/product"}],"replies":[{"embeddable":true,"href":"https:\/\/anopri.com\/index.php?rest_route=%2Fwp%2Fv2%2Fcomments&post=9157"}],"wp:featuredmedia":[{"embeddable":true,"href":"https:\/\/anopri.com\/index.php?rest_route=\/wp\/v2\/media\/9215"}],"wp:attachment":[{"href":"https:\/\/anopri.com\/index.php?rest_route=%2Fwp%2Fv2%2Fmedia&parent=9157"}],"wp:term":[{"taxonomy":"product_brand","embeddable":true,"href":"https:\/\/anopri.com\/index.php?rest_route=%2Fwp%2Fv2%2Fproduct_brand&post=9157"},{"taxonomy":"product_cat","embeddable":true,"href":"https:\/\/anopri.com\/index.php?rest_route=%2Fwp%2Fv2%2Fproduct_cat&post=9157"},{"taxonomy":"product_tag","embeddable":true,"href":"https:\/\/anopri.com\/index.php?rest_route=%2Fwp%2Fv2%2Fproduct_tag&post=9157"},{"taxonomy":"product_brands","embeddable":true,"href":"https:\/\/anopri.com\/index.php?rest_route=%2Fwp%2Fv2%2Fproduct_brands&post=9157"}],"curies":[{"name":"wp","href":"https:\/\/api.w.org\/{rel}","templated":true}]}}