{"id":9155,"date":"2026-04-25T13:07:29","date_gmt":"2026-04-25T13:07:29","guid":{"rendered":"https:\/\/anopri.com\/?post_type=product&#038;p=9155"},"modified":"2026-04-25T13:07:46","modified_gmt":"2026-04-25T13:07:46","slug":"the-a-la-framboise-alokozay-25-sachets","status":"publish","type":"product","link":"https:\/\/anopri.com\/?product=the-a-la-framboise-alokozay-25-sachets","title":{"rendered":"Th\u00e9 \u00e0 la Framboise Alokozay &#8211; 25 sachets"},"content":{"rendered":"","protected":false},"excerpt":{"rendered":"<p>Alokozay Th\u00e9 Framboise 25 Sachets est un d\u00e9licieux th\u00e9 aromatis\u00e9 \u00e0 la framboise qui allie le go\u00fbt naturel de la framboise \u00e0 une saveur douce et l\u00e9g\u00e8re. Ce th\u00e9 est parfait pour ceux qui recherchent une infusion rafra\u00eechissante et \u00e9nergisante. Fabriqu\u00e9 avec des ingr\u00e9dients de premi\u00e8re qualit\u00e9, chaque paquet de 25 sachets de th\u00e9 offre plusieurs infusions pour une exp\u00e9rience agr\u00e9able. Ce th\u00e9 a une saveur sucr\u00e9e et piquante et ne contient pas de caf\u00e9ine, vous pouvez donc en savourer une tasse \u00e0 tout moment.<\/p>\n","protected":false},"featured_media":9209,"comment_status":"closed","ping_status":"closed","template":"","meta":{"_bst_post_transparent":"","_bst_post_title":"","_bst_post_layout":"","_bst_post_sidebar_id":"","_bst_post_content_style":"","_bst_post_vertical_padding":"","_bst_post_feature":"","_bst_post_feature_position":"","_bst_post_header":false,"_bst_post_footer":false},"product_brand":[],"product_cat":[119,124],"product_tag":[],"product_brands":[],"class_list":{"0":"post-9155","1":"product","2":"type-product","3":"status-publish","4":"has-post-thumbnail","6":"product_cat-grocery","7":"product_cat-univers-sante-beaute","9":"first","10":"instock","11":"shipping-taxable","12":"purchasable","13":"product-type-simple","14":"entry","15":"content-bg","16":"loop-entry"},"_links":{"self":[{"href":"https:\/\/anopri.com\/index.php?rest_route=\/wp\/v2\/product\/9155","targetHints":{"allow":["GET"]}}],"collection":[{"href":"https:\/\/anopri.com\/index.php?rest_route=\/wp\/v2\/product"}],"about":[{"href":"https:\/\/anopri.com\/index.php?rest_route=\/wp\/v2\/types\/product"}],"replies":[{"embeddable":true,"href":"https:\/\/anopri.com\/index.php?rest_route=%2Fwp%2Fv2%2Fcomments&post=9155"}],"wp:featuredmedia":[{"embeddable":true,"href":"https:\/\/anopri.com\/index.php?rest_route=\/wp\/v2\/media\/9209"}],"wp:attachment":[{"href":"https:\/\/anopri.com\/index.php?rest_route=%2Fwp%2Fv2%2Fmedia&parent=9155"}],"wp:term":[{"taxonomy":"product_brand","embeddable":true,"href":"https:\/\/anopri.com\/index.php?rest_route=%2Fwp%2Fv2%2Fproduct_brand&post=9155"},{"taxonomy":"product_cat","embeddable":true,"href":"https:\/\/anopri.com\/index.php?rest_route=%2Fwp%2Fv2%2Fproduct_cat&post=9155"},{"taxonomy":"product_tag","embeddable":true,"href":"https:\/\/anopri.com\/index.php?rest_route=%2Fwp%2Fv2%2Fproduct_tag&post=9155"},{"taxonomy":"product_brands","embeddable":true,"href":"https:\/\/anopri.com\/index.php?rest_route=%2Fwp%2Fv2%2Fproduct_brands&post=9155"}],"curies":[{"name":"wp","href":"https:\/\/api.w.org\/{rel}","templated":true}]}}