{"id":9150,"date":"2026-04-25T13:07:29","date_gmt":"2026-04-25T13:07:29","guid":{"rendered":"https:\/\/anopri.com\/?post_type=product&#038;p=9150"},"modified":"2026-04-25T13:07:44","modified_gmt":"2026-04-25T13:07:44","slug":"meuleuse-dangle-dangle-epsilon-eag1040-500w","status":"publish","type":"product","link":"https:\/\/anopri.com\/?product=meuleuse-dangle-dangle-epsilon-eag1040-500w","title":{"rendered":"Meuleuse d&#8217;angle d&#8217;angle Epsilon &#8211; EAG1040 500w"},"content":{"rendered":"<p>La meuleuse d&#8217;angle de 115 mm est fabriqu\u00e9e \u00e0 partir de mat\u00e9riaux de haute qualit\u00e9 et est id\u00e9ale pour le meulage, le polissage, l&#8217;aff\u00fbtage, la coupe du m\u00e9tal et bien plus encore.<\/p>\n","protected":false},"excerpt":{"rendered":"<p>La meuleuse d&#8217;angle de 115 mm est fabriqu\u00e9e \u00e0 partir de mat\u00e9riaux de haute qualit\u00e9 et est id\u00e9ale pour le meulage, le polissage, l&#8217;aff\u00fbtage, la coupe du m\u00e9tal et bien plus encore.<\/p>\n","protected":false},"featured_media":9203,"comment_status":"closed","ping_status":"closed","template":"","meta":{"_bst_post_transparent":"","_bst_post_title":"","_bst_post_layout":"","_bst_post_sidebar_id":"","_bst_post_content_style":"","_bst_post_vertical_padding":"","_bst_post_feature":"","_bst_post_feature_position":"","_bst_post_header":false,"_bst_post_footer":false},"product_brand":[],"product_cat":[156,169],"product_tag":[],"product_brands":[],"class_list":{"0":"post-9150","1":"product","2":"type-product","3":"status-publish","4":"has-post-thumbnail","6":"product_cat-outillages-et-petits-materiels-a-main","7":"product_cat-ustensiles-gadgets-maison-et-bureau","9":"first","10":"instock","11":"shipping-taxable","12":"purchasable","13":"product-type-simple","14":"entry","15":"content-bg","16":"loop-entry"},"_links":{"self":[{"href":"https:\/\/anopri.com\/index.php?rest_route=\/wp\/v2\/product\/9150","targetHints":{"allow":["GET"]}}],"collection":[{"href":"https:\/\/anopri.com\/index.php?rest_route=\/wp\/v2\/product"}],"about":[{"href":"https:\/\/anopri.com\/index.php?rest_route=\/wp\/v2\/types\/product"}],"replies":[{"embeddable":true,"href":"https:\/\/anopri.com\/index.php?rest_route=%2Fwp%2Fv2%2Fcomments&post=9150"}],"wp:featuredmedia":[{"embeddable":true,"href":"https:\/\/anopri.com\/index.php?rest_route=\/wp\/v2\/media\/9203"}],"wp:attachment":[{"href":"https:\/\/anopri.com\/index.php?rest_route=%2Fwp%2Fv2%2Fmedia&parent=9150"}],"wp:term":[{"taxonomy":"product_brand","embeddable":true,"href":"https:\/\/anopri.com\/index.php?rest_route=%2Fwp%2Fv2%2Fproduct_brand&post=9150"},{"taxonomy":"product_cat","embeddable":true,"href":"https:\/\/anopri.com\/index.php?rest_route=%2Fwp%2Fv2%2Fproduct_cat&post=9150"},{"taxonomy":"product_tag","embeddable":true,"href":"https:\/\/anopri.com\/index.php?rest_route=%2Fwp%2Fv2%2Fproduct_tag&post=9150"},{"taxonomy":"product_brands","embeddable":true,"href":"https:\/\/anopri.com\/index.php?rest_route=%2Fwp%2Fv2%2Fproduct_brands&post=9150"}],"curies":[{"name":"wp","href":"https:\/\/api.w.org\/{rel}","templated":true}]}}