{"id":9147,"date":"2026-04-25T13:07:28","date_gmt":"2026-04-25T13:07:28","guid":{"rendered":"https:\/\/anopri.com\/?post_type=product&#038;p=9147"},"modified":"2026-04-25T13:07:42","modified_gmt":"2026-04-25T13:07:42","slug":"the-amaigrissant-aux-plantes-hemani-slim","status":"publish","type":"product","link":"https:\/\/anopri.com\/?product=the-amaigrissant-aux-plantes-hemani-slim","title":{"rendered":"Th\u00e9 amaigrissant aux plantes  HEMANI -&#8220;Slim+&#8221;"},"content":{"rendered":"<p>Le th\u00e9 minceur Slim Tea de Hemani est un th\u00e9 amincissant naturel (fenouil, lavande, cannelle, menthe), consomm\u00e9 pour perdre du poids facilement. Il favorise la digestion et a des propri\u00e9t\u00e9s laxatives.<\/p>\n<p>&nbsp;<\/p>\n<h3><strong>Le th\u00e9 minceur aide-t-il \u00e0 perdre de poids ?<\/strong><\/h3>\n<p>Le th\u00e9 minceur Hemani peut aider \u00e0 br\u00fbler les graisses et les calories. Il permet une perte de poids rapide et durable.<\/p>\n<p>De nombreuses \u00e9tudes ont montr\u00e9 que les consommateurs de th\u00e9, perdent du poids plus vite que ceux qui n&#8217;en boivent pas.<\/p>\n<p>Ce th\u00e9 minceur ayant des propri\u00e9t\u00e9s laxatifs, vous devez le consommer avec mod\u00e9ration.<\/p>\n","protected":false},"excerpt":{"rendered":"<ul>\n<li>Le th\u00e9 amincissant Hemani est \u00e0 boire 1 fois par jour, le soir avant le coucher.<\/li>\n<li>20 sachets<\/li>\n<\/ul>\n","protected":false},"featured_media":9199,"comment_status":"closed","ping_status":"closed","template":"","meta":{"_bst_post_transparent":"","_bst_post_title":"","_bst_post_layout":"","_bst_post_sidebar_id":"","_bst_post_content_style":"","_bst_post_vertical_padding":"","_bst_post_feature":"","_bst_post_feature_position":"","_bst_post_header":false,"_bst_post_footer":false},"product_brand":[],"product_cat":[53,124],"product_tag":[],"product_brands":[],"class_list":{"0":"post-9147","1":"product","2":"type-product","3":"status-publish","4":"has-post-thumbnail","6":"product_cat-fashion","7":"product_cat-univers-sante-beaute","9":"first","10":"instock","11":"shipping-taxable","12":"purchasable","13":"product-type-simple","14":"entry","15":"content-bg","16":"loop-entry"},"_links":{"self":[{"href":"https:\/\/anopri.com\/index.php?rest_route=\/wp\/v2\/product\/9147","targetHints":{"allow":["GET"]}}],"collection":[{"href":"https:\/\/anopri.com\/index.php?rest_route=\/wp\/v2\/product"}],"about":[{"href":"https:\/\/anopri.com\/index.php?rest_route=\/wp\/v2\/types\/product"}],"replies":[{"embeddable":true,"href":"https:\/\/anopri.com\/index.php?rest_route=%2Fwp%2Fv2%2Fcomments&post=9147"}],"wp:featuredmedia":[{"embeddable":true,"href":"https:\/\/anopri.com\/index.php?rest_route=\/wp\/v2\/media\/9199"}],"wp:attachment":[{"href":"https:\/\/anopri.com\/index.php?rest_route=%2Fwp%2Fv2%2Fmedia&parent=9147"}],"wp:term":[{"taxonomy":"product_brand","embeddable":true,"href":"https:\/\/anopri.com\/index.php?rest_route=%2Fwp%2Fv2%2Fproduct_brand&post=9147"},{"taxonomy":"product_cat","embeddable":true,"href":"https:\/\/anopri.com\/index.php?rest_route=%2Fwp%2Fv2%2Fproduct_cat&post=9147"},{"taxonomy":"product_tag","embeddable":true,"href":"https:\/\/anopri.com\/index.php?rest_route=%2Fwp%2Fv2%2Fproduct_tag&post=9147"},{"taxonomy":"product_brands","embeddable":true,"href":"https:\/\/anopri.com\/index.php?rest_route=%2Fwp%2Fv2%2Fproduct_brands&post=9147"}],"curies":[{"name":"wp","href":"https:\/\/api.w.org\/{rel}","templated":true}]}}