{"id":9144,"date":"2026-04-25T13:07:28","date_gmt":"2026-04-25T13:07:28","guid":{"rendered":"https:\/\/anopri.com\/?post_type=product&#038;p=9144"},"modified":"2026-04-25T13:07:41","modified_gmt":"2026-04-25T13:07:41","slug":"barbecue-electrique-clikon-ck2471-2000w","status":"publish","type":"product","link":"https:\/\/anopri.com\/?product=barbecue-electrique-clikon-ck2471-2000w","title":{"rendered":"BARBECUE \u00c9LECTRIQUE CLIKON-CK2471 2000W"},"content":{"rendered":"<p>Barbecue \u00e9lectrique CLIKON Dot\u00e9 d&#8217;un gril chrom\u00e9 durable avec une grille chauffante pratique et un thermostat r\u00e9glable, ce gril vous permet d&#8217;obtenir des r\u00e9sultats parfaits pour divers plats. L&#8217;\u00e9l\u00e9ment chauffant amovible facilite le nettoyage et le rangement, tandis que l&#8217;interrupteur de s\u00e9curit\u00e9 donne la priorit\u00e9 \u00e0 votre bien-\u00eatre en offrant un environnement de cuisson s\u00e9curis\u00e9. Le voyant d&#8217;alimentation ajoute une couche suppl\u00e9mentaire de s\u00e9curit\u00e9 et de sensibilisation.<\/p>\n","protected":false},"excerpt":{"rendered":"<ul>\n<li><span>Grill chrom\u00e9 avec grille chauffante<\/span><\/li>\n<li><span>Thermostat r\u00e9glable<\/span><\/li>\n<li><span>\u00c9l\u00e9ment chauffant amovible<\/span><\/li>\n<li><span>Interrupteur de s\u00e9curit\u00e9<\/span><\/li>\n<li><span>Voyant d&#8217;alimentation<\/span><\/li>\n<li><span>Facile \u00e0 nettoyer<\/span><\/li>\n<\/ul>\n","protected":false},"featured_media":9195,"comment_status":"closed","ping_status":"closed","template":"","meta":{"_bst_post_transparent":"","_bst_post_title":"","_bst_post_layout":"","_bst_post_sidebar_id":"","_bst_post_content_style":"","_bst_post_vertical_padding":"","_bst_post_feature":"","_bst_post_feature_position":"","_bst_post_header":false,"_bst_post_footer":false},"product_brand":[],"product_cat":[145,142],"product_tag":[],"product_brands":[],"class_list":{"0":"post-9144","1":"product","2":"type-product","3":"status-publish","4":"has-post-thumbnail","6":"product_cat-electromenager","7":"product_cat-electronique","9":"first","10":"instock","11":"shipping-taxable","12":"purchasable","13":"product-type-simple","14":"entry","15":"content-bg","16":"loop-entry"},"_links":{"self":[{"href":"https:\/\/anopri.com\/index.php?rest_route=\/wp\/v2\/product\/9144","targetHints":{"allow":["GET"]}}],"collection":[{"href":"https:\/\/anopri.com\/index.php?rest_route=\/wp\/v2\/product"}],"about":[{"href":"https:\/\/anopri.com\/index.php?rest_route=\/wp\/v2\/types\/product"}],"replies":[{"embeddable":true,"href":"https:\/\/anopri.com\/index.php?rest_route=%2Fwp%2Fv2%2Fcomments&post=9144"}],"wp:featuredmedia":[{"embeddable":true,"href":"https:\/\/anopri.com\/index.php?rest_route=\/wp\/v2\/media\/9195"}],"wp:attachment":[{"href":"https:\/\/anopri.com\/index.php?rest_route=%2Fwp%2Fv2%2Fmedia&parent=9144"}],"wp:term":[{"taxonomy":"product_brand","embeddable":true,"href":"https:\/\/anopri.com\/index.php?rest_route=%2Fwp%2Fv2%2Fproduct_brand&post=9144"},{"taxonomy":"product_cat","embeddable":true,"href":"https:\/\/anopri.com\/index.php?rest_route=%2Fwp%2Fv2%2Fproduct_cat&post=9144"},{"taxonomy":"product_tag","embeddable":true,"href":"https:\/\/anopri.com\/index.php?rest_route=%2Fwp%2Fv2%2Fproduct_tag&post=9144"},{"taxonomy":"product_brands","embeddable":true,"href":"https:\/\/anopri.com\/index.php?rest_route=%2Fwp%2Fv2%2Fproduct_brands&post=9144"}],"curies":[{"name":"wp","href":"https:\/\/api.w.org\/{rel}","templated":true}]}}