{"id":9139,"date":"2026-04-25T13:07:28","date_gmt":"2026-04-25T13:07:28","guid":{"rendered":"https:\/\/anopri.com\/?post_type=product&#038;p=9139"},"modified":"2026-04-25T13:07:36","modified_gmt":"2026-04-25T13:07:36","slug":"machine-a-laver-semi-automatique-krypton13-kg-knswm6290","status":"publish","type":"product","link":"https:\/\/anopri.com\/?product=machine-a-laver-semi-automatique-krypton13-kg-knswm6290","title":{"rendered":"Machine \u00e0 laver semi-automatique KRYPTON13 kg- KNSWM6290"},"content":{"rendered":"<p><span style=\"vertical-align: inherit;\"><span style=\"vertical-align: inherit;\">Machine \u00e0 laver semi-automatique Krypton \u00e0 chargement par le haut de 13 kg KNSWM6290 avec un design attrayant et avanc\u00e9, facile \u00e0 utiliser et des performances parfaites.<\/span><\/span><\/p>\n<p><span style=\"vertical-align: inherit;\"><span style=\"vertical-align: inherit;\">Avec un syst\u00e8me de moteur tr\u00e8s efficace \u00e0 faible bruit. La machine \u00e0 laver semi-automatique Krypton est dot\u00e9e d&#8217;un moteur puissant de 820 W avec une fr\u00e9quence maximale de 60 Hz, vous permettant de gagner du temps pour nettoyer les v\u00eatements. Avec une conception \u00e0 double fonction \u00e0 double cuve, cette machine \u00e0 laver peut vous aider \u00e0 gagner du temps en lavant et en essorant des charges s\u00e8ches en m\u00eame temps. .<\/span><\/span><\/p>\n","protected":false},"excerpt":{"rendered":"<ul>\n<li dir=\"ltr\"><span style=\"vertical-align: inherit;\"><span style=\"vertical-align: inherit;\">Ressort puissant pour un nettoyage rapide des v\u00eatements avec moteur de 820 W<\/span><\/span><\/li>\n<li dir=\"ltr\"><span style=\"vertical-align: inherit;\"><span style=\"vertical-align: inherit;\">Haute efficacit\u00e9 et faible bruit<\/span><\/span><\/li>\n<li dir=\"ltr\"><span style=\"vertical-align: inherit;\"><span style=\"vertical-align: inherit;\">Lave-linge \u00e0 chargement par le haut<\/span><\/span><\/li>\n<li dir=\"ltr\"><span style=\"vertical-align: inherit;\"><span style=\"vertical-align: inherit;\">Capacit\u00e9 de lavage : 13kg<\/span><\/span><\/li>\n<li dir=\"ltr\"><span style=\"vertical-align: inherit;\"><span style=\"vertical-align: inherit;\">Capacit\u00e9 d&#8217;essorage : 7kg<\/span><\/span><\/li>\n<li dir=\"ltr\"><span style=\"vertical-align: inherit;\"><span style=\"vertical-align: inherit;\">Cette machine \u00e0 laver \u00e9limine efficacement la salet\u00e9 de vos v\u00eatements et offre d&#8217;excellents r\u00e9sultats de lavage.<\/span><\/span><\/li>\n<li dir=\"ltr\"><span style=\"vertical-align: inherit;\"><span style=\"vertical-align: inherit;\">\u00c9conomique avec une faible consommation d&#8217;eau et d&#8217;\u00e9nergie<\/span><\/span><\/li>\n<li dir=\"ltr\"><span style=\"vertical-align: inherit;\"><span style=\"vertical-align: inherit;\">La minuterie du cycle d&#8217;essorage fonctionne jusqu&#8217;\u00e0 5 minutes par charge.<\/span><\/span><\/li>\n<li dir=\"ltr\"><span style=\"vertical-align: inherit;\"><span style=\"vertical-align: inherit;\">Facile \u00e0 ranger.<\/span><\/span><\/li>\n<\/ul>\n","protected":false},"featured_media":9177,"comment_status":"closed","ping_status":"closed","template":"","meta":{"_bst_post_transparent":"","_bst_post_title":"","_bst_post_layout":"","_bst_post_sidebar_id":"","_bst_post_content_style":"","_bst_post_vertical_padding":"","_bst_post_feature":"","_bst_post_feature_position":"","_bst_post_header":false,"_bst_post_footer":false},"product_brand":[],"product_cat":[145,168,167],"product_tag":[],"product_brands":[],"class_list":{"0":"post-9139","1":"product","2":"type-product","3":"status-publish","4":"has-post-thumbnail","6":"product_cat-electromenager","7":"product_cat-machine-a-laver","8":"product_cat-machine-a-laver-et-seche-linge","10":"first","11":"instock","12":"sale","13":"shipping-taxable","14":"purchasable","15":"product-type-simple","16":"entry","17":"content-bg","18":"loop-entry"},"_links":{"self":[{"href":"https:\/\/anopri.com\/index.php?rest_route=\/wp\/v2\/product\/9139","targetHints":{"allow":["GET"]}}],"collection":[{"href":"https:\/\/anopri.com\/index.php?rest_route=\/wp\/v2\/product"}],"about":[{"href":"https:\/\/anopri.com\/index.php?rest_route=\/wp\/v2\/types\/product"}],"replies":[{"embeddable":true,"href":"https:\/\/anopri.com\/index.php?rest_route=%2Fwp%2Fv2%2Fcomments&post=9139"}],"wp:featuredmedia":[{"embeddable":true,"href":"https:\/\/anopri.com\/index.php?rest_route=\/wp\/v2\/media\/9177"}],"wp:attachment":[{"href":"https:\/\/anopri.com\/index.php?rest_route=%2Fwp%2Fv2%2Fmedia&parent=9139"}],"wp:term":[{"taxonomy":"product_brand","embeddable":true,"href":"https:\/\/anopri.com\/index.php?rest_route=%2Fwp%2Fv2%2Fproduct_brand&post=9139"},{"taxonomy":"product_cat","embeddable":true,"href":"https:\/\/anopri.com\/index.php?rest_route=%2Fwp%2Fv2%2Fproduct_cat&post=9139"},{"taxonomy":"product_tag","embeddable":true,"href":"https:\/\/anopri.com\/index.php?rest_route=%2Fwp%2Fv2%2Fproduct_tag&post=9139"},{"taxonomy":"product_brands","embeddable":true,"href":"https:\/\/anopri.com\/index.php?rest_route=%2Fwp%2Fv2%2Fproduct_brands&post=9139"}],"curies":[{"name":"wp","href":"https:\/\/api.w.org\/{rel}","templated":true}]}}