{"id":9137,"date":"2026-04-25T13:07:28","date_gmt":"2026-04-25T13:07:28","guid":{"rendered":"https:\/\/anopri.com\/?post_type=product&#038;p=9137"},"modified":"2026-04-25T13:07:34","modified_gmt":"2026-04-25T13:07:34","slug":"barre-de-son-krypton-knms5469","status":"publish","type":"product","link":"https:\/\/anopri.com\/?product=barre-de-son-krypton-knms5469","title":{"rendered":"Barre de Son Krypton- KNMS5469"},"content":{"rendered":"","protected":false},"excerpt":{"rendered":"<p>Sans fil L&#8217;enceinte dispose de Bluetooth 5.0 jusqu&#8217;\u00e0 15 m\u00e8tres, d&#8217;options USB, AUX, HDMI (ARC), coaxiales et de connectivit\u00e9 pour une utilisation avec les t\u00e9l\u00e9phones mobiles, tablettes, t\u00e9l\u00e9viseurs, ordinateurs et t\u00e9l\u00e9phones portables. La barre de son est dot\u00e9e d&#8217;une t\u00e9l\u00e9commande et d&#8217;un \u00e9cran LED, ce qui facilite son utilisation. Unit\u00e9 de haut-parleurs : 4 haut-parleurs \u00e0 gamme compl\u00e8te de 2,25 &#8220;\/15 W + 1 caisson de basses\u00a0 Couleur noire<\/p>\n","protected":false},"featured_media":9169,"comment_status":"closed","ping_status":"closed","template":"","meta":{"_bst_post_transparent":"","_bst_post_title":"","_bst_post_layout":"","_bst_post_sidebar_id":"","_bst_post_content_style":"","_bst_post_vertical_padding":"","_bst_post_feature":"","_bst_post_feature_position":"","_bst_post_header":false,"_bst_post_footer":false},"product_brand":[],"product_cat":[165,142],"product_tag":[],"product_brands":[],"class_list":{"0":"post-9137","1":"product","2":"type-product","3":"status-publish","4":"has-post-thumbnail","6":"product_cat-barre-de-son","7":"product_cat-electronique","9":"first","10":"instock","11":"shipping-taxable","12":"purchasable","13":"product-type-simple","14":"entry","15":"content-bg","16":"loop-entry"},"_links":{"self":[{"href":"https:\/\/anopri.com\/index.php?rest_route=\/wp\/v2\/product\/9137","targetHints":{"allow":["GET"]}}],"collection":[{"href":"https:\/\/anopri.com\/index.php?rest_route=\/wp\/v2\/product"}],"about":[{"href":"https:\/\/anopri.com\/index.php?rest_route=\/wp\/v2\/types\/product"}],"replies":[{"embeddable":true,"href":"https:\/\/anopri.com\/index.php?rest_route=%2Fwp%2Fv2%2Fcomments&post=9137"}],"wp:featuredmedia":[{"embeddable":true,"href":"https:\/\/anopri.com\/index.php?rest_route=\/wp\/v2\/media\/9169"}],"wp:attachment":[{"href":"https:\/\/anopri.com\/index.php?rest_route=%2Fwp%2Fv2%2Fmedia&parent=9137"}],"wp:term":[{"taxonomy":"product_brand","embeddable":true,"href":"https:\/\/anopri.com\/index.php?rest_route=%2Fwp%2Fv2%2Fproduct_brand&post=9137"},{"taxonomy":"product_cat","embeddable":true,"href":"https:\/\/anopri.com\/index.php?rest_route=%2Fwp%2Fv2%2Fproduct_cat&post=9137"},{"taxonomy":"product_tag","embeddable":true,"href":"https:\/\/anopri.com\/index.php?rest_route=%2Fwp%2Fv2%2Fproduct_tag&post=9137"},{"taxonomy":"product_brands","embeddable":true,"href":"https:\/\/anopri.com\/index.php?rest_route=%2Fwp%2Fv2%2Fproduct_brands&post=9137"}],"curies":[{"name":"wp","href":"https:\/\/api.w.org\/{rel}","templated":true}]}}