{"id":9116,"date":"2026-04-25T13:07:18","date_gmt":"2026-04-25T13:07:18","guid":{"rendered":"https:\/\/anopri.com\/?post_type=product&#038;p=9116"},"modified":"2026-04-25T13:07:23","modified_gmt":"2026-04-25T13:07:23","slug":"balance-de-poche-electronique-camry-eha251-500-g","status":"publish","type":"product","link":"https:\/\/anopri.com\/?product=balance-de-poche-electronique-camry-eha251-500-g","title":{"rendered":"Balance de poche \u00e9lectronique Camry EHA251 &#8211; 500 g"},"content":{"rendered":"<p><span>Camry mod\u00e8le EHA251 Balance de poche \u00e9lectronique<\/span><br \/>\n<span>La s\u00e9rie EHA, de haute pr\u00e9cision, est sp\u00e9cialement con\u00e7ue pour peser de petits objets tels que des bijoux, des suppl\u00e9ments, des m\u00e9taux pr\u00e9cieux, etc.\u00a0<\/span><\/p>\n<p><span>MOD\u00c8LE : EHA251<\/span><br \/>\n<span>Capacit\u00e9 : 500 g \/ 320 dwt \/ 16 oz<\/span><br \/>\n<span>Division : 0,1 g \/ 0,1 dwt \/ 0,005 oz<\/span><br \/>\n<span>Chiffres LCD de 0,4&#8243; (10 mm)<\/span><br \/>\n<span>Z\u00e9ro automatique ; z\u00e9ro et tare<\/span><br \/>\n<span>Arr\u00eat automatique et arr\u00eat manuel<\/span><br \/>\n<span>Alimentation : 1 pile au lithium 3 V (CR2032)<\/span><\/p>\n<p><span>Capteur de jauge de contrainte de haute pr\u00e9cision<\/span><br \/>\n<span>ISO 9001 certifi\u00e9 par SGS<\/span><br \/>\n<span>Capacit\u00e9 : 500 gr<\/span><br \/>\n<span>Sp\u00e9cification :<\/span><\/p>\n<p><span>1. Capteur de jauge de contrainte de haute pr\u00e9cision<\/span><br \/>\n<span>2. Chiffres LCD de 0,4&#8243; (10 mm)<\/span><br \/>\n<span>3. Z\u00e9ro automatique<\/span><br \/>\n<span>4. Arr\u00eat automatique<\/span><br \/>\n<span>5. Z\u00e9ro et tare<\/span><br \/>\n<span>6. Indication de batterie faible\/surcharge<\/span><br \/>\n<span>7. Alimentation 1 pile au lithium (cr2032)<\/span><\/p>\n","protected":false},"excerpt":{"rendered":"<p>Camry mod\u00e8le EHA251 Balance de poche \u00e9lectronique La s\u00e9rie EHA, de haute pr\u00e9cision, est sp\u00e9cialement con\u00e7ue pour peser de petits objets tels que des bijoux, des suppl\u00e9ments, des m\u00e9taux pr\u00e9cieux, etc.\u00a0 MOD\u00c8LE : EHA251 Capacit\u00e9 : 500 g \/ 320 dwt \/ 16 oz Division : 0,1 g \/ 0,1 dwt \/ 0,005 oz Chiffres&#8230;<\/p>\n","protected":false},"featured_media":8359,"comment_status":"closed","ping_status":"closed","template":"","meta":{"_bst_post_transparent":"","_bst_post_title":"","_bst_post_layout":"","_bst_post_sidebar_id":"","_bst_post_content_style":"","_bst_post_vertical_padding":"","_bst_post_feature":"","_bst_post_feature_position":"","_bst_post_header":false,"_bst_post_footer":false},"product_brand":[],"product_cat":[171,142],"product_tag":[],"product_brands":[],"class_list":{"0":"post-9116","1":"product","2":"type-product","3":"status-publish","4":"has-post-thumbnail","6":"product_cat-balance","7":"product_cat-electronique","9":"first","10":"instock","11":"shipping-taxable","12":"purchasable","13":"product-type-simple","14":"entry","15":"content-bg","16":"loop-entry"},"_links":{"self":[{"href":"https:\/\/anopri.com\/index.php?rest_route=\/wp\/v2\/product\/9116","targetHints":{"allow":["GET"]}}],"collection":[{"href":"https:\/\/anopri.com\/index.php?rest_route=\/wp\/v2\/product"}],"about":[{"href":"https:\/\/anopri.com\/index.php?rest_route=\/wp\/v2\/types\/product"}],"replies":[{"embeddable":true,"href":"https:\/\/anopri.com\/index.php?rest_route=%2Fwp%2Fv2%2Fcomments&post=9116"}],"wp:featuredmedia":[{"embeddable":true,"href":"https:\/\/anopri.com\/index.php?rest_route=\/wp\/v2\/media\/8359"}],"wp:attachment":[{"href":"https:\/\/anopri.com\/index.php?rest_route=%2Fwp%2Fv2%2Fmedia&parent=9116"}],"wp:term":[{"taxonomy":"product_brand","embeddable":true,"href":"https:\/\/anopri.com\/index.php?rest_route=%2Fwp%2Fv2%2Fproduct_brand&post=9116"},{"taxonomy":"product_cat","embeddable":true,"href":"https:\/\/anopri.com\/index.php?rest_route=%2Fwp%2Fv2%2Fproduct_cat&post=9116"},{"taxonomy":"product_tag","embeddable":true,"href":"https:\/\/anopri.com\/index.php?rest_route=%2Fwp%2Fv2%2Fproduct_tag&post=9116"},{"taxonomy":"product_brands","embeddable":true,"href":"https:\/\/anopri.com\/index.php?rest_route=%2Fwp%2Fv2%2Fproduct_brands&post=9116"}],"curies":[{"name":"wp","href":"https:\/\/api.w.org\/{rel}","templated":true}]}}