{"id":9115,"date":"2026-04-25T13:07:18","date_gmt":"2026-04-25T13:07:18","guid":{"rendered":"https:\/\/anopri.com\/?post_type=product&#038;p=9115"},"modified":"2026-04-25T13:07:23","modified_gmt":"2026-04-25T13:07:23","slug":"the-long-hai-pour-reduire-lhypertension-et-la-glycemie","status":"publish","type":"product","link":"https:\/\/anopri.com\/?product=the-long-hai-pour-reduire-lhypertension-et-la-glycemie","title":{"rendered":"Th\u00e9 Long Hai pour r\u00e9duire l&#8217;hypertension et la glyc\u00e9mie"},"content":{"rendered":"<p>Le th\u00e9 contre l&#8217;hypertension est un moyen efficace de contr\u00f4ler, r\u00e9guler et \u00e9quilibrer la glyc\u00e9mie chez les diab\u00e9tiques, tout en am\u00e9liorant le bien-\u00eatre cardiovasculaire et les bienfaits anti-\u00e2ge.<br \/>\nPour garantir la qualit\u00e9, l&#8217;ancienne technologie de traitement du th\u00e9 est combin\u00e9e \u00e0 la technologie moderne d&#8217;extraction de fluides supercritiques de la phytoth\u00e9rapie chinoise, pour produire ce th\u00e9 pour diab\u00e9tiques hautement efficace et \u00e9prouv\u00e9.<br \/>\nAvantages pour la sant\u00e9<br \/>\nPermet une d\u00e9fense efficace du pancr\u00e9as, active les cellules des \u00eelots, am\u00e9liore la fonction des \u00eelots,<br \/>\nAm\u00e9liorer la s\u00e9cr\u00e9tion d&#8217;insuline,<br \/>\nPromouvoir l&#8217;utilisation du glucose,<br \/>\nRamollir les vaisseaux sanguins ; favorise la circulation du sang \u00e0 travers le c\u0153ur et le cerveau,<br \/>\nAnti-oxydant, r\u00e9siste aux radicaux libres ; Anti-inflammatoire,<br \/>\nPr\u00e9venir les probl\u00e8mes cardiaques ; Accident vasculaire c\u00e9r\u00e9bral, thrombus c\u00e9r\u00e9bral, am\u00e9liore la concentration mentale et la m\u00e9moire,<br \/>\nRenforce les Reins, tonifie la Rate,<br \/>\nNourrir les poumons,<br \/>\nAide \u00e0 r\u00e9duire les lipides sanguins et le cholest\u00e9rol, \u00e0 abaisser la tension art\u00e9rielle et \u00e0 contr\u00f4ler\u00a0l&#8217;ob\u00e9sit\u00e9<\/p>\n","protected":false},"excerpt":{"rendered":"<p>Ingr\u00e9dients; Seuls les ingr\u00e9dients de la meilleure qualit\u00e9 entrent dans les sachets de th\u00e9 et comprennent<br \/>\n1 &#8211; Shennongjia Cyclocarya Paliurus (comme mat\u00e9riau principal)<br \/>\n2 &#8211; Plante m\u00e9dicinale de phoque<br \/>\n3 &#8211; Graine de Cassia<br \/>\n4 &#8211; Th\u00e9 vert<br \/>\n5 &#8211; Igname chinoise<\/p>\n","protected":false},"featured_media":8357,"comment_status":"open","ping_status":"closed","template":"","meta":{"_bst_post_transparent":"","_bst_post_title":"","_bst_post_layout":"","_bst_post_sidebar_id":"","_bst_post_content_style":"","_bst_post_vertical_padding":"","_bst_post_feature":"","_bst_post_feature_position":"","_bst_post_header":false,"_bst_post_footer":false},"product_brand":[],"product_cat":[178,124],"product_tag":[],"product_brands":[],"class_list":{"0":"post-9115","1":"product","2":"type-product","3":"status-publish","4":"has-post-thumbnail","6":"product_cat-soldes","7":"product_cat-univers-sante-beaute","9":"first","10":"instock","11":"shipping-taxable","12":"purchasable","13":"product-type-simple","14":"entry","15":"content-bg","16":"loop-entry"},"_links":{"self":[{"href":"https:\/\/anopri.com\/index.php?rest_route=\/wp\/v2\/product\/9115","targetHints":{"allow":["GET"]}}],"collection":[{"href":"https:\/\/anopri.com\/index.php?rest_route=\/wp\/v2\/product"}],"about":[{"href":"https:\/\/anopri.com\/index.php?rest_route=\/wp\/v2\/types\/product"}],"replies":[{"embeddable":true,"href":"https:\/\/anopri.com\/index.php?rest_route=%2Fwp%2Fv2%2Fcomments&post=9115"}],"wp:featuredmedia":[{"embeddable":true,"href":"https:\/\/anopri.com\/index.php?rest_route=\/wp\/v2\/media\/8357"}],"wp:attachment":[{"href":"https:\/\/anopri.com\/index.php?rest_route=%2Fwp%2Fv2%2Fmedia&parent=9115"}],"wp:term":[{"taxonomy":"product_brand","embeddable":true,"href":"https:\/\/anopri.com\/index.php?rest_route=%2Fwp%2Fv2%2Fproduct_brand&post=9115"},{"taxonomy":"product_cat","embeddable":true,"href":"https:\/\/anopri.com\/index.php?rest_route=%2Fwp%2Fv2%2Fproduct_cat&post=9115"},{"taxonomy":"product_tag","embeddable":true,"href":"https:\/\/anopri.com\/index.php?rest_route=%2Fwp%2Fv2%2Fproduct_tag&post=9115"},{"taxonomy":"product_brands","embeddable":true,"href":"https:\/\/anopri.com\/index.php?rest_route=%2Fwp%2Fv2%2Fproduct_brands&post=9115"}],"curies":[{"name":"wp","href":"https:\/\/api.w.org\/{rel}","templated":true}]}}