{"id":9114,"date":"2026-04-25T13:07:18","date_gmt":"2026-04-25T13:07:18","guid":{"rendered":"https:\/\/anopri.com\/?post_type=product&#038;p=9114"},"modified":"2026-04-25T13:07:23","modified_gmt":"2026-04-25T13:07:23","slug":"jeu-de-cles-torx-tournevis-etoile","status":"publish","type":"product","link":"https:\/\/anopri.com\/?product=jeu-de-cles-torx-tournevis-etoile","title":{"rendered":"Jeu de cl\u00e9s torx &#8211; tournevis etoile"},"content":{"rendered":"<p><span style=\"vertical-align: inherit;\"><span style=\"vertical-align: inherit;\">L&#8217;ensemble comprend 9 jeux de cl\u00e9s \u00e0 vis Torx extra-longues en forme de L avec un support. <\/span><span style=\"vertical-align: inherit;\">Fabriqu\u00e9 \u00e0 partir de chrome et de vanadium <\/span><\/span><br \/>\n<span style=\"vertical-align: inherit;\"><span style=\"vertical-align: inherit;\">, jeu de 9 cl\u00e9s Torx extra-longues avec t\u00eates de stylo \u00e0 bille et support. <\/span><\/span><br \/>\n<span style=\"vertical-align: inherit;\"><span style=\"vertical-align: inherit;\">L&#8217;ensemble comprend 9 jeux de cl\u00e9s \u00e0 vis Torx extra-longues en forme de L avec un support. <\/span><\/span><br \/>\n<span style=\"vertical-align: inherit;\"><span style=\"vertical-align: inherit;\">Fabriqu\u00e9 \u00e0 partir de chrome et de vanadium. <\/span><\/span><br \/>\n<span style=\"vertical-align: inherit;\"><span style=\"vertical-align: inherit;\">Avec des jeux Torx \u00e0 bille de chaque c\u00f4t\u00e9 pour les zones difficiles d&#8217;acc\u00e8s qui peuvent \u00eatre utilis\u00e9es \u00e0 un angle de 25 degr\u00e9s. <\/span><\/span><br \/>\n<span style=\"vertical-align: inherit;\"><span style=\"vertical-align: inherit;\">Si vous envisagez de n&#8217;obtenir qu&#8217;un seul jeu de cl\u00e9s Torx, ce serait l&#8217;ensemble parfait car il comprend les tailles les plus populaires.<\/span><\/span><\/p>\n<p><span style=\"vertical-align: inherit;\"><span style=\"vertical-align: inherit;\">Le jeu de cl\u00e9s Torx de 9 pi\u00e8ces comprend les tailles suivantes : <\/span><\/span><br \/>\n<span style=\"vertical-align: inherit;\"><span style=\"vertical-align: inherit;\">T-10 1,5 mm T-15 2,0 mm T-20 2,5 mm T-25 3,0 mm T-27 4,0 mm T- 30 5,0 mm T-40 6,0 mm T-45 8,0 mm T-50 10,0 mm<\/span><\/span><\/p>\n","protected":false},"excerpt":{"rendered":"<p><span style=\"vertical-align: inherit;\"><span style=\"vertical-align: inherit;\">Le jeu de cl\u00e9s Torx de 9 pi\u00e8ces comprend les tailles suivantes : <\/span><\/span><br \/>\n<span style=\"vertical-align: inherit;\"><span style=\"vertical-align: inherit;\">T-10 1,5 mm T-15 2,0 mm T-20 2,5 mm T-25 3,0 mm T-27 4,0 mm T- 30 5,0 mm T-40 6,0 mm T-45 8,0 mm T-50 10,0 mm<\/span><\/span><\/p>\n","protected":false},"featured_media":8352,"comment_status":"open","ping_status":"closed","template":"","meta":{"_bst_post_transparent":"","_bst_post_title":"","_bst_post_layout":"","_bst_post_sidebar_id":"","_bst_post_content_style":"","_bst_post_vertical_padding":"","_bst_post_feature":"","_bst_post_feature_position":"","_bst_post_header":false,"_bst_post_footer":false},"product_brand":[],"product_cat":[156],"product_tag":[],"product_brands":[],"class_list":{"0":"post-9114","1":"product","2":"type-product","3":"status-publish","4":"has-post-thumbnail","6":"product_cat-outillages-et-petits-materiels-a-main","8":"first","9":"instock","10":"shipping-taxable","11":"purchasable","12":"product-type-simple","13":"entry","14":"content-bg","15":"loop-entry"},"_links":{"self":[{"href":"https:\/\/anopri.com\/index.php?rest_route=\/wp\/v2\/product\/9114","targetHints":{"allow":["GET"]}}],"collection":[{"href":"https:\/\/anopri.com\/index.php?rest_route=\/wp\/v2\/product"}],"about":[{"href":"https:\/\/anopri.com\/index.php?rest_route=\/wp\/v2\/types\/product"}],"replies":[{"embeddable":true,"href":"https:\/\/anopri.com\/index.php?rest_route=%2Fwp%2Fv2%2Fcomments&post=9114"}],"wp:featuredmedia":[{"embeddable":true,"href":"https:\/\/anopri.com\/index.php?rest_route=\/wp\/v2\/media\/8352"}],"wp:attachment":[{"href":"https:\/\/anopri.com\/index.php?rest_route=%2Fwp%2Fv2%2Fmedia&parent=9114"}],"wp:term":[{"taxonomy":"product_brand","embeddable":true,"href":"https:\/\/anopri.com\/index.php?rest_route=%2Fwp%2Fv2%2Fproduct_brand&post=9114"},{"taxonomy":"product_cat","embeddable":true,"href":"https:\/\/anopri.com\/index.php?rest_route=%2Fwp%2Fv2%2Fproduct_cat&post=9114"},{"taxonomy":"product_tag","embeddable":true,"href":"https:\/\/anopri.com\/index.php?rest_route=%2Fwp%2Fv2%2Fproduct_tag&post=9114"},{"taxonomy":"product_brands","embeddable":true,"href":"https:\/\/anopri.com\/index.php?rest_route=%2Fwp%2Fv2%2Fproduct_brands&post=9114"}],"curies":[{"name":"wp","href":"https:\/\/api.w.org\/{rel}","templated":true}]}}