{"id":9110,"date":"2026-04-25T13:07:18","date_gmt":"2026-04-25T13:07:18","guid":{"rendered":"https:\/\/anopri.com\/?post_type=product&#038;p=9110"},"modified":"2026-04-25T13:07:22","modified_gmt":"2026-04-25T13:07:22","slug":"filtre-purificateur-deau-pour-robinet","status":"publish","type":"product","link":"https:\/\/anopri.com\/?product=filtre-purificateur-deau-pour-robinet","title":{"rendered":"Filtre purificateur d&#8217;eau pour robinet"},"content":{"rendered":"","protected":false},"excerpt":{"rendered":"<ul>\n<li>Purificateur d\u2019eau respectueux de l\u2019environnement<\/li>\n<li>\u00c9limine la rouille, le chlore r\u00e9siduel et le ver de sang<\/li>\n<li>Fournit de l\u2019eau propre pour la cuisson, le lavage, etc.<\/li>\n<li>Filtrez et purifiez votre eau, donnez \u00e0 votre famille uniquement l\u2019eau la meilleure et la plus saine.<\/li>\n<li>La cartouche filtrante en c\u00e9ramique \u2013 Facile \u00e0 nettoyer et peut \u00eatre utilis\u00e9e maintes et maintes fois<\/li>\n<li>Nettoyez r\u00e9guli\u00e8rement<\/li>\n<li>Portefeuille convivial<\/li>\n<li>Tr\u00e8s respectueux de l\u2019environnement.<\/li>\n<li>Les joints \u00e0 3 facettes s\u2019adaptent \u00e0 diff\u00e9rents types de robinets.<\/li>\n<li>Tr\u00e8s facile \u00e0 installer: aucun outil sp\u00e9cial requis.<\/li>\n<li>Tourmaline pour filtrer l\u2019eau: oui<\/li>\n<\/ul>\n","protected":false},"featured_media":8348,"comment_status":"open","ping_status":"closed","template":"","meta":{"_bst_post_transparent":"","_bst_post_title":"","_bst_post_layout":"","_bst_post_sidebar_id":"","_bst_post_content_style":"","_bst_post_vertical_padding":"","_bst_post_feature":"","_bst_post_feature_position":"","_bst_post_header":false,"_bst_post_footer":false},"product_brand":[],"product_cat":[185],"product_tag":[],"product_brands":[],"class_list":{"0":"post-9110","1":"product","2":"type-product","3":"status-publish","4":"has-post-thumbnail","6":"product_cat-articles-de-cuisine","8":"first","9":"instock","10":"shipping-taxable","11":"purchasable","12":"product-type-simple","13":"entry","14":"content-bg","15":"loop-entry"},"_links":{"self":[{"href":"https:\/\/anopri.com\/index.php?rest_route=\/wp\/v2\/product\/9110","targetHints":{"allow":["GET"]}}],"collection":[{"href":"https:\/\/anopri.com\/index.php?rest_route=\/wp\/v2\/product"}],"about":[{"href":"https:\/\/anopri.com\/index.php?rest_route=\/wp\/v2\/types\/product"}],"replies":[{"embeddable":true,"href":"https:\/\/anopri.com\/index.php?rest_route=%2Fwp%2Fv2%2Fcomments&post=9110"}],"wp:featuredmedia":[{"embeddable":true,"href":"https:\/\/anopri.com\/index.php?rest_route=\/wp\/v2\/media\/8348"}],"wp:attachment":[{"href":"https:\/\/anopri.com\/index.php?rest_route=%2Fwp%2Fv2%2Fmedia&parent=9110"}],"wp:term":[{"taxonomy":"product_brand","embeddable":true,"href":"https:\/\/anopri.com\/index.php?rest_route=%2Fwp%2Fv2%2Fproduct_brand&post=9110"},{"taxonomy":"product_cat","embeddable":true,"href":"https:\/\/anopri.com\/index.php?rest_route=%2Fwp%2Fv2%2Fproduct_cat&post=9110"},{"taxonomy":"product_tag","embeddable":true,"href":"https:\/\/anopri.com\/index.php?rest_route=%2Fwp%2Fv2%2Fproduct_tag&post=9110"},{"taxonomy":"product_brands","embeddable":true,"href":"https:\/\/anopri.com\/index.php?rest_route=%2Fwp%2Fv2%2Fproduct_brands&post=9110"}],"curies":[{"name":"wp","href":"https:\/\/api.w.org\/{rel}","templated":true}]}}