{"id":9098,"date":"2026-04-25T13:07:11","date_gmt":"2026-04-25T13:07:11","guid":{"rendered":"https:\/\/anopri.com\/?post_type=product&#038;p=9098"},"modified":"2026-04-25T13:07:16","modified_gmt":"2026-04-25T13:07:16","slug":"cafetiere-express-mebashi-me-ecm-2040","status":"publish","type":"product","link":"https:\/\/anopri.com\/?product=cafetiere-express-mebashi-me-ecm-2040","title":{"rendered":"Cafeti\u00e8re Express Mebashi ME-ECM 2040"},"content":{"rendered":"<p><b>\u00a0Machine A Caf\u00e9 Expresso Multi Fonction 3 En 1\u00a0 Mebashi ME-ECM 2040<\/b><b><br \/>\n<\/b>Machine \u00e0 caf\u00e9 et expresso combin\u00e9e : la machine \u00e0 expresso multi-capsules\u00a0 <b>Mebashi<\/b> 3 en 1 est compacte et fiable. Avec une pression puissante de 20 bars, vous \u00eates s\u00fbr d&#8217;obtenir une infusion forte \u00e0 chaque fois. Cette cafeti\u00e8re petite mais puissante est id\u00e9ale pour les petits bureaux et les maisons. , caf\u00e9s et cantines 3 adaptateurs en option : cette cafeti\u00e8re expresso multi-capsules vous permet de pr\u00e9parer une vari\u00e9t\u00e9 de boissons traditionnelles telles que l&#8217;espresso court, le Nespresso long, le Dolce Gusto, le caf\u00e9 en poudre et bien plus encore.Modes de fonctionnement : cette cafeti\u00e8re de comptoir propose des options d&#8217;arr\u00eat automatique et manuel.\u00a0 la cafeti\u00e8re expresso multifonction <b>Mebashi<\/b>\u00a0 3 en 1 est fabriqu\u00e9e dans un mat\u00e9riau l\u00e9ger avec une poign\u00e9e chrom\u00e9e qui ajoute \u00e0 sa valeur esth\u00e9tique et \u00e0 sa fonctionnalit\u00e9.\u00a0\u00a0<b><br \/>\n<\/b><b><\/b><\/p>\n","protected":false},"excerpt":{"rendered":"<p><b>Sp\u00e9cifications du produit\u00a0<\/b>:<\/p>\n<ul>\n<li>\u00a0Cette machine \u00e0 expresso est aliment\u00e9e par un moteur de 1 100 W..<\/li>\n<li>\u00a0Elle est \u00e9quip\u00e9e d&#8217;un r\u00e9servoir d&#8217;eau amovible de 200 ml.<\/li>\n<li>. Elle fonctionne efficacement avec une faible consommation d&#8217;\u00e9nergie de 220-240 V-50\/60 Hz.<\/li>\n<li>La machine s&#8217;arr\u00eate automatiquement apr\u00e8s avoir atteint la capacit\u00e9 souhait\u00e9e<\/li>\n<li>Si l&#8217;appareil n&#8217;est pas utilis\u00e9 pendant plus de cinq minutes, il s&#8217;\u00e9teindra automatiquement<\/li>\n<li>Le volume de la tasse peut \u00eatre ajust\u00e9 en fonction des exigences de go\u00fbt personnel, et les go\u00fbts personnels exclusifs peuvent \u00eatre personnalis\u00e9s<\/li>\n<li>Parfait pour faire bouillir l&#8217;eau plus rapidement et de mani\u00e8re plus s\u00fbre lorsque vous avez envie d&#8217;une tasse de caf\u00e9<\/li>\n<\/ul>\n","protected":false},"featured_media":8297,"comment_status":"closed","ping_status":"closed","template":"","meta":{"_bst_post_transparent":"","_bst_post_title":"","_bst_post_layout":"","_bst_post_sidebar_id":"","_bst_post_content_style":"","_bst_post_vertical_padding":"","_bst_post_feature":"","_bst_post_feature_position":"","_bst_post_header":false,"_bst_post_footer":false},"product_brand":[],"product_cat":[185,155,145],"product_tag":[],"product_brands":[],"class_list":{"0":"post-9098","1":"product","2":"type-product","3":"status-publish","4":"has-post-thumbnail","6":"product_cat-articles-de-cuisine","7":"product_cat-bouilloire-electrique","8":"product_cat-electromenager","10":"first","11":"instock","12":"shipping-taxable","13":"purchasable","14":"product-type-simple","15":"entry","16":"content-bg","17":"loop-entry"},"_links":{"self":[{"href":"https:\/\/anopri.com\/index.php?rest_route=\/wp\/v2\/product\/9098","targetHints":{"allow":["GET"]}}],"collection":[{"href":"https:\/\/anopri.com\/index.php?rest_route=\/wp\/v2\/product"}],"about":[{"href":"https:\/\/anopri.com\/index.php?rest_route=\/wp\/v2\/types\/product"}],"replies":[{"embeddable":true,"href":"https:\/\/anopri.com\/index.php?rest_route=%2Fwp%2Fv2%2Fcomments&post=9098"}],"wp:featuredmedia":[{"embeddable":true,"href":"https:\/\/anopri.com\/index.php?rest_route=\/wp\/v2\/media\/8297"}],"wp:attachment":[{"href":"https:\/\/anopri.com\/index.php?rest_route=%2Fwp%2Fv2%2Fmedia&parent=9098"}],"wp:term":[{"taxonomy":"product_brand","embeddable":true,"href":"https:\/\/anopri.com\/index.php?rest_route=%2Fwp%2Fv2%2Fproduct_brand&post=9098"},{"taxonomy":"product_cat","embeddable":true,"href":"https:\/\/anopri.com\/index.php?rest_route=%2Fwp%2Fv2%2Fproduct_cat&post=9098"},{"taxonomy":"product_tag","embeddable":true,"href":"https:\/\/anopri.com\/index.php?rest_route=%2Fwp%2Fv2%2Fproduct_tag&post=9098"},{"taxonomy":"product_brands","embeddable":true,"href":"https:\/\/anopri.com\/index.php?rest_route=%2Fwp%2Fv2%2Fproduct_brands&post=9098"}],"curies":[{"name":"wp","href":"https:\/\/api.w.org\/{rel}","templated":true}]}}