{"id":9096,"date":"2026-04-25T13:07:11","date_gmt":"2026-04-25T13:07:11","guid":{"rendered":"https:\/\/anopri.com\/?post_type=product&#038;p=9096"},"modified":"2026-04-25T13:07:16","modified_gmt":"2026-04-25T13:07:16","slug":"interrupteur-de-machine-a-coudre-ac-380-220-v-10a","status":"publish","type":"product","link":"https:\/\/anopri.com\/?product=interrupteur-de-machine-a-coudre-ac-380-220-v-10a","title":{"rendered":"Interrupteur de Machine \u00e0 coudre- AC 380\/220 V 10A"},"content":{"rendered":"<table class=\"a-normal a-spacing-micro\">\n<tbody>\n<tr class=\"a-spacing-small po-operation_mode\">\n<td class=\"a-span3\"><span class=\"a-size-base a-text-bold\"><span style=\"vertical-align: inherit;\"><span style=\"vertical-align: inherit;\">Mode de fonctionnement<\/span><\/span><\/span><\/td>\n<td class=\"a-span9\"><span class=\"a-size-base po-break-word\"><span style=\"vertical-align: inherit;\"><span style=\"vertical-align: inherit;\">ON-AUCUN-OFF<\/span><\/span><\/span><\/td>\n<\/tr>\n<tr class=\"a-spacing-small po-current_rating\">\n<td class=\"a-span3\"><span class=\"a-size-base a-text-bold\"><span style=\"vertical-align: inherit;\"><span style=\"vertical-align: inherit;\">Note actuelle<\/span><\/span><\/span><\/td>\n<td class=\"a-span9\"><span class=\"a-size-base po-break-word\"><span style=\"vertical-align: inherit;\"><span style=\"vertical-align: inherit;\">10 amp\u00e8res<\/span><\/span><\/span><\/td>\n<\/tr>\n<tr class=\"a-spacing-small po-operating_voltage\">\n<td class=\"a-span3\"><span class=\"a-size-base a-text-bold\"><span style=\"vertical-align: inherit;\"><span style=\"vertical-align: inherit;\">Tension de fonctionnement<\/span><\/span><\/span><\/td>\n<td class=\"a-span9\"><span class=\"a-size-base po-break-word\"><span style=\"vertical-align: inherit;\"><span style=\"vertical-align: inherit;\">220 Volts (CA)<\/span><\/span><\/span><\/td>\n<\/tr>\n<tr class=\"a-spacing-small po-brand\">\n<td class=\"a-span3\"><span class=\"a-size-base a-text-bold\"><span style=\"vertical-align: inherit;\"><span style=\"vertical-align: inherit;\">Marque<\/span><\/span><\/span><\/td>\n<td class=\"a-span9\"><span class=\"a-size-base po-break-word\"><span style=\"vertical-align: inherit;\"><span style=\"vertical-align: inherit;\">Fabricant \u00e9lectronique<\/span><\/span><\/span><\/td>\n<\/tr>\n<tr class=\"a-spacing-small po-terminal_type\">\n<td class=\"a-span3\"><span class=\"a-size-base a-text-bold\"><span style=\"vertical-align: inherit;\"><span style=\"vertical-align: inherit;\">Terminal<\/span><\/span><\/span><\/td>\n<td class=\"a-span9\"><span class=\"a-size-base po-break-word\"><span style=\"vertical-align: inherit;\"><span style=\"vertical-align: inherit;\">Bouton<\/span><\/span><\/span><\/td>\n<\/tr>\n<tr class=\"a-spacing-small po-actuator.type\">\n<td class=\"a-span3\"><span class=\"a-size-base a-text-bold\"><span style=\"vertical-align: inherit;\"><span style=\"vertical-align: inherit;\">Type d&#8217;actionnement<\/span><\/span><\/span><\/td>\n<td class=\"a-span9\"><span class=\"a-size-base po-break-word\"><span style=\"vertical-align: inherit;\"><span style=\"vertical-align: inherit;\">interrupteur \u00e0 bouton-poussoir<\/span><\/span><\/span><\/td>\n<\/tr>\n<tr class=\"a-spacing-small po-international_protection_rating\">\n<td class=\"a-span3\"><span class=\"a-size-base a-text-bold\"><span style=\"vertical-align: inherit;\"><span style=\"vertical-align: inherit;\">C\u00f4te de protection internationale<\/span><\/span><\/span><\/td>\n<td class=\"a-span9\"><span class=\"a-size-base po-break-word\"><span style=\"vertical-align: inherit;\"><span style=\"vertical-align: inherit;\">IP68<\/span><\/span><\/span><\/td>\n<\/tr>\n<tr class=\"a-spacing-small po-controller_type\">\n<td class=\"a-span3\"><span class=\"a-size-base a-text-bold\"><span style=\"vertical-align: inherit;\"><span style=\"vertical-align: inherit;\">Type de contr\u00f4leur<\/span><\/span><\/span><\/td>\n<td class=\"a-span9\"><span class=\"a-size-base po-break-word\"><span style=\"vertical-align: inherit;\"><span style=\"vertical-align: inherit;\">Bouton poussoir<\/span><\/span><\/span><\/td>\n<\/tr>\n<tr class=\"a-spacing-small po-connectivity_protocol\">\n<td class=\"a-span3\"><span class=\"a-size-base a-text-bold\"><span style=\"vertical-align: inherit;\"><span style=\"vertical-align: inherit;\">Protocole de connectivit\u00e9<\/span><\/span><\/span><\/td>\n<td class=\"a-span9\"><span class=\"a-size-base po-break-word\"><span style=\"vertical-align: inherit;\"><span style=\"vertical-align: inherit;\">Wifi<\/span><\/span><\/span><\/td>\n<\/tr>\n<tr class=\"a-spacing-small po-unit_count\">\n<td class=\"a-span3\"><span class=\"a-size-base a-text-bold\"><span style=\"vertical-align: inherit;\"><span style=\"vertical-align: inherit;\">Nombre d&#8217;unit\u00e9s<\/span><\/span><\/span><\/td>\n<td class=\"a-span9\"><span class=\"a-size-base po-break-word\"><span style=\"vertical-align: inherit;\"><span style=\"vertical-align: inherit;\">1,0 compte<\/span><\/span><\/span><\/td>\n<\/tr>\n<\/tbody>\n<\/table>\n","protected":false},"excerpt":{"rendered":"<p>Mode de fonctionnement ON-AUCUN-OFF Note actuelle 10 amp\u00e8res Tension de fonctionnement 220 Volts (CA) Marque Fabricant \u00e9lectronique Terminal Bouton Type d&#8217;actionnement interrupteur \u00e0 bouton-poussoir C\u00f4te de protection internationale IP68 Type de contr\u00f4leur Bouton poussoir Protocole de connectivit\u00e9 Wifi Nombre d&#8217;unit\u00e9s 1,0 compte<\/p>\n","protected":false},"featured_media":8293,"comment_status":"open","ping_status":"closed","template":"","meta":{"_bst_post_transparent":"","_bst_post_title":"","_bst_post_layout":"","_bst_post_sidebar_id":"","_bst_post_content_style":"","_bst_post_vertical_padding":"","_bst_post_feature":"","_bst_post_feature_position":"","_bst_post_header":false,"_bst_post_footer":false},"product_brand":[],"product_cat":[176,156],"product_tag":[],"product_brands":[],"class_list":{"0":"post-9096","1":"product","2":"type-product","3":"status-publish","4":"has-post-thumbnail","6":"product_cat-machines-a-coudre-accessoires-de-couture","7":"product_cat-outillages-et-petits-materiels-a-main","9":"first","10":"instock","11":"shipping-taxable","12":"purchasable","13":"product-type-simple","14":"entry","15":"content-bg","16":"loop-entry"},"_links":{"self":[{"href":"https:\/\/anopri.com\/index.php?rest_route=\/wp\/v2\/product\/9096","targetHints":{"allow":["GET"]}}],"collection":[{"href":"https:\/\/anopri.com\/index.php?rest_route=\/wp\/v2\/product"}],"about":[{"href":"https:\/\/anopri.com\/index.php?rest_route=\/wp\/v2\/types\/product"}],"replies":[{"embeddable":true,"href":"https:\/\/anopri.com\/index.php?rest_route=%2Fwp%2Fv2%2Fcomments&post=9096"}],"wp:featuredmedia":[{"embeddable":true,"href":"https:\/\/anopri.com\/index.php?rest_route=\/wp\/v2\/media\/8293"}],"wp:attachment":[{"href":"https:\/\/anopri.com\/index.php?rest_route=%2Fwp%2Fv2%2Fmedia&parent=9096"}],"wp:term":[{"taxonomy":"product_brand","embeddable":true,"href":"https:\/\/anopri.com\/index.php?rest_route=%2Fwp%2Fv2%2Fproduct_brand&post=9096"},{"taxonomy":"product_cat","embeddable":true,"href":"https:\/\/anopri.com\/index.php?rest_route=%2Fwp%2Fv2%2Fproduct_cat&post=9096"},{"taxonomy":"product_tag","embeddable":true,"href":"https:\/\/anopri.com\/index.php?rest_route=%2Fwp%2Fv2%2Fproduct_tag&post=9096"},{"taxonomy":"product_brands","embeddable":true,"href":"https:\/\/anopri.com\/index.php?rest_route=%2Fwp%2Fv2%2Fproduct_brands&post=9096"}],"curies":[{"name":"wp","href":"https:\/\/api.w.org\/{rel}","templated":true}]}}