{"id":9093,"date":"2026-04-25T13:07:10","date_gmt":"2026-04-25T13:07:10","guid":{"rendered":"https:\/\/anopri.com\/?post_type=product&#038;p=9093"},"modified":"2026-04-25T13:07:15","modified_gmt":"2026-04-25T13:07:15","slug":"machine-manuelle-de-reglage-des-perles-et-des-rivets-loren","status":"publish","type":"product","link":"https:\/\/anopri.com\/?product=machine-manuelle-de-reglage-des-perles-et-des-rivets-loren","title":{"rendered":"Machine manuelle de r\u00e9glage des perles et des rivets\u00a0Loren"},"content":{"rendered":"<p>Machine manuelle de r\u00e9glage des perles et des rivets Loren<\/p>\n<p>Poin\u00e7onneuse manuelle pour perles ou rivets,<\/p>\n<p>Il y a 6 tailles de perles dans la bo\u00eete : 4 mm, 5 mm, 6 mm, 8 mm, 10 mm, 12 mm.<\/p>\n<p>Vous pouvez l&#8217;appliquer sur toutes sortes de tissus, cuirs, v\u00eatements, sacs, chaussures, ceintures et chapeaux.<\/p>\n<p>Comment utiliser,<\/p>\n<p>&#8211; Mettre le clou dans le trou du moule et la perle sur le bout du clou sur le dessus du moule,<\/p>\n<p>&#8211; Placer le tissu au centre du motif au niveau de l&#8217;ongle<\/p>\n<p>-Enfoncez la barre \u00e0 ressort dans le tissu, serrez la poign\u00e9e rouge,\u00a0fixez-la.<\/p>\n","protected":false},"excerpt":{"rendered":"<ul class=\"a-unordered-list a-vertical a-spacing-mini\">\n<li class=\"a-spacing-mini\"><span class=\"a-list-item\"><span style=\"vertical-align: inherit;\"><span style=\"vertical-align: inherit;\">Mat\u00e9riel : R\u00e9sine plastique<\/span><\/span><\/span><\/li>\n<li class=\"a-spacing-mini\"><span class=\"a-list-item\"><span style=\"vertical-align: inherit;\"><span style=\"vertical-align: inherit;\">Pression du bouton : T3 \/dia. <\/span><span style=\"vertical-align: inherit;\">1,04 cm, pince \u00e0 pression : L 17 cm\/6,6&#8243;<\/span><\/span><\/span><\/li>\n<li class=\"a-spacing-mini\"><span class=\"a-list-item\"><span style=\"vertical-align: inherit;\"><span style=\"vertical-align: inherit;\">Avec une bo\u00eete de rangement en plastique, pratique pour le rangement des boutons.<\/span><\/span><\/span><\/li>\n<li class=\"a-spacing-mini\"><span class=\"a-list-item\"><span style=\"vertical-align: inherit;\"><span style=\"vertical-align: inherit;\">Pour le bricolage \u00e0 domicile, les v\u00eatements de b\u00e9b\u00e9 faits \u00e0 la main, les sacs, les barboteuses, ou pour fabriquer des sacs, des sacs en papier, des chapeaux et d&#8217;autres fins.<\/span><\/span><\/span><\/li>\n<li class=\"a-spacing-mini\"><span class=\"a-list-item\"><span style=\"vertical-align: inherit;\"><span style=\"vertical-align: inherit;\">Peut \u00eatre largement utilis\u00e9 dans les vestes rembourr\u00e9es en coton pour b\u00e9b\u00e9, les housses de couette familiales, les taies d&#8217;oreiller et les parapluies.<\/span><\/span><\/span><\/li>\n<\/ul>\n","protected":false},"featured_media":8286,"comment_status":"open","ping_status":"closed","template":"","meta":{"_bst_post_transparent":"","_bst_post_title":"","_bst_post_layout":"","_bst_post_sidebar_id":"","_bst_post_content_style":"","_bst_post_vertical_padding":"","_bst_post_feature":"","_bst_post_feature_position":"","_bst_post_header":false,"_bst_post_footer":false},"product_brand":[],"product_cat":[176,156],"product_tag":[],"product_brands":[],"class_list":{"0":"post-9093","1":"product","2":"type-product","3":"status-publish","4":"has-post-thumbnail","6":"product_cat-machines-a-coudre-accessoires-de-couture","7":"product_cat-outillages-et-petits-materiels-a-main","9":"first","10":"instock","11":"shipping-taxable","12":"purchasable","13":"product-type-simple","14":"entry","15":"content-bg","16":"loop-entry"},"_links":{"self":[{"href":"https:\/\/anopri.com\/index.php?rest_route=\/wp\/v2\/product\/9093","targetHints":{"allow":["GET"]}}],"collection":[{"href":"https:\/\/anopri.com\/index.php?rest_route=\/wp\/v2\/product"}],"about":[{"href":"https:\/\/anopri.com\/index.php?rest_route=\/wp\/v2\/types\/product"}],"replies":[{"embeddable":true,"href":"https:\/\/anopri.com\/index.php?rest_route=%2Fwp%2Fv2%2Fcomments&post=9093"}],"wp:featuredmedia":[{"embeddable":true,"href":"https:\/\/anopri.com\/index.php?rest_route=\/wp\/v2\/media\/8286"}],"wp:attachment":[{"href":"https:\/\/anopri.com\/index.php?rest_route=%2Fwp%2Fv2%2Fmedia&parent=9093"}],"wp:term":[{"taxonomy":"product_brand","embeddable":true,"href":"https:\/\/anopri.com\/index.php?rest_route=%2Fwp%2Fv2%2Fproduct_brand&post=9093"},{"taxonomy":"product_cat","embeddable":true,"href":"https:\/\/anopri.com\/index.php?rest_route=%2Fwp%2Fv2%2Fproduct_cat&post=9093"},{"taxonomy":"product_tag","embeddable":true,"href":"https:\/\/anopri.com\/index.php?rest_route=%2Fwp%2Fv2%2Fproduct_tag&post=9093"},{"taxonomy":"product_brands","embeddable":true,"href":"https:\/\/anopri.com\/index.php?rest_route=%2Fwp%2Fv2%2Fproduct_brands&post=9093"}],"curies":[{"name":"wp","href":"https:\/\/api.w.org\/{rel}","templated":true}]}}