{"id":9089,"date":"2026-04-25T13:07:10","date_gmt":"2026-04-25T13:07:10","guid":{"rendered":"https:\/\/anopri.com\/?post_type=product&#038;p=9089"},"modified":"2026-04-25T13:07:15","modified_gmt":"2026-04-25T13:07:15","slug":"savon-liquide-formil-15l","status":"publish","type":"product","link":"https:\/\/anopri.com\/?product=savon-liquide-formil-15l","title":{"rendered":"Savon liquide FORMIL -1,5L"},"content":{"rendered":"<p><span style=\"vertical-align: inherit;\"><span style=\"vertical-align: inherit;\">Formil est un gel liquide concentr\u00e9 pour laver les v\u00eatements color\u00e9s, qui convient aussi bien au lavage en machine qu&#8217;en machine. <\/span><span style=\"vertical-align: inherit;\">Il se dissout m\u00eame dans l&#8217;eau froide. <\/span><span style=\"vertical-align: inherit;\">La formule lavante unique du gel lutte activement contre divers types de salet\u00e9s sur les v\u00eatements color\u00e9s, pr\u00e9serve la saturation de la couleur et de la texture des tissus, un ar\u00f4me doux et frais et donne aux choses une douceur particuli\u00e8re.<\/span><\/span><\/p>\n","protected":false},"excerpt":{"rendered":"<p>Formil est un gel liquide concentr\u00e9 pour laver les v\u00eatements color\u00e9s, qui convient aussi bien au lavage en machine qu&#8217;en machine. Il se dissout m\u00eame dans l&#8217;eau froide. La formule lavante unique du gel lutte activement contre divers types de salet\u00e9s sur les v\u00eatements color\u00e9s, pr\u00e9serve la saturation de la couleur et de la texture&#8230;<\/p>\n","protected":false},"featured_media":8284,"comment_status":"closed","ping_status":"closed","template":"","meta":{"_bst_post_transparent":"","_bst_post_title":"","_bst_post_layout":"","_bst_post_sidebar_id":"","_bst_post_content_style":"","_bst_post_vertical_padding":"","_bst_post_feature":"","_bst_post_feature_position":"","_bst_post_header":false,"_bst_post_footer":false},"product_brand":[],"product_cat":[169],"product_tag":[],"product_brands":[],"class_list":{"0":"post-9089","1":"product","2":"type-product","3":"status-publish","4":"has-post-thumbnail","6":"product_cat-ustensiles-gadgets-maison-et-bureau","8":"first","9":"onbackorder","10":"shipping-taxable","11":"purchasable","12":"product-type-simple","13":"entry","14":"content-bg","15":"loop-entry"},"_links":{"self":[{"href":"https:\/\/anopri.com\/index.php?rest_route=\/wp\/v2\/product\/9089","targetHints":{"allow":["GET"]}}],"collection":[{"href":"https:\/\/anopri.com\/index.php?rest_route=\/wp\/v2\/product"}],"about":[{"href":"https:\/\/anopri.com\/index.php?rest_route=\/wp\/v2\/types\/product"}],"replies":[{"embeddable":true,"href":"https:\/\/anopri.com\/index.php?rest_route=%2Fwp%2Fv2%2Fcomments&post=9089"}],"wp:featuredmedia":[{"embeddable":true,"href":"https:\/\/anopri.com\/index.php?rest_route=\/wp\/v2\/media\/8284"}],"wp:attachment":[{"href":"https:\/\/anopri.com\/index.php?rest_route=%2Fwp%2Fv2%2Fmedia&parent=9089"}],"wp:term":[{"taxonomy":"product_brand","embeddable":true,"href":"https:\/\/anopri.com\/index.php?rest_route=%2Fwp%2Fv2%2Fproduct_brand&post=9089"},{"taxonomy":"product_cat","embeddable":true,"href":"https:\/\/anopri.com\/index.php?rest_route=%2Fwp%2Fv2%2Fproduct_cat&post=9089"},{"taxonomy":"product_tag","embeddable":true,"href":"https:\/\/anopri.com\/index.php?rest_route=%2Fwp%2Fv2%2Fproduct_tag&post=9089"},{"taxonomy":"product_brands","embeddable":true,"href":"https:\/\/anopri.com\/index.php?rest_route=%2Fwp%2Fv2%2Fproduct_brands&post=9089"}],"curies":[{"name":"wp","href":"https:\/\/api.w.org\/{rel}","templated":true}]}}