{"id":9088,"date":"2026-04-25T13:07:10","date_gmt":"2026-04-25T13:07:10","guid":{"rendered":"https:\/\/anopri.com\/?post_type=product&#038;p=9088"},"modified":"2026-04-25T13:07:14","modified_gmt":"2026-04-25T13:07:14","slug":"tv-roch-smart-43-pouces-rh-le43dsa-b-androide","status":"publish","type":"product","link":"https:\/\/anopri.com\/?product=tv-roch-smart-43-pouces-rh-le43dsa-b-androide","title":{"rendered":"TV ROCH Smart &#8211; 43 Pouces RH-LE43DSA- B- Andro\u00efde"},"content":{"rendered":"<p>Cette<strong>\u00a0smart tv Led\u00a0 Roch 43 pouces\u00a0<\/strong>est dot\u00e9e d\u2019un\u00a0<strong>affichage Led<\/strong>\u00a0pour vous offrir des images\u00a0 plus pr\u00e9cises et plus r\u00e9alistes de qualit\u00e9 sup\u00e9rieure gr\u00e2ce \u00e0 sa r\u00e9solution\u00a0<strong>FHD.<\/strong>\u00a0La<strong>\u00a0tv Android Roch<\/strong>,\u00a0pr\u00e9sente vos contenu pr\u00e9f\u00e9r\u00e9 toujours au premier plan. Ainsi, que vous soyez \u00e0 la recherche d&#8217;une nouvelle \u00e9mission \u00e0 regarder ou que vous souhaitiez simplement reprendre l\u00e0 o\u00f9 vous vous \u00eates arr\u00eat\u00e9s, vous obtenez ce que vous voulez, quand vous le voulez.<\/p>\n","protected":false},"excerpt":{"rendered":"<ul>\n<li aria-level=\"1\"><strong>Nom du produit\u00a0<\/strong>: Smart TV<\/li>\n<li aria-level=\"1\"><strong>Marque<\/strong>: ROCH<\/li>\n<li aria-level=\"1\"><strong>Mod\u00e8le de la tv :\u00a0<\/strong>\u00a0RH-LE43DSA B<\/li>\n<li aria-level=\"1\"><strong>Taille de l\u2019\u00e9cran\u00a0<\/strong>: 43 pouces<\/li>\n<li aria-level=\"1\"><strong>R\u00e9solution:<\/strong>\u00a01080p (1920x1080p)<\/li>\n<li aria-level=\"1\"><strong>Type d\u2019\u00e9cran<\/strong>: LED<\/li>\n<li aria-level=\"1\"><strong>Couleur:<\/strong>\u00a0Noir<\/li>\n<li aria-level=\"1\"><strong>Connectiques<\/strong>: HDMI, composante (YUV), composite (RCA vid\u00e9o), USB<\/li>\n<li aria-level=\"1\"><strong>Smart TV<\/strong>: Smart Share, TV Connect\u00e9e<\/li>\n<li aria-level=\"1\"><strong>Sp\u00e9cifications<\/strong>: Full HD num\u00e9rique DVB T2, S2, USB (photo, musique, film), Smart TV (Youtube, Navigateur)<\/li>\n<li aria-level=\"1\"><strong>Garantie :<\/strong>\u00a012 mois<\/li>\n<\/ul>\n","protected":false},"featured_media":8282,"comment_status":"open","ping_status":"closed","template":"","meta":{"_bst_post_transparent":"","_bst_post_title":"","_bst_post_layout":"","_bst_post_sidebar_id":"","_bst_post_content_style":"","_bst_post_vertical_padding":"","_bst_post_feature":"","_bst_post_feature_position":"","_bst_post_header":false,"_bst_post_footer":false},"product_brand":[],"product_cat":[143,144],"product_tag":[],"product_brands":[],"class_list":{"0":"post-9088","1":"product","2":"type-product","3":"status-publish","4":"has-post-thumbnail","6":"product_cat-television","7":"product_cat-televisions-smart","9":"first","10":"instock","11":"shipping-taxable","12":"purchasable","13":"product-type-simple","14":"entry","15":"content-bg","16":"loop-entry"},"_links":{"self":[{"href":"https:\/\/anopri.com\/index.php?rest_route=\/wp\/v2\/product\/9088","targetHints":{"allow":["GET"]}}],"collection":[{"href":"https:\/\/anopri.com\/index.php?rest_route=\/wp\/v2\/product"}],"about":[{"href":"https:\/\/anopri.com\/index.php?rest_route=\/wp\/v2\/types\/product"}],"replies":[{"embeddable":true,"href":"https:\/\/anopri.com\/index.php?rest_route=%2Fwp%2Fv2%2Fcomments&post=9088"}],"wp:featuredmedia":[{"embeddable":true,"href":"https:\/\/anopri.com\/index.php?rest_route=\/wp\/v2\/media\/8282"}],"wp:attachment":[{"href":"https:\/\/anopri.com\/index.php?rest_route=%2Fwp%2Fv2%2Fmedia&parent=9088"}],"wp:term":[{"taxonomy":"product_brand","embeddable":true,"href":"https:\/\/anopri.com\/index.php?rest_route=%2Fwp%2Fv2%2Fproduct_brand&post=9088"},{"taxonomy":"product_cat","embeddable":true,"href":"https:\/\/anopri.com\/index.php?rest_route=%2Fwp%2Fv2%2Fproduct_cat&post=9088"},{"taxonomy":"product_tag","embeddable":true,"href":"https:\/\/anopri.com\/index.php?rest_route=%2Fwp%2Fv2%2Fproduct_tag&post=9088"},{"taxonomy":"product_brands","embeddable":true,"href":"https:\/\/anopri.com\/index.php?rest_route=%2Fwp%2Fv2%2Fproduct_brands&post=9088"}],"curies":[{"name":"wp","href":"https:\/\/api.w.org\/{rel}","templated":true}]}}