{"id":9086,"date":"2026-04-25T13:07:10","date_gmt":"2026-04-25T13:07:10","guid":{"rendered":"https:\/\/anopri.com\/?post_type=product&#038;p=9086"},"modified":"2026-04-25T13:07:14","modified_gmt":"2026-04-25T13:07:14","slug":"nettoyeur-haute-pression-stihl-re-100-17-kw-230-v","status":"publish","type":"product","link":"https:\/\/anopri.com\/?product=nettoyeur-haute-pression-stihl-re-100-17-kw-230-v","title":{"rendered":"Nettoyeur Haute Pression Stihl RE 100 &#8211; 1,7 KW &#8211; 230 V"},"content":{"rendered":"<p>Le\u00a0<strong>nettoyeur haute pression Stihl RE 100<\/strong>\u00a0permet de laver \u00e0 fond et sans efforts les automobiles, les surfaces ext\u00e9rieures domestiques, comme les cours, les balcons, les terrasses, les escaliers et les cheminements. Solide et robuste, il est parfait pour nettoyer les\u00a0<strong>autos, les motos, les v\u00e9los, le mobilier ext\u00e9rieur et les outils de jardinage.<\/strong>\u00a0La bo\u00eete contient un pistolet, une lance et un flexible \u00e0 haute pression, une rotabuse pour \u00e9liminer la salet\u00e9 la plus tenace, une buse \u00e0\u00a0<strong>jet r\u00e9glable<\/strong>\u00a0pour varier la puissance du jet d&#8217;eau selon les besoins et une bouteille de savon liquide applicable au pistolet.<\/p>\n","protected":false},"excerpt":{"rendered":"<ul>\n<li><span data-sheets-value=\"{\" data-sheets-userformat=\"{\"><strong>Type de produit<\/strong>\u00a0: Nettoyeur Haute Pression<br \/>\n<\/span><\/li>\n<li><span data-sheets-value=\"{\" data-sheets-userformat=\"{\"><strong>Marque<\/strong>\u00a0: STIHL<br \/>\n<\/span><\/li>\n<li><span data-sheets-value=\"{\" data-sheets-userformat=\"{\"><strong>Mod\u00e8le<\/strong>\u00a0: RE 100<br \/>\n<\/span><\/li>\n<li><span data-sheets-value=\"{\" data-sheets-userformat=\"{\"><strong>Puissance<\/strong>\u00a0: 1,7 Kw<br \/>\n<\/span><\/li>\n<li><span data-sheets-value=\"{\" data-sheets-userformat=\"{\"><strong>Tension nominale<\/strong>\u00a0: 230 V<br \/>\n<\/span><\/li>\n<li><span data-sheets-value=\"{\" data-sheets-userformat=\"{\"><strong>Pression de travail<\/strong>\u00a0: 110 bar<br \/>\n<\/span><\/li>\n<li><span data-sheets-value=\"{\" data-sheets-userformat=\"{\"><strong>Pression max<\/strong>\u00a0: 120 bar<br \/>\n<\/span><\/li>\n<li><span data-sheets-value=\"{\" data-sheets-userformat=\"{\"><strong>D\u00e9bit d\u2019eau<\/strong>\u00a0: 380 l\/h<br \/>\n<\/span><\/li>\n<li><span data-sheets-value=\"{\" data-sheets-userformat=\"{\"><strong>D\u00e9bit d\u2019eau maximum<\/strong>\u00a0: 440 l\/h soit 7,3 l \/ min<br \/>\n<\/span><\/li>\n<li><span data-sheets-value=\"{\" data-sheets-userformat=\"{\"><strong>Temp\u00e9rature d\u2019eau admissible maxi<\/strong>\u00a0: 40 \u00b0C<br \/>\n<\/span><\/li>\n<li><span data-sheets-value=\"{\" data-sheets-userformat=\"{\"><strong>Niveau de puissance acoustique<\/strong>\u00a0: 81 dB(A)<br \/>\n<\/span><\/li>\n<li><span data-sheets-value=\"{\" data-sheets-userformat=\"{\">Equip\u00e9 d\u2019un kit de pulv\u00e9risation de d\u00e9tergent<br \/>\n<\/span><\/li>\n<li><span data-sheets-value=\"{\" data-sheets-userformat=\"{\"><strong>Longueur du flexible<\/strong>\u00a0: 6 m<br \/>\n<\/span><\/li>\n<li><span data-sheets-value=\"{\" data-sheets-userformat=\"{\"><strong>Longueur du c\u00e2ble \u00e9lectrique<\/strong>\u00a0: 5 m<br \/>\n<\/span><\/li>\n<li><span data-sheets-value=\"{\" data-sheets-userformat=\"{\"><strong>Poids :<\/strong>\u00a016,5 kg<br \/>\n<\/span><\/li>\n<li><span data-sheets-value=\"{\" data-sheets-userformat=\"{\"><strong>Garantie<\/strong>\u00a0: 6 Mois<br \/>\n<\/span><\/li>\n<\/ul>\n","protected":false},"featured_media":8280,"comment_status":"open","ping_status":"closed","template":"","meta":{"_bst_post_transparent":"","_bst_post_title":"","_bst_post_layout":"","_bst_post_sidebar_id":"","_bst_post_content_style":"","_bst_post_vertical_padding":"","_bst_post_feature":"","_bst_post_feature_position":"","_bst_post_header":false,"_bst_post_footer":false},"product_brand":[],"product_cat":[156],"product_tag":[],"product_brands":[],"class_list":{"0":"post-9086","1":"product","2":"type-product","3":"status-publish","4":"has-post-thumbnail","6":"product_cat-outillages-et-petits-materiels-a-main","8":"first","9":"instock","10":"shipping-taxable","11":"purchasable","12":"product-type-simple","13":"entry","14":"content-bg","15":"loop-entry"},"_links":{"self":[{"href":"https:\/\/anopri.com\/index.php?rest_route=\/wp\/v2\/product\/9086","targetHints":{"allow":["GET"]}}],"collection":[{"href":"https:\/\/anopri.com\/index.php?rest_route=\/wp\/v2\/product"}],"about":[{"href":"https:\/\/anopri.com\/index.php?rest_route=\/wp\/v2\/types\/product"}],"replies":[{"embeddable":true,"href":"https:\/\/anopri.com\/index.php?rest_route=%2Fwp%2Fv2%2Fcomments&post=9086"}],"wp:featuredmedia":[{"embeddable":true,"href":"https:\/\/anopri.com\/index.php?rest_route=\/wp\/v2\/media\/8280"}],"wp:attachment":[{"href":"https:\/\/anopri.com\/index.php?rest_route=%2Fwp%2Fv2%2Fmedia&parent=9086"}],"wp:term":[{"taxonomy":"product_brand","embeddable":true,"href":"https:\/\/anopri.com\/index.php?rest_route=%2Fwp%2Fv2%2Fproduct_brand&post=9086"},{"taxonomy":"product_cat","embeddable":true,"href":"https:\/\/anopri.com\/index.php?rest_route=%2Fwp%2Fv2%2Fproduct_cat&post=9086"},{"taxonomy":"product_tag","embeddable":true,"href":"https:\/\/anopri.com\/index.php?rest_route=%2Fwp%2Fv2%2Fproduct_tag&post=9086"},{"taxonomy":"product_brands","embeddable":true,"href":"https:\/\/anopri.com\/index.php?rest_route=%2Fwp%2Fv2%2Fproduct_brands&post=9086"}],"curies":[{"name":"wp","href":"https:\/\/api.w.org\/{rel}","templated":true}]}}