{"id":9085,"date":"2026-04-25T13:07:10","date_gmt":"2026-04-25T13:07:10","guid":{"rendered":"https:\/\/anopri.com\/?post_type=product&#038;p=9085"},"modified":"2026-04-25T13:07:14","modified_gmt":"2026-04-25T13:07:14","slug":"nettoyeur-de-vitres-karcher-wv-2-plus","status":"publish","type":"product","link":"https:\/\/anopri.com\/?product=nettoyeur-de-vitres-karcher-wv-2-plus","title":{"rendered":"Nettoyeur de Vitres &#8211; KARCHER WV 2 PLUS"},"content":{"rendered":"<p>Endurant, le\u00a0<strong>WV 2 Plus\u00a0<\/strong>permet de nettoyer jusqu&#8217;\u00e0 35 fen\u00eatres en une seule charge soit 105m2 de surface vitr\u00e9e. Il nettoie les\u00a0<strong>vitres facilement<\/strong>\u00a0sans laisser de trace ni de goutte.<\/p>\n<p>Silencieux, petit, sans fil et tr\u00e8s l\u00e9ger ,\u00a0 le<strong>\u00a0Nettoyeur de Vitres &#8211; KARCHER WV 2 PLUS<\/strong>\u00a0offre une grande libert\u00e9 de mouvement. Il aspire l\u2019eau sale et ne laisse aucune trace sur les vitres, miroirs, cabines de douche, etc.<\/p>\n<p>Le a un niveau de batterie est consultable gr\u00e2ce \u00e0 un indicateur LED et le temps de charge est rapide. Solution compl\u00e8te de nettoyage, il int\u00e8gre un pulv\u00e9risateur 2 en 1\u00a0 \u00e9quip\u00e9 de sa bonnette microfibre,et vient \u00e0 \u00e9liminer la salet\u00e9 incrust\u00e9e sans effort.<\/p>\n<p>La raclette aspirante de 28 cm couvre une grande surface en un passage. Amovible, elle permet d\u2019adapter une seconde raclette de 17 cm, sp\u00e9cialement con\u00e7ue pour les petits carreaux. Le r\u00e9sultat est impeccable, en trois fois moins de temps qu\u2019avec une m\u00e9thode classique.<\/p>\n","protected":false},"excerpt":{"rendered":"<ul>\n<li><strong>Type du produit :<\/strong>\u00a0Nettoyeur de Vitres<\/li>\n<li><strong>Marque:<\/strong>\u00a0KARCHER<\/li>\n<li><strong>Mod\u00e8le :<\/strong>\u00a0WV 2 PLUS<\/li>\n<li><strong>Largeur de travail de la raclette aspirante (mm) :<\/strong>\u00a0280<\/li>\n<li><strong>Largeur de travail de la raclette petits carreaux (mm) :<\/strong>\u00a0170<\/li>\n<li><strong>Volume du r\u00e9servoir d&#8217;eau sale (ml) :<\/strong>\u00a0100<\/li>\n<li><strong>Autonomie de la batterie (min) :<\/strong>\u00a035<\/li>\n<li><strong>Temps de charge de la batterie (min) :<\/strong>\u00a0185<\/li>\n<li><strong>Type de batterie :<\/strong>\u00a0Batterie lithium-ion<\/li>\n<li><strong>Surface nettoy\u00e9e avec une charge de batterie :<\/strong>\u00a0Approx. 105 m\u00b2 = 35 fen\u00eatres<\/li>\n<li><strong>Raccordement \u00e9lectrique (V\/Hz) :<\/strong>\u00a0100 &#8211; 240 \/ 50 &#8211; 60<\/li>\n<li><strong>Poids avec batterie (kg) :<\/strong>\u00a00,6<\/li>\n<li><strong>Poids (sans accessoires) (kg) :<\/strong>\u00a00,6<\/li>\n<li><strong>Poids (emballage inclus) (kg) :<\/strong>\u00a01,2<\/li>\n<li><strong>Dimensions (L x l x h) (mm) :<\/strong>\u00a0120 x 280 x 320<\/li>\n<li><strong>\u00c9quipement :<\/strong>\u00a0Chargeur de batterie<br \/>\n: Pulv\u00e9risateur standard avec bonnette microfibre<br \/>\n: Nettoyant vitres concentr\u00e9 (1 x 20 ml)<br \/>\n: Raclette aspirante interchangeable<\/li>\n<li><strong>Garantie :<\/strong>\u00a06 mois<\/li>\n<\/ul>\n","protected":false},"featured_media":8279,"comment_status":"open","ping_status":"closed","template":"","meta":{"_bst_post_transparent":"","_bst_post_title":"","_bst_post_layout":"","_bst_post_sidebar_id":"","_bst_post_content_style":"","_bst_post_vertical_padding":"","_bst_post_feature":"","_bst_post_feature_position":"","_bst_post_header":false,"_bst_post_footer":false},"product_brand":[],"product_cat":[156],"product_tag":[],"product_brands":[],"class_list":{"0":"post-9085","1":"product","2":"type-product","3":"status-publish","4":"has-post-thumbnail","6":"product_cat-outillages-et-petits-materiels-a-main","8":"first","9":"instock","10":"shipping-taxable","11":"purchasable","12":"product-type-simple","13":"entry","14":"content-bg","15":"loop-entry"},"_links":{"self":[{"href":"https:\/\/anopri.com\/index.php?rest_route=\/wp\/v2\/product\/9085","targetHints":{"allow":["GET"]}}],"collection":[{"href":"https:\/\/anopri.com\/index.php?rest_route=\/wp\/v2\/product"}],"about":[{"href":"https:\/\/anopri.com\/index.php?rest_route=\/wp\/v2\/types\/product"}],"replies":[{"embeddable":true,"href":"https:\/\/anopri.com\/index.php?rest_route=%2Fwp%2Fv2%2Fcomments&post=9085"}],"wp:featuredmedia":[{"embeddable":true,"href":"https:\/\/anopri.com\/index.php?rest_route=\/wp\/v2\/media\/8279"}],"wp:attachment":[{"href":"https:\/\/anopri.com\/index.php?rest_route=%2Fwp%2Fv2%2Fmedia&parent=9085"}],"wp:term":[{"taxonomy":"product_brand","embeddable":true,"href":"https:\/\/anopri.com\/index.php?rest_route=%2Fwp%2Fv2%2Fproduct_brand&post=9085"},{"taxonomy":"product_cat","embeddable":true,"href":"https:\/\/anopri.com\/index.php?rest_route=%2Fwp%2Fv2%2Fproduct_cat&post=9085"},{"taxonomy":"product_tag","embeddable":true,"href":"https:\/\/anopri.com\/index.php?rest_route=%2Fwp%2Fv2%2Fproduct_tag&post=9085"},{"taxonomy":"product_brands","embeddable":true,"href":"https:\/\/anopri.com\/index.php?rest_route=%2Fwp%2Fv2%2Fproduct_brands&post=9085"}],"curies":[{"name":"wp","href":"https:\/\/api.w.org\/{rel}","templated":true}]}}