{"id":9082,"date":"2026-04-25T13:07:10","date_gmt":"2026-04-25T13:07:10","guid":{"rendered":"https:\/\/anopri.com\/?post_type=product&#038;p=9082"},"modified":"2026-04-25T13:07:13","modified_gmt":"2026-04-25T13:07:13","slug":"nettoyeur-haute-pression-portable-ingco-hpwr13018-80-bar-1300w","status":"publish","type":"product","link":"https:\/\/anopri.com\/?product=nettoyeur-haute-pression-portable-ingco-hpwr13018-80-bar-1300w","title":{"rendered":"Nettoyeur Haute Pression Portable INGCO HPWR13018 &#8211; 80 BAR -1300W"},"content":{"rendered":"<p>D\u00e9couvrez le\u00a0<strong>nettoyeur haute pression portable INGCO HPWR13018,<\/strong>\u00a0un v\u00e9ritable bijou technologique qui va r\u00e9volutionner votre exp\u00e9rience de nettoyage ! Ce nettoyeur haute pression est le parfait alli\u00e9 pour faire face aux t\u00e2ches m\u00e9nag\u00e8res les plus tenaces. Gr\u00e2ce \u00e0 ses caract\u00e9ristiques de pointe, il vous permettra d&#8217;obtenir des<strong>\u00a0r\u00e9sultats \u00e9poustouflants<\/strong>, tout en vous offrant un\u00a0<strong>grand confort d&#8217;utilisation<\/strong>.\u00a0Ce nettoyeur haute pression INGCO est un produit de qualit\u00e9 sup\u00e9rieure qui allie fiabilit\u00e9 et performance. Arborant fi\u00e8rement la marque INGCO, gage de confiance et de durabilit\u00e9, il est con\u00e7u pour vous accompagner dans toutes vos t\u00e2ches de nettoyage, aussi bien \u00e0 la maison qu&#8217;\u00e0 l&#8217;ext\u00e9rieur.<\/p>\n","protected":false},"excerpt":{"rendered":"<ul>\n<li><span data-sheets-value=\"{&quot;1&quot;:2,&quot;2&quot;:&quot;- Type du produit : Nettoyeur Haute Pression\\n- Marque: INGCO \\n- Mod\u00e8le : HPWR13018\\n- Tension : 220-240V~50Hz\\n- Moteur \u00e0 induction \u00e0 fil de cuivr\\n- Puissance d'entr\u00e9e : 1300\\n- Pression maximale : 80Bar (1160PSI)\\n- D\u00e9bit : 6.5L\/min\\n- 1 jeu de pistolet de pulv\u00e9risation d'eau\\n- 1pcs 8m de tuyau haute pression\\n- 1pcs 1.5m tuyau d'entr\u00e9e\\n- 1pcs raccord rapide\\n- Emball\u00e9 dans une bo\u00eete de couleur\\n- Garantie : 6 mois\\n- Condition (neuf, occasion, refurbished): Neuf&quot;}\" data-sheets-userformat=\"{&quot;2&quot;:4227,&quot;3&quot;:{&quot;1&quot;:0,&quot;3&quot;:1},&quot;4&quot;:{&quot;1&quot;:2,&quot;2&quot;:16777215},&quot;10&quot;:2,&quot;15&quot;:&quot;Arial&quot;}\"><strong>Type de produit\u00a0<\/strong>: Nettoyeur Haute Pression<br \/>\n<\/span><\/li>\n<li><span data-sheets-value=\"{&quot;1&quot;:2,&quot;2&quot;:&quot;- Type du produit : Nettoyeur Haute Pression\\n- Marque: INGCO \\n- Mod\u00e8le : HPWR13018\\n- Tension : 220-240V~50Hz\\n- Moteur \u00e0 induction \u00e0 fil de cuivr\\n- Puissance d'entr\u00e9e : 1300\\n- Pression maximale : 80Bar (1160PSI)\\n- D\u00e9bit : 6.5L\/min\\n- 1 jeu de pistolet de pulv\u00e9risation d'eau\\n- 1pcs 8m de tuyau haute pression\\n- 1pcs 1.5m tuyau d'entr\u00e9e\\n- 1pcs raccord rapide\\n- Emball\u00e9 dans une bo\u00eete de couleur\\n- Garantie : 6 mois\\n- Condition (neuf, occasion, refurbished): Neuf&quot;}\" data-sheets-userformat=\"{&quot;2&quot;:4227,&quot;3&quot;:{&quot;1&quot;:0,&quot;3&quot;:1},&quot;4&quot;:{&quot;1&quot;:2,&quot;2&quot;:16777215},&quot;10&quot;:2,&quot;15&quot;:&quot;Arial&quot;}\"><strong>Marque:<\/strong>\u00a0INGCO<br \/>\n<\/span><\/li>\n<li><span data-sheets-value=\"{&quot;1&quot;:2,&quot;2&quot;:&quot;- Type du produit : Nettoyeur Haute Pression\\n- Marque: INGCO \\n- Mod\u00e8le : HPWR13018\\n- Tension : 220-240V~50Hz\\n- Moteur \u00e0 induction \u00e0 fil de cuivr\\n- Puissance d'entr\u00e9e : 1300\\n- Pression maximale : 80Bar (1160PSI)\\n- D\u00e9bit : 6.5L\/min\\n- 1 jeu de pistolet de pulv\u00e9risation d'eau\\n- 1pcs 8m de tuyau haute pression\\n- 1pcs 1.5m tuyau d'entr\u00e9e\\n- 1pcs raccord rapide\\n- Emball\u00e9 dans une bo\u00eete de couleur\\n- Garantie : 6 mois\\n- Condition (neuf, occasion, refurbished): Neuf&quot;}\" data-sheets-userformat=\"{&quot;2&quot;:4227,&quot;3&quot;:{&quot;1&quot;:0,&quot;3&quot;:1},&quot;4&quot;:{&quot;1&quot;:2,&quot;2&quot;:16777215},&quot;10&quot;:2,&quot;15&quot;:&quot;Arial&quot;}\"><strong>Mod\u00e8le\u00a0<\/strong>: HPWR13018<br \/>\n<\/span><\/li>\n<li><span data-sheets-value=\"{&quot;1&quot;:2,&quot;2&quot;:&quot;- Type du produit : Nettoyeur Haute Pression\\n- Marque: INGCO \\n- Mod\u00e8le : HPWR13018\\n- Tension : 220-240V~50Hz\\n- Moteur \u00e0 induction \u00e0 fil de cuivr\\n- Puissance d'entr\u00e9e : 1300\\n- Pression maximale : 80Bar (1160PSI)\\n- D\u00e9bit : 6.5L\/min\\n- 1 jeu de pistolet de pulv\u00e9risation d'eau\\n- 1pcs 8m de tuyau haute pression\\n- 1pcs 1.5m tuyau d'entr\u00e9e\\n- 1pcs raccord rapide\\n- Emball\u00e9 dans une bo\u00eete de couleur\\n- Garantie : 6 mois\\n- Condition (neuf, occasion, refurbished): Neuf&quot;}\" data-sheets-userformat=\"{&quot;2&quot;:4227,&quot;3&quot;:{&quot;1&quot;:0,&quot;3&quot;:1},&quot;4&quot;:{&quot;1&quot;:2,&quot;2&quot;:16777215},&quot;10&quot;:2,&quot;15&quot;:&quot;Arial&quot;}\"><strong>Tension :<\/strong>\u00a0220-240V~50Hz<br \/>\n<\/span><\/li>\n<li><span data-sheets-value=\"{&quot;1&quot;:2,&quot;2&quot;:&quot;- Type du produit : Nettoyeur Haute Pression\\n- Marque: INGCO \\n- Mod\u00e8le : HPWR13018\\n- Tension : 220-240V~50Hz\\n- Moteur \u00e0 induction \u00e0 fil de cuivr\\n- Puissance d'entr\u00e9e : 1300\\n- Pression maximale : 80Bar (1160PSI)\\n- D\u00e9bit : 6.5L\/min\\n- 1 jeu de pistolet de pulv\u00e9risation d'eau\\n- 1pcs 8m de tuyau haute pression\\n- 1pcs 1.5m tuyau d'entr\u00e9e\\n- 1pcs raccord rapide\\n- Emball\u00e9 dans une bo\u00eete de couleur\\n- Garantie : 6 mois\\n- Condition (neuf, occasion, refurbished): Neuf&quot;}\" data-sheets-userformat=\"{&quot;2&quot;:4227,&quot;3&quot;:{&quot;1&quot;:0,&quot;3&quot;:1},&quot;4&quot;:{&quot;1&quot;:2,&quot;2&quot;:16777215},&quot;10&quot;:2,&quot;15&quot;:&quot;Arial&quot;}\">Moteur \u00e0 induction \u00e0 fil de cuivr<br \/>\n<\/span><\/li>\n<li><span data-sheets-value=\"{&quot;1&quot;:2,&quot;2&quot;:&quot;- Type du produit : Nettoyeur Haute Pression\\n- Marque: INGCO \\n- Mod\u00e8le : HPWR13018\\n- Tension : 220-240V~50Hz\\n- Moteur \u00e0 induction \u00e0 fil de cuivr\\n- Puissance d'entr\u00e9e : 1300\\n- Pression maximale : 80Bar (1160PSI)\\n- D\u00e9bit : 6.5L\/min\\n- 1 jeu de pistolet de pulv\u00e9risation d'eau\\n- 1pcs 8m de tuyau haute pression\\n- 1pcs 1.5m tuyau d'entr\u00e9e\\n- 1pcs raccord rapide\\n- Emball\u00e9 dans une bo\u00eete de couleur\\n- Garantie : 6 mois\\n- Condition (neuf, occasion, refurbished): Neuf&quot;}\" data-sheets-userformat=\"{&quot;2&quot;:4227,&quot;3&quot;:{&quot;1&quot;:0,&quot;3&quot;:1},&quot;4&quot;:{&quot;1&quot;:2,&quot;2&quot;:16777215},&quot;10&quot;:2,&quot;15&quot;:&quot;Arial&quot;}\"><strong>Puissance d&#8217;entr\u00e9e\u00a0<\/strong>: 1300<br \/>\n<\/span><\/li>\n<li><span data-sheets-value=\"{&quot;1&quot;:2,&quot;2&quot;:&quot;- Type du produit : Nettoyeur Haute Pression\\n- Marque: INGCO \\n- Mod\u00e8le : HPWR13018\\n- Tension : 220-240V~50Hz\\n- Moteur \u00e0 induction \u00e0 fil de cuivr\\n- Puissance d'entr\u00e9e : 1300\\n- Pression maximale : 80Bar (1160PSI)\\n- D\u00e9bit : 6.5L\/min\\n- 1 jeu de pistolet de pulv\u00e9risation d'eau\\n- 1pcs 8m de tuyau haute pression\\n- 1pcs 1.5m tuyau d'entr\u00e9e\\n- 1pcs raccord rapide\\n- Emball\u00e9 dans une bo\u00eete de couleur\\n- Garantie : 6 mois\\n- Condition (neuf, occasion, refurbished): Neuf&quot;}\" data-sheets-userformat=\"{&quot;2&quot;:4227,&quot;3&quot;:{&quot;1&quot;:0,&quot;3&quot;:1},&quot;4&quot;:{&quot;1&quot;:2,&quot;2&quot;:16777215},&quot;10&quot;:2,&quot;15&quot;:&quot;Arial&quot;}\"><strong>Pression maximale :\u00a0<\/strong>80Bar (1160PSI)<br \/>\n<\/span><\/li>\n<li><span data-sheets-value=\"{&quot;1&quot;:2,&quot;2&quot;:&quot;- Type du produit : Nettoyeur Haute Pression\\n- Marque: INGCO \\n- Mod\u00e8le : HPWR13018\\n- Tension : 220-240V~50Hz\\n- Moteur \u00e0 induction \u00e0 fil de cuivr\\n- Puissance d'entr\u00e9e : 1300\\n- Pression maximale : 80Bar (1160PSI)\\n- D\u00e9bit : 6.5L\/min\\n- 1 jeu de pistolet de pulv\u00e9risation d'eau\\n- 1pcs 8m de tuyau haute pression\\n- 1pcs 1.5m tuyau d'entr\u00e9e\\n- 1pcs raccord rapide\\n- Emball\u00e9 dans une bo\u00eete de couleur\\n- Garantie : 6 mois\\n- Condition (neuf, occasion, refurbished): Neuf&quot;}\" data-sheets-userformat=\"{&quot;2&quot;:4227,&quot;3&quot;:{&quot;1&quot;:0,&quot;3&quot;:1},&quot;4&quot;:{&quot;1&quot;:2,&quot;2&quot;:16777215},&quot;10&quot;:2,&quot;15&quot;:&quot;Arial&quot;}\"><strong>D\u00e9bit :<\/strong>\u00a06.5L\/min<br \/>\n<\/span><\/li>\n<li><span data-sheets-value=\"{&quot;1&quot;:2,&quot;2&quot;:&quot;- Type du produit : Nettoyeur Haute Pression\\n- Marque: INGCO \\n- Mod\u00e8le : HPWR13018\\n- Tension : 220-240V~50Hz\\n- Moteur \u00e0 induction \u00e0 fil de cuivr\\n- Puissance d'entr\u00e9e : 1300\\n- Pression maximale : 80Bar (1160PSI)\\n- D\u00e9bit : 6.5L\/min\\n- 1 jeu de pistolet de pulv\u00e9risation d'eau\\n- 1pcs 8m de tuyau haute pression\\n- 1pcs 1.5m tuyau d'entr\u00e9e\\n- 1pcs raccord rapide\\n- Emball\u00e9 dans une bo\u00eete de couleur\\n- Garantie : 6 mois\\n- Condition (neuf, occasion, refurbished): Neuf&quot;}\" data-sheets-userformat=\"{&quot;2&quot;:4227,&quot;3&quot;:{&quot;1&quot;:0,&quot;3&quot;:1},&quot;4&quot;:{&quot;1&quot;:2,&quot;2&quot;:16777215},&quot;10&quot;:2,&quot;15&quot;:&quot;Arial&quot;}\">1 jeu de pistolet de pulv\u00e9risation d&#8217;eau<br \/>\n<\/span><\/li>\n<li><span data-sheets-value=\"{&quot;1&quot;:2,&quot;2&quot;:&quot;- Type du produit : Nettoyeur Haute Pression\\n- Marque: INGCO \\n- Mod\u00e8le : HPWR13018\\n- Tension : 220-240V~50Hz\\n- Moteur \u00e0 induction \u00e0 fil de cuivr\\n- Puissance d'entr\u00e9e : 1300\\n- Pression maximale : 80Bar (1160PSI)\\n- D\u00e9bit : 6.5L\/min\\n- 1 jeu de pistolet de pulv\u00e9risation d'eau\\n- 1pcs 8m de tuyau haute pression\\n- 1pcs 1.5m tuyau d'entr\u00e9e\\n- 1pcs raccord rapide\\n- Emball\u00e9 dans une bo\u00eete de couleur\\n- Garantie : 6 mois\\n- Condition (neuf, occasion, refurbished): Neuf&quot;}\" data-sheets-userformat=\"{&quot;2&quot;:4227,&quot;3&quot;:{&quot;1&quot;:0,&quot;3&quot;:1},&quot;4&quot;:{&quot;1&quot;:2,&quot;2&quot;:16777215},&quot;10&quot;:2,&quot;15&quot;:&quot;Arial&quot;}\">1pcs 8m de tuyau haute pression<br \/>\n<\/span><\/li>\n<li><span data-sheets-value=\"{&quot;1&quot;:2,&quot;2&quot;:&quot;- Type du produit : Nettoyeur Haute Pression\\n- Marque: INGCO \\n- Mod\u00e8le : HPWR13018\\n- Tension : 220-240V~50Hz\\n- Moteur \u00e0 induction \u00e0 fil de cuivr\\n- Puissance d'entr\u00e9e : 1300\\n- Pression maximale : 80Bar (1160PSI)\\n- D\u00e9bit : 6.5L\/min\\n- 1 jeu de pistolet de pulv\u00e9risation d'eau\\n- 1pcs 8m de tuyau haute pression\\n- 1pcs 1.5m tuyau d'entr\u00e9e\\n- 1pcs raccord rapide\\n- Emball\u00e9 dans une bo\u00eete de couleur\\n- Garantie : 6 mois\\n- Condition (neuf, occasion, refurbished): Neuf&quot;}\" data-sheets-userformat=\"{&quot;2&quot;:4227,&quot;3&quot;:{&quot;1&quot;:0,&quot;3&quot;:1},&quot;4&quot;:{&quot;1&quot;:2,&quot;2&quot;:16777215},&quot;10&quot;:2,&quot;15&quot;:&quot;Arial&quot;}\">1pcs 1.5m tuyau d&#8217;entr\u00e9e<br \/>\n<\/span><\/li>\n<li><span data-sheets-value=\"{&quot;1&quot;:2,&quot;2&quot;:&quot;- Type du produit : Nettoyeur Haute Pression\\n- Marque: INGCO \\n- Mod\u00e8le : HPWR13018\\n- Tension : 220-240V~50Hz\\n- Moteur \u00e0 induction \u00e0 fil de cuivr\\n- Puissance d'entr\u00e9e : 1300\\n- Pression maximale : 80Bar (1160PSI)\\n- D\u00e9bit : 6.5L\/min\\n- 1 jeu de pistolet de pulv\u00e9risation d'eau\\n- 1pcs 8m de tuyau haute pression\\n- 1pcs 1.5m tuyau d'entr\u00e9e\\n- 1pcs raccord rapide\\n- Emball\u00e9 dans une bo\u00eete de couleur\\n- Garantie : 6 mois\\n- Condition (neuf, occasion, refurbished): Neuf&quot;}\" data-sheets-userformat=\"{&quot;2&quot;:4227,&quot;3&quot;:{&quot;1&quot;:0,&quot;3&quot;:1},&quot;4&quot;:{&quot;1&quot;:2,&quot;2&quot;:16777215},&quot;10&quot;:2,&quot;15&quot;:&quot;Arial&quot;}\">1pcs raccord rapide<br \/>\n<\/span><\/li>\n<li><span data-sheets-value=\"{&quot;1&quot;:2,&quot;2&quot;:&quot;- Type du produit : Nettoyeur Haute Pression\\n- Marque: INGCO \\n- Mod\u00e8le : HPWR13018\\n- Tension : 220-240V~50Hz\\n- Moteur \u00e0 induction \u00e0 fil de cuivr\\n- Puissance d'entr\u00e9e : 1300\\n- Pression maximale : 80Bar (1160PSI)\\n- D\u00e9bit : 6.5L\/min\\n- 1 jeu de pistolet de pulv\u00e9risation d'eau\\n- 1pcs 8m de tuyau haute pression\\n- 1pcs 1.5m tuyau d'entr\u00e9e\\n- 1pcs raccord rapide\\n- Emball\u00e9 dans une bo\u00eete de couleur\\n- Garantie : 6 mois\\n- Condition (neuf, occasion, refurbished): Neuf&quot;}\" data-sheets-userformat=\"{&quot;2&quot;:4227,&quot;3&quot;:{&quot;1&quot;:0,&quot;3&quot;:1},&quot;4&quot;:{&quot;1&quot;:2,&quot;2&quot;:16777215},&quot;10&quot;:2,&quot;15&quot;:&quot;Arial&quot;}\">Emball\u00e9 dans une bo\u00eete de couleur<br \/>\n<\/span><\/li>\n<li><span data-sheets-value=\"{&quot;1&quot;:2,&quot;2&quot;:&quot;- Type du produit : Nettoyeur Haute Pression\\n- Marque: INGCO \\n- Mod\u00e8le : HPWR13018\\n- Tension : 220-240V~50Hz\\n- Moteur \u00e0 induction \u00e0 fil de cuivr\\n- Puissance d'entr\u00e9e : 1300\\n- Pression maximale : 80Bar (1160PSI)\\n- D\u00e9bit : 6.5L\/min\\n- 1 jeu de pistolet de pulv\u00e9risation d'eau\\n- 1pcs 8m de tuyau haute pression\\n- 1pcs 1.5m tuyau d'entr\u00e9e\\n- 1pcs raccord rapide\\n- Emball\u00e9 dans une bo\u00eete de couleur\\n- Garantie : 6 mois\\n- Condition (neuf, occasion, refurbished): Neuf&quot;}\" data-sheets-userformat=\"{&quot;2&quot;:4227,&quot;3&quot;:{&quot;1&quot;:0,&quot;3&quot;:1},&quot;4&quot;:{&quot;1&quot;:2,&quot;2&quot;:16777215},&quot;10&quot;:2,&quot;15&quot;:&quot;Arial&quot;}\"><strong>Garantie :<\/strong>\u00a06 Mois<\/span><\/li>\n<\/ul>\n","protected":false},"featured_media":8276,"comment_status":"open","ping_status":"closed","template":"","meta":{"_bst_post_transparent":"","_bst_post_title":"","_bst_post_layout":"","_bst_post_sidebar_id":"","_bst_post_content_style":"","_bst_post_vertical_padding":"","_bst_post_feature":"","_bst_post_feature_position":"","_bst_post_header":false,"_bst_post_footer":false},"product_brand":[],"product_cat":[156],"product_tag":[],"product_brands":[],"class_list":{"0":"post-9082","1":"product","2":"type-product","3":"status-publish","4":"has-post-thumbnail","6":"product_cat-outillages-et-petits-materiels-a-main","8":"first","9":"instock","10":"shipping-taxable","11":"purchasable","12":"product-type-simple","13":"entry","14":"content-bg","15":"loop-entry"},"_links":{"self":[{"href":"https:\/\/anopri.com\/index.php?rest_route=\/wp\/v2\/product\/9082","targetHints":{"allow":["GET"]}}],"collection":[{"href":"https:\/\/anopri.com\/index.php?rest_route=\/wp\/v2\/product"}],"about":[{"href":"https:\/\/anopri.com\/index.php?rest_route=\/wp\/v2\/types\/product"}],"replies":[{"embeddable":true,"href":"https:\/\/anopri.com\/index.php?rest_route=%2Fwp%2Fv2%2Fcomments&post=9082"}],"wp:featuredmedia":[{"embeddable":true,"href":"https:\/\/anopri.com\/index.php?rest_route=\/wp\/v2\/media\/8276"}],"wp:attachment":[{"href":"https:\/\/anopri.com\/index.php?rest_route=%2Fwp%2Fv2%2Fmedia&parent=9082"}],"wp:term":[{"taxonomy":"product_brand","embeddable":true,"href":"https:\/\/anopri.com\/index.php?rest_route=%2Fwp%2Fv2%2Fproduct_brand&post=9082"},{"taxonomy":"product_cat","embeddable":true,"href":"https:\/\/anopri.com\/index.php?rest_route=%2Fwp%2Fv2%2Fproduct_cat&post=9082"},{"taxonomy":"product_tag","embeddable":true,"href":"https:\/\/anopri.com\/index.php?rest_route=%2Fwp%2Fv2%2Fproduct_tag&post=9082"},{"taxonomy":"product_brands","embeddable":true,"href":"https:\/\/anopri.com\/index.php?rest_route=%2Fwp%2Fv2%2Fproduct_brands&post=9082"}],"curies":[{"name":"wp","href":"https:\/\/api.w.org\/{rel}","templated":true}]}}